{"id":2885,"date":"2019-04-19T06:26:08","date_gmt":"2019-04-19T06:26:08","guid":{"rendered":"http:\/\/veda.polac.cz\/?page_id=2885"},"modified":"2019-04-19T06:48:40","modified_gmt":"2019-04-19T06:48:40","slug":"4-2","status":"publish","type":"page","link":"https:\/\/veda.polac.cz\/?page_id=2885","title":{"rendered":""},"content":{"rendered":"<p style=\"text-align: center;\">Resum\u00e9 \u010dl\u00e1nku<\/p>\n<p><b>Komunika\u010dn\u00ed a medi\u00e1ln\u00ed strategie hnut\u00ed glob\u00e1ln\u00edho d\u017eih\u00e1du<\/b><br \/>\n<em>Mgr. Ji\u0159\u00ed Hodn\u00fd<\/em><\/p>\n<p>Autor stati se pokou\u0161\u00ed na z\u00e1klad\u011b dosavadn\u00edch zn\u00e1m\u00fdch poznatk\u016f nast\u00ednit obraz celkov\u00e9 medi\u00e1ln\u00ed a komunika\u010dn\u00ed strategie islamistick\u00e9ho hnut\u00ed glob\u00e1ln\u00edho d\u017eih\u00e1du. V\u00a0textu se zam\u011b\u0159uje na c\u00edle, prost\u0159edky, metody, t\u00e9mata, c\u00edlov\u00e9 skupiny a\u00a0oblasti psychologick\u00e9ho a medi\u00e1ln\u00edho p\u016fsoben\u00ed islamist\u016f, a to p\u0159edev\u0161\u00edm se z\u0159etelem na prost\u0159ed\u00ed internetu.<br \/>\n<b>Kl\u00ed\u010dov\u00e1 slova:<\/b>\u00a0isl\u00e1msk\u00fd terorismus, d\u017eih\u00e1d, komunika\u010dn\u00ed a medi\u00e1ln\u00ed strategie, oblasti komunikace, kyberprostor (angl. cyberspace).<\/p>\n<hr \/>\n<p><a href=\"https:\/\/veda.polac.cz\/?page_id=1636\">Zp\u011bt<\/a><\/p>\n","protected":false},"excerpt":{"rendered":"<p>Resum\u00e9 \u010dl\u00e1nku Komunika\u010dn\u00ed a medi\u00e1ln\u00ed strategie hnut\u00ed glob\u00e1ln\u00edho d\u017eih\u00e1du Mgr. Ji\u0159\u00ed Hodn\u00fd Autor stati se pokou\u0161\u00ed na z\u00e1klad\u011b dosavadn\u00edch zn\u00e1m\u00fdch poznatk\u016f nast\u00ednit obraz celkov\u00e9 medi\u00e1ln\u00ed a komunika\u010dn\u00ed strategie islamistick\u00e9ho hnut\u00ed glob\u00e1ln\u00edho d\u017eih\u00e1du. V\u00a0textu se zam\u011b\u0159uje na c\u00edle, prost\u0159edky, metody, t\u00e9mata, c\u00edlov\u00e9 skupiny a\u00a0oblasti psychologick\u00e9ho a medi\u00e1ln\u00edho p\u016fsoben\u00ed islamist\u016f, a to p\u0159edev\u0161\u00edm se z\u0159etelem na prost\u0159ed\u00ed [&hellip;]<\/p>\n","protected":false},"author":2,"featured_media":0,"parent":1636,"menu_order":0,"comment_status":"closed","ping_status":"closed","template":"","meta":{"footnotes":""},"class_list":["post-2885","page","type-page","status-publish","hentry"],"_links":{"self":[{"href":"https:\/\/veda.polac.cz\/index.php?rest_route=\/wp\/v2\/pages\/2885","targetHints":{"allow":["GET"]}}],"collection":[{"href":"https:\/\/veda.polac.cz\/index.php?rest_route=\/wp\/v2\/pages"}],"about":[{"href":"https:\/\/veda.polac.cz\/index.php?rest_route=\/wp\/v2\/types\/page"}],"author":[{"embeddable":true,"href":"https:\/\/veda.polac.cz\/index.php?rest_route=\/wp\/v2\/users\/2"}],"replies":[{"embeddable":true,"href":"https:\/\/veda.polac.cz\/index.php?rest_route=%2Fwp%2Fv2%2Fcomments&post=2885"}],"version-history":[{"count":2,"href":"https:\/\/veda.polac.cz\/index.php?rest_route=\/wp\/v2\/pages\/2885\/revisions"}],"predecessor-version":[{"id":2920,"href":"https:\/\/veda.polac.cz\/index.php?rest_route=\/wp\/v2\/pages\/2885\/revisions\/2920"}],"up":[{"embeddable":true,"href":"https:\/\/veda.polac.cz\/index.php?rest_route=\/wp\/v2\/pages\/1636"}],"wp:attachment":[{"href":"https:\/\/veda.polac.cz\/index.php?rest_route=%2Fwp%2Fv2%2Fmedia&parent=2885"}],"curies":[{"name":"wp","href":"https:\/\/api.w.org\/{rel}","templated":true}]}}