{"id":2883,"date":"2019-04-19T06:24:57","date_gmt":"2019-04-19T06:24:57","guid":{"rendered":"http:\/\/veda.polac.cz\/?page_id=2883"},"modified":"2019-04-19T06:48:38","modified_gmt":"2019-04-19T06:48:38","slug":"3-2","status":"publish","type":"page","link":"https:\/\/veda.polac.cz\/?page_id=2883","title":{"rendered":""},"content":{"rendered":"<p style=\"text-align: center;\">Resum\u00e9 \u010dl\u00e1nku<\/p>\n<p><b>Vybran\u00e9 aspekty fenom\u00e9nu terorismu<br \/>\n<\/b><em>plk. doc. PhDr. Marian Brzybohat\u00fd, Ph.D.<b><br \/>\n<\/b><\/em><\/p>\n<p>V\u00a0p\u0159edlo\u017een\u00e9m textu je terorismus ch\u00e1p\u00e1n jako metoda, taktika nebo strategie pou\u017eit\u00ed n\u00e1sil\u00ed za \u00fa\u010delem vyvol\u00e1n\u00ed psychologick\u00e9ho \u00faderu na c\u00edlov\u00e9 soci\u00e1ln\u00ed skupiny. Autor se zam\u011b\u0159uje na anal\u00fdzu vybran\u00fdch p\u0159\u00ed\u010dinn\u00fdch faktor\u016f terorismu a na osobn\u00ed motivaci terorist\u016f.<br \/>\n<b>Kl\u00ed\u010dov\u00e1 slova:\u00a0<\/b>teror, terorismus, taktika, strategie, politick\u00fd p\u0159\u00edstup, fyziologick\u00fd p\u0159\u00edstup, psychologick\u00fd p\u0159\u00edstup, motivace, frustrace, soci\u00e1ln\u00ed ovliv\u0148ov\u00e1n\u00ed.<\/p>\n<hr \/>\n<p><a href=\"https:\/\/veda.polac.cz\/?page_id=1636\">Zp\u011bt<\/a><\/p>\n","protected":false},"excerpt":{"rendered":"<p>Resum\u00e9 \u010dl\u00e1nku Vybran\u00e9 aspekty fenom\u00e9nu terorismu plk. doc. PhDr. Marian Brzybohat\u00fd, Ph.D. V\u00a0p\u0159edlo\u017een\u00e9m textu je terorismus ch\u00e1p\u00e1n jako metoda, taktika nebo strategie pou\u017eit\u00ed n\u00e1sil\u00ed za \u00fa\u010delem vyvol\u00e1n\u00ed psychologick\u00e9ho \u00faderu na c\u00edlov\u00e9 soci\u00e1ln\u00ed skupiny. Autor se zam\u011b\u0159uje na anal\u00fdzu vybran\u00fdch p\u0159\u00ed\u010dinn\u00fdch faktor\u016f terorismu a na osobn\u00ed motivaci terorist\u016f. Kl\u00ed\u010dov\u00e1 slova:\u00a0teror, terorismus, taktika, strategie, politick\u00fd p\u0159\u00edstup, fyziologick\u00fd [&hellip;]<\/p>\n","protected":false},"author":2,"featured_media":0,"parent":1636,"menu_order":0,"comment_status":"closed","ping_status":"closed","template":"","meta":{"footnotes":""},"class_list":["post-2883","page","type-page","status-publish","hentry"],"_links":{"self":[{"href":"https:\/\/veda.polac.cz\/index.php?rest_route=\/wp\/v2\/pages\/2883","targetHints":{"allow":["GET"]}}],"collection":[{"href":"https:\/\/veda.polac.cz\/index.php?rest_route=\/wp\/v2\/pages"}],"about":[{"href":"https:\/\/veda.polac.cz\/index.php?rest_route=\/wp\/v2\/types\/page"}],"author":[{"embeddable":true,"href":"https:\/\/veda.polac.cz\/index.php?rest_route=\/wp\/v2\/users\/2"}],"replies":[{"embeddable":true,"href":"https:\/\/veda.polac.cz\/index.php?rest_route=%2Fwp%2Fv2%2Fcomments&post=2883"}],"version-history":[{"count":2,"href":"https:\/\/veda.polac.cz\/index.php?rest_route=\/wp\/v2\/pages\/2883\/revisions"}],"predecessor-version":[{"id":2919,"href":"https:\/\/veda.polac.cz\/index.php?rest_route=\/wp\/v2\/pages\/2883\/revisions\/2919"}],"up":[{"embeddable":true,"href":"https:\/\/veda.polac.cz\/index.php?rest_route=\/wp\/v2\/pages\/1636"}],"wp:attachment":[{"href":"https:\/\/veda.polac.cz\/index.php?rest_route=%2Fwp%2Fv2%2Fmedia&parent=2883"}],"curies":[{"name":"wp","href":"https:\/\/api.w.org\/{rel}","templated":true}]}}