{"id":2881,"date":"2019-04-19T05:51:17","date_gmt":"2019-04-19T05:51:17","guid":{"rendered":"http:\/\/veda.polac.cz\/?page_id=2881"},"modified":"2019-04-19T06:48:36","modified_gmt":"2019-04-19T06:48:36","slug":"2-2","status":"publish","type":"page","link":"https:\/\/veda.polac.cz\/?page_id=2881","title":{"rendered":""},"content":{"rendered":"<p style=\"text-align: center;\">Resum\u00e9 \u010dl\u00e1nku<\/p>\n<p><b>Zahrani\u010dn\u00ed inspirace souvisej\u00edc\u00ed s\u00a0t\u00e9matem v\u00fdm\u011bny informac\u00ed a spolupr\u00e1ce slo\u017eek zapojen\u00fdch do boje proti terorismu<\/b><br \/>\n<em>Mgr. Old\u0159ich Krul\u00edk, Ph.D.<\/em><\/p>\n<p>T\u00e9ma v\u00fdm\u011bny informac\u00ed o problematice ohro\u017een\u00ed ze strany terorismu je jedn\u00edm z kl\u00ed\u010dov\u00fdch bezpe\u010dnostn\u00edch t\u00e9mat sou\u010dasnosti. Jednotliv\u00e9 zem\u011b sv\u011bta, ale i\u00a0Evrop-sk\u00e1 unie, hledaj\u00ed model, kter\u00fd by umo\u017enil sd\u00edlen\u00ed zejm\u00e9na policejn\u00edch a zpravodaj-sk\u00fdch zji\u0161t\u011bn\u00ed v situac\u00edch, kdy ka\u017ed\u00e1 prodleva m\u016f\u017ee b\u00fdt v\u00edce ne\u017e ne\u017e\u00e1douc\u00ed.<br \/>\n<b>Kl\u00ed\u010dov\u00e1 slova:<\/b>\u00a0terorismus, v\u00fdm\u011bna a sd\u00edlen\u00ed citliv\u00fdch informac\u00ed.<\/p>\n<hr \/>\n<p><a href=\"https:\/\/veda.polac.cz\/?page_id=1636\">Zp\u011bt<\/a><\/p>\n","protected":false},"excerpt":{"rendered":"<p>Resum\u00e9 \u010dl\u00e1nku Zahrani\u010dn\u00ed inspirace souvisej\u00edc\u00ed s\u00a0t\u00e9matem v\u00fdm\u011bny informac\u00ed a spolupr\u00e1ce slo\u017eek zapojen\u00fdch do boje proti terorismu Mgr. Old\u0159ich Krul\u00edk, Ph.D. T\u00e9ma v\u00fdm\u011bny informac\u00ed o problematice ohro\u017een\u00ed ze strany terorismu je jedn\u00edm z kl\u00ed\u010dov\u00fdch bezpe\u010dnostn\u00edch t\u00e9mat sou\u010dasnosti. Jednotliv\u00e9 zem\u011b sv\u011bta, ale i\u00a0Evrop-sk\u00e1 unie, hledaj\u00ed model, kter\u00fd by umo\u017enil sd\u00edlen\u00ed zejm\u00e9na policejn\u00edch a zpravodaj-sk\u00fdch zji\u0161t\u011bn\u00ed v situac\u00edch, [&hellip;]<\/p>\n","protected":false},"author":2,"featured_media":0,"parent":1636,"menu_order":0,"comment_status":"closed","ping_status":"closed","template":"","meta":{"footnotes":""},"class_list":["post-2881","page","type-page","status-publish","hentry"],"_links":{"self":[{"href":"https:\/\/veda.polac.cz\/index.php?rest_route=\/wp\/v2\/pages\/2881","targetHints":{"allow":["GET"]}}],"collection":[{"href":"https:\/\/veda.polac.cz\/index.php?rest_route=\/wp\/v2\/pages"}],"about":[{"href":"https:\/\/veda.polac.cz\/index.php?rest_route=\/wp\/v2\/types\/page"}],"author":[{"embeddable":true,"href":"https:\/\/veda.polac.cz\/index.php?rest_route=\/wp\/v2\/users\/2"}],"replies":[{"embeddable":true,"href":"https:\/\/veda.polac.cz\/index.php?rest_route=%2Fwp%2Fv2%2Fcomments&post=2881"}],"version-history":[{"count":2,"href":"https:\/\/veda.polac.cz\/index.php?rest_route=\/wp\/v2\/pages\/2881\/revisions"}],"predecessor-version":[{"id":2918,"href":"https:\/\/veda.polac.cz\/index.php?rest_route=\/wp\/v2\/pages\/2881\/revisions\/2918"}],"up":[{"embeddable":true,"href":"https:\/\/veda.polac.cz\/index.php?rest_route=\/wp\/v2\/pages\/1636"}],"wp:attachment":[{"href":"https:\/\/veda.polac.cz\/index.php?rest_route=%2Fwp%2Fv2%2Fmedia&parent=2881"}],"curies":[{"name":"wp","href":"https:\/\/api.w.org\/{rel}","templated":true}]}}