{"id":2858,"date":"2019-04-18T13:24:38","date_gmt":"2019-04-18T13:24:38","guid":{"rendered":"http:\/\/veda.polac.cz\/?page_id=2858"},"modified":"2019-04-18T13:28:18","modified_gmt":"2019-04-18T13:28:18","slug":"16-2","status":"publish","type":"page","link":"https:\/\/veda.polac.cz\/?page_id=2858","title":{"rendered":""},"content":{"rendered":"<p style=\"text-align: center;\">Resum\u00e9 \u010dl\u00e1nku<\/p>\n<p style=\"font-weight: 400;\"><strong>Modely managementu kvality<br \/>\n<\/strong><em>plk. JUDr. Franti\u0161ek Do\u010dekal<\/em><\/p>\n<p style=\"font-weight: 400;\">P\u0159\u00edsp\u011bvek se zab\u00fdv\u00e1 stru\u010dn\u00fdm popisem nej\u010dast\u011bji pou\u017e\u00edvan\u00fdch syst\u00e9m\u016f \u0159\u00edzen\u00ed, kter\u00e9 jsou za \u00fa\u010delem zvy\u0161ov\u00e1n\u00ed v\u00fdkonnosti a efektivity realizovateln\u00e9 i v\u00a0organizac\u00edch ve\u0159ejn\u00e9ho sektoru. Z\u00e1kladn\u00ed koncepce jsou v\u00a0t\u00e9to pr\u00e1ci reprezentov\u00e1ny Modelem kvality TQM (Total Quality management), Modelem Excelence EFQM (The EFQM Excellence Model), Modelem CAF (Common Assessment Framework) a souborem norem ISO 9000.<\/p>\n<p style=\"font-weight: 400;\">Kl\u00ed\u010dov\u00e1 slova: metody \u0159\u00edzen\u00ed, koncepce, management.<\/p>\n<hr \/>\n<p><a href=\"https:\/\/veda.polac.cz\/?page_id=1662\">Zp\u011bt<\/a><\/p>\n","protected":false},"excerpt":{"rendered":"<p>Resum\u00e9 \u010dl\u00e1nku Modely managementu kvality plk. JUDr. Franti\u0161ek Do\u010dekal P\u0159\u00edsp\u011bvek se zab\u00fdv\u00e1 stru\u010dn\u00fdm popisem nej\u010dast\u011bji pou\u017e\u00edvan\u00fdch syst\u00e9m\u016f \u0159\u00edzen\u00ed, kter\u00e9 jsou za \u00fa\u010delem zvy\u0161ov\u00e1n\u00ed v\u00fdkonnosti a efektivity realizovateln\u00e9 i v\u00a0organizac\u00edch ve\u0159ejn\u00e9ho sektoru. Z\u00e1kladn\u00ed koncepce jsou v\u00a0t\u00e9to pr\u00e1ci reprezentov\u00e1ny Modelem kvality TQM (Total Quality management), Modelem Excelence EFQM (The EFQM Excellence Model), Modelem CAF (Common Assessment Framework) [&hellip;]<\/p>\n","protected":false},"author":2,"featured_media":0,"parent":1662,"menu_order":0,"comment_status":"closed","ping_status":"closed","template":"","meta":{"footnotes":""},"class_list":["post-2858","page","type-page","status-publish","hentry"],"_links":{"self":[{"href":"https:\/\/veda.polac.cz\/index.php?rest_route=\/wp\/v2\/pages\/2858","targetHints":{"allow":["GET"]}}],"collection":[{"href":"https:\/\/veda.polac.cz\/index.php?rest_route=\/wp\/v2\/pages"}],"about":[{"href":"https:\/\/veda.polac.cz\/index.php?rest_route=\/wp\/v2\/types\/page"}],"author":[{"embeddable":true,"href":"https:\/\/veda.polac.cz\/index.php?rest_route=\/wp\/v2\/users\/2"}],"replies":[{"embeddable":true,"href":"https:\/\/veda.polac.cz\/index.php?rest_route=%2Fwp%2Fv2%2Fcomments&post=2858"}],"version-history":[{"count":2,"href":"https:\/\/veda.polac.cz\/index.php?rest_route=\/wp\/v2\/pages\/2858\/revisions"}],"predecessor-version":[{"id":2870,"href":"https:\/\/veda.polac.cz\/index.php?rest_route=\/wp\/v2\/pages\/2858\/revisions\/2870"}],"up":[{"embeddable":true,"href":"https:\/\/veda.polac.cz\/index.php?rest_route=\/wp\/v2\/pages\/1662"}],"wp:attachment":[{"href":"https:\/\/veda.polac.cz\/index.php?rest_route=%2Fwp%2Fv2%2Fmedia&parent=2858"}],"curies":[{"name":"wp","href":"https:\/\/api.w.org\/{rel}","templated":true}]}}