{"id":2854,"date":"2019-04-18T13:22:23","date_gmt":"2019-04-18T13:22:23","guid":{"rendered":"http:\/\/veda.polac.cz\/?page_id=2854"},"modified":"2019-04-18T13:28:12","modified_gmt":"2019-04-18T13:28:12","slug":"14-2","status":"publish","type":"page","link":"https:\/\/veda.polac.cz\/?page_id=2854","title":{"rendered":""},"content":{"rendered":"<p style=\"text-align: center;\">Resum\u00e9 \u010dl\u00e1nku<\/p>\n<p style=\"font-weight: 400;\"><strong>P\u0159\u00edsp\u011bvek k\u00a0anal\u00fdze vlivu lidsk\u00e9ho faktoru na \u00fasp\u011b\u0161nost hromadn\u00fdch bezpe\u010dnostn\u00edch kontrol prov\u00e1d\u011bn\u00fdch rentgenov\u00fdmi za\u0159\u00edzen\u00edmi<br \/>\n<\/strong><em>Mgr. Jitka Johanidesov\u00e1<\/em><\/p>\n<p style=\"font-weight: 400;\">Sd\u011blen\u00ed bylo zpracov\u00e1no v\u00a0r\u00e1mci zah\u00e1jen\u00ed \u0159e\u0161en\u00ed projektu \u201eVytvo\u0159en\u00ed informa\u010dn\u00ed b\u00e1ze pro zv\u00fd\u0161en\u00ed bezpe\u010dnostn\u00edch standard\u016f na ochranu mezin\u00e1rodn\u00edch leti\u0161\u0165 \u010cR\u201c<br \/>\n(\u010d. projektu CG741-009-220) v\u00a0r\u00e1mci N\u00e1rodn\u00edho programu v\u00fdzkumu v\u00a0gesci Ministr-stva dopravy, jeho\u017e \u0159e\u0161iteli jsou AZIN CZ, s.r.o. a PhDr. Miroslav Han\u00e1k &#8211; ITS Consulting a jako sou\u010d\u00e1st \u0159e\u0161en\u00ed v\u00fdzkumn\u00e9ho \u00fakolu PA \u010cR \u201eRentgenov\u00e1 detekce v\u00fdbu\u0161nin\u201c, jeho\u017e \u0159e\u0161itelem je Doc. RNDr. Jaroslav Ture\u010dek, Ph.D.<\/p>\n<p style=\"font-weight: 400;\">Sd\u011blen\u00ed identifikuje nejz\u00e1va\u017en\u011bj\u0161\u00ed faktory \u0159\u00edzen\u00ed lidsk\u00fdch zdroj\u016f p\u0159i zaji\u0161\u0165ov\u00e1n\u00ed hromadn\u00fdch bezpe\u010dnostn\u00edch kontrol pomoc\u00ed rentgenov\u00fdch za\u0159\u00edzen\u00ed v\u00a0civiln\u00edm letec-tv\u00ed. Rozeb\u00edr\u00e1 zp\u016fsoby p\u0159\u00edpravy a v\u00fdcviku oper\u00e1tor\u016f, vybran\u00e9 probl\u00e9my jejich moti-vace, zp\u016fsoby kontroly v\u00fdkonu jejich pr\u00e1ce, vztah lidsk\u00e9ho \u010dinitele a techniky a shr-nuje dal\u0161\u00ed sm\u011bry nutn\u00e9ho v\u00fdzkumu v\u00a0dan\u00e9 problematice.<\/p>\n<p style=\"font-weight: 400;\">Kl\u00ed\u010dov\u00e1 slova: bezpe\u010dnost civiln\u00edho letectv\u00ed, bezpe\u010dnostn\u00ed kontrola, v\u00fdcvik oper\u00e1tor\u016f RTG za\u0159\u00edzen\u00ed, lidsk\u00fd faktor a technick\u00e9 prost\u0159edky, dal\u0161\u00ed sm\u011bry v\u00fdzkumu.<\/p>\n<hr \/>\n<p><a href=\"https:\/\/veda.polac.cz\/?page_id=1662\">Zp\u011bt<\/a><\/p>\n","protected":false},"excerpt":{"rendered":"<p>Resum\u00e9 \u010dl\u00e1nku P\u0159\u00edsp\u011bvek k\u00a0anal\u00fdze vlivu lidsk\u00e9ho faktoru na \u00fasp\u011b\u0161nost hromadn\u00fdch bezpe\u010dnostn\u00edch kontrol prov\u00e1d\u011bn\u00fdch rentgenov\u00fdmi za\u0159\u00edzen\u00edmi Mgr. Jitka Johanidesov\u00e1 Sd\u011blen\u00ed bylo zpracov\u00e1no v\u00a0r\u00e1mci zah\u00e1jen\u00ed \u0159e\u0161en\u00ed projektu \u201eVytvo\u0159en\u00ed informa\u010dn\u00ed b\u00e1ze pro zv\u00fd\u0161en\u00ed bezpe\u010dnostn\u00edch standard\u016f na ochranu mezin\u00e1rodn\u00edch leti\u0161\u0165 \u010cR\u201c (\u010d. projektu CG741-009-220) v\u00a0r\u00e1mci N\u00e1rodn\u00edho programu v\u00fdzkumu v\u00a0gesci Ministr-stva dopravy, jeho\u017e \u0159e\u0161iteli jsou AZIN CZ, s.r.o. a PhDr. [&hellip;]<\/p>\n","protected":false},"author":2,"featured_media":0,"parent":1662,"menu_order":0,"comment_status":"closed","ping_status":"closed","template":"","meta":{"footnotes":""},"class_list":["post-2854","page","type-page","status-publish","hentry"],"_links":{"self":[{"href":"https:\/\/veda.polac.cz\/index.php?rest_route=\/wp\/v2\/pages\/2854","targetHints":{"allow":["GET"]}}],"collection":[{"href":"https:\/\/veda.polac.cz\/index.php?rest_route=\/wp\/v2\/pages"}],"about":[{"href":"https:\/\/veda.polac.cz\/index.php?rest_route=\/wp\/v2\/types\/page"}],"author":[{"embeddable":true,"href":"https:\/\/veda.polac.cz\/index.php?rest_route=\/wp\/v2\/users\/2"}],"replies":[{"embeddable":true,"href":"https:\/\/veda.polac.cz\/index.php?rest_route=%2Fwp%2Fv2%2Fcomments&post=2854"}],"version-history":[{"count":2,"href":"https:\/\/veda.polac.cz\/index.php?rest_route=\/wp\/v2\/pages\/2854\/revisions"}],"predecessor-version":[{"id":2868,"href":"https:\/\/veda.polac.cz\/index.php?rest_route=\/wp\/v2\/pages\/2854\/revisions\/2868"}],"up":[{"embeddable":true,"href":"https:\/\/veda.polac.cz\/index.php?rest_route=\/wp\/v2\/pages\/1662"}],"wp:attachment":[{"href":"https:\/\/veda.polac.cz\/index.php?rest_route=%2Fwp%2Fv2%2Fmedia&parent=2854"}],"curies":[{"name":"wp","href":"https:\/\/api.w.org\/{rel}","templated":true}]}}