{"id":2852,"date":"2019-04-18T13:21:22","date_gmt":"2019-04-18T13:21:22","guid":{"rendered":"http:\/\/veda.polac.cz\/?page_id=2852"},"modified":"2019-04-18T13:28:09","modified_gmt":"2019-04-18T13:28:09","slug":"13-2","status":"publish","type":"page","link":"https:\/\/veda.polac.cz\/?page_id=2852","title":{"rendered":""},"content":{"rendered":"<p style=\"text-align: center;\">Resum\u00e9 \u010dl\u00e1nku<\/p>\n<p style=\"font-weight: 400;\"><strong>Nov\u00e9 mo\u017enosti zaji\u0161t\u011bn\u00ed nemovitosti pro \u00fa\u010dely trestn\u00edho \u0159\u00edzen\u00ed<br \/>\n<\/strong><em>JUDr. Ji\u0159\u00ed Hru\u0161ka, JUDr. Petr Voleveck\u00fd<\/em><\/p>\n<p style=\"font-weight: 400;\">Auto\u0159i se ve sv\u00e9m p\u0159\u00edsp\u011bvku zab\u00fdvaj\u00ed institutem zaji\u0161\u0165ovac\u00edch \u00fakon\u016f, konkr\u00e9tn\u011b institutem zaji\u0161t\u011bn\u00ed nemovitosti. Tento institut nebyl doposud v\u00a0trestn\u00edm \u0159\u00e1du samostatn\u011b upraven. Zaji\u0161\u0165ov\u00e1n\u00ed nemovitosti pro \u00fa\u010dely trestn\u00edho \u0159\u00edzen\u00ed tak bylo podle dosavadn\u00ed pr\u00e1vn\u00ed \u00fapravy v\u00a0praxi realizov\u00e1no pom\u011brn\u011b slo\u017eit\u011b.<\/p>\n<p style=\"font-weight: 400;\">Za\u0159azen\u00ed tohoto institutu novelou trestn\u00edho \u0159\u00e1du provedenou z\u00e1konem \u010d\u00a0253\/2006 Sb., do trestn\u00edho \u0159\u00e1du tak d\u00e1v\u00e1 org\u00e1n\u016fm \u010dinn\u00fdm v\u00a0trestn\u00edm \u0159\u00edzen\u00ed nov\u00e9 mo\u017enosti rychle a \u00fa\u010dinn\u011b zajistit nemovitost, kter\u00e1 poch\u00e1z\u00ed z\u00a0trestn\u00e9 \u010dinnosti, kter\u00e1 byla ur\u010dena ke sp\u00e1ch\u00e1n\u00ed trestn\u00e9ho \u010dinu nebo k\u00a0jeho sp\u00e1ch\u00e1n\u00ed byla u\u017eita.<\/p>\n<p style=\"font-weight: 400;\">Tato pr\u00e1vn\u00ed \u00faprava je reakc\u00ed na mezin\u00e1rodn\u00ed smlouvy, jejich\u017e \u00fa\u010delem je sbli\u017eov\u00e1n\u00ed trestn\u011bpr\u00e1vn\u00edch \u00faprav jednotliv\u00fdch \u010dlensk\u00fdch st\u00e1t\u016f Evropsk\u00e9 Unie. Konkr\u00e9tn\u011b jde o R\u00e1mcov\u00e9 rozhodnut\u00ed Rady (Rada Evropsk\u00e9 unie) \u010d. 2003\/577\/SVV ze dne 22. \u010dervence 2003, o v\u00fdkonu p\u0159\u00edkaz\u016f k zaji\u0161t\u011bn\u00ed majetku nebo d\u016fkazn\u00edch pro-st\u0159edk\u016f v Evropsk\u00e9 unii, kter\u00e9 bylo zm\u00edn\u011bnou novelou transponov\u00e1no do \u010desk\u00e9ho pr\u00e1vn\u00edho syst\u00e9mu.<\/p>\n<p style=\"font-weight: 400;\">Kl\u00ed\u010dov\u00e1 slova: trestn\u00ed \u0159\u00edzen\u00ed, zaji\u0161\u0165ovac\u00ed \u00fakony, nemovitost, katastr nemovitost\u00ed.<\/p>\n<hr \/>\n<p><a href=\"https:\/\/veda.polac.cz\/?page_id=1662\">Zp\u011bt<\/a><\/p>\n","protected":false},"excerpt":{"rendered":"<p>Resum\u00e9 \u010dl\u00e1nku Nov\u00e9 mo\u017enosti zaji\u0161t\u011bn\u00ed nemovitosti pro \u00fa\u010dely trestn\u00edho \u0159\u00edzen\u00ed JUDr. Ji\u0159\u00ed Hru\u0161ka, JUDr. Petr Voleveck\u00fd Auto\u0159i se ve sv\u00e9m p\u0159\u00edsp\u011bvku zab\u00fdvaj\u00ed institutem zaji\u0161\u0165ovac\u00edch \u00fakon\u016f, konkr\u00e9tn\u011b institutem zaji\u0161t\u011bn\u00ed nemovitosti. Tento institut nebyl doposud v\u00a0trestn\u00edm \u0159\u00e1du samostatn\u011b upraven. Zaji\u0161\u0165ov\u00e1n\u00ed nemovitosti pro \u00fa\u010dely trestn\u00edho \u0159\u00edzen\u00ed tak bylo podle dosavadn\u00ed pr\u00e1vn\u00ed \u00fapravy v\u00a0praxi realizov\u00e1no pom\u011brn\u011b slo\u017eit\u011b. Za\u0159azen\u00ed tohoto [&hellip;]<\/p>\n","protected":false},"author":2,"featured_media":0,"parent":1662,"menu_order":0,"comment_status":"closed","ping_status":"closed","template":"","meta":{"footnotes":""},"class_list":["post-2852","page","type-page","status-publish","hentry"],"_links":{"self":[{"href":"https:\/\/veda.polac.cz\/index.php?rest_route=\/wp\/v2\/pages\/2852","targetHints":{"allow":["GET"]}}],"collection":[{"href":"https:\/\/veda.polac.cz\/index.php?rest_route=\/wp\/v2\/pages"}],"about":[{"href":"https:\/\/veda.polac.cz\/index.php?rest_route=\/wp\/v2\/types\/page"}],"author":[{"embeddable":true,"href":"https:\/\/veda.polac.cz\/index.php?rest_route=\/wp\/v2\/users\/2"}],"replies":[{"embeddable":true,"href":"https:\/\/veda.polac.cz\/index.php?rest_route=%2Fwp%2Fv2%2Fcomments&post=2852"}],"version-history":[{"count":2,"href":"https:\/\/veda.polac.cz\/index.php?rest_route=\/wp\/v2\/pages\/2852\/revisions"}],"predecessor-version":[{"id":2867,"href":"https:\/\/veda.polac.cz\/index.php?rest_route=\/wp\/v2\/pages\/2852\/revisions\/2867"}],"up":[{"embeddable":true,"href":"https:\/\/veda.polac.cz\/index.php?rest_route=\/wp\/v2\/pages\/1662"}],"wp:attachment":[{"href":"https:\/\/veda.polac.cz\/index.php?rest_route=%2Fwp%2Fv2%2Fmedia&parent=2852"}],"curies":[{"name":"wp","href":"https:\/\/api.w.org\/{rel}","templated":true}]}}