{"id":2844,"date":"2019-04-18T13:16:55","date_gmt":"2019-04-18T13:16:55","guid":{"rendered":"http:\/\/veda.polac.cz\/?page_id=2844"},"modified":"2019-04-18T13:28:01","modified_gmt":"2019-04-18T13:28:01","slug":"10-2","status":"publish","type":"page","link":"https:\/\/veda.polac.cz\/?page_id=2844","title":{"rendered":""},"content":{"rendered":"<p style=\"text-align: center;\">Resum\u00e9 \u010dl\u00e1nku<\/p>\n<p style=\"font-weight: 400;\"><strong>K n\u011bkter\u00fdm aspekt\u016fm \u201ep\u0159eshrani\u010dn\u00ed\u201c sou\u010dinnosti v\u00a0 r\u00e1mci policejn\u011b bezpe\u010dnost\u00ed \u010dinnosti<br \/>\n<\/strong><em>pplk. Mgr. David Z\u00e1mek, JUDr. Jan Kur\u017eeja<\/em><\/p>\n<p style=\"font-weight: 400;\">Auto\u0159i ve sv\u00e9m \u010dl\u00e1nku vych\u00e1zej\u00ed z rozboru z\u00e1kladn\u00edch pojm\u016f, t\u00fdkaj\u00edc\u00edch se pr\u00e1va \u201eEU\u201c a Schengensk\u00e9ho acquis, kter\u00e9 se p\u0159\u00edmo dot\u00fdkaj\u00ed policejn\u011b bezpe\u010dnostn\u00ed \u010dinnosti v\u00a0r\u00e1mci p\u0159eshrani\u010dn\u00ed spolupr\u00e1ce. J\u00e1drem pojedn\u00e1n\u00ed je rozbor konkr\u00e9tn\u00edch forem\u00a0\u00a0p\u0159eshrani\u010dn\u00ed sou\u010dinnosti realizovan\u00fdch policejn\u00edmi org\u00e1ny obou st\u00e1t\u016f.<\/p>\n<p style=\"font-weight: 400;\">Kl\u00ed\u010dov\u00e1 slova:\u00a0\u00a0Schengensk\u00fd acquis, p\u0159eshrani\u010dn\u00ed spolupr\u00e1ce, policie \u010cR.<\/p>\n<hr \/>\n<p style=\"font-weight: 400;\"><a href=\"https:\/\/veda.polac.cz\/?page_id=1662\">Zp\u011bt<\/a><\/p>\n","protected":false},"excerpt":{"rendered":"<p>Resum\u00e9 \u010dl\u00e1nku K n\u011bkter\u00fdm aspekt\u016fm \u201ep\u0159eshrani\u010dn\u00ed\u201c sou\u010dinnosti v\u00a0 r\u00e1mci policejn\u011b bezpe\u010dnost\u00ed \u010dinnosti pplk. Mgr. David Z\u00e1mek, JUDr. Jan Kur\u017eeja Auto\u0159i ve sv\u00e9m \u010dl\u00e1nku vych\u00e1zej\u00ed z rozboru z\u00e1kladn\u00edch pojm\u016f, t\u00fdkaj\u00edc\u00edch se pr\u00e1va \u201eEU\u201c a Schengensk\u00e9ho acquis, kter\u00e9 se p\u0159\u00edmo dot\u00fdkaj\u00ed policejn\u011b bezpe\u010dnostn\u00ed \u010dinnosti v\u00a0r\u00e1mci p\u0159eshrani\u010dn\u00ed spolupr\u00e1ce. J\u00e1drem pojedn\u00e1n\u00ed je rozbor konkr\u00e9tn\u00edch forem\u00a0\u00a0p\u0159eshrani\u010dn\u00ed sou\u010dinnosti realizovan\u00fdch policejn\u00edmi org\u00e1ny [&hellip;]<\/p>\n","protected":false},"author":2,"featured_media":0,"parent":1662,"menu_order":0,"comment_status":"closed","ping_status":"closed","template":"","meta":{"footnotes":""},"class_list":["post-2844","page","type-page","status-publish","hentry"],"_links":{"self":[{"href":"https:\/\/veda.polac.cz\/index.php?rest_route=\/wp\/v2\/pages\/2844","targetHints":{"allow":["GET"]}}],"collection":[{"href":"https:\/\/veda.polac.cz\/index.php?rest_route=\/wp\/v2\/pages"}],"about":[{"href":"https:\/\/veda.polac.cz\/index.php?rest_route=\/wp\/v2\/types\/page"}],"author":[{"embeddable":true,"href":"https:\/\/veda.polac.cz\/index.php?rest_route=\/wp\/v2\/users\/2"}],"replies":[{"embeddable":true,"href":"https:\/\/veda.polac.cz\/index.php?rest_route=%2Fwp%2Fv2%2Fcomments&post=2844"}],"version-history":[{"count":2,"href":"https:\/\/veda.polac.cz\/index.php?rest_route=\/wp\/v2\/pages\/2844\/revisions"}],"predecessor-version":[{"id":2864,"href":"https:\/\/veda.polac.cz\/index.php?rest_route=\/wp\/v2\/pages\/2844\/revisions\/2864"}],"up":[{"embeddable":true,"href":"https:\/\/veda.polac.cz\/index.php?rest_route=\/wp\/v2\/pages\/1662"}],"wp:attachment":[{"href":"https:\/\/veda.polac.cz\/index.php?rest_route=%2Fwp%2Fv2%2Fmedia&parent=2844"}],"curies":[{"name":"wp","href":"https:\/\/api.w.org\/{rel}","templated":true}]}}