{"id":2840,"date":"2019-04-18T13:14:14","date_gmt":"2019-04-18T13:14:14","guid":{"rendered":"http:\/\/veda.polac.cz\/?page_id=2840"},"modified":"2019-04-18T13:28:39","modified_gmt":"2019-04-18T13:28:39","slug":"9-2","status":"publish","type":"page","link":"https:\/\/veda.polac.cz\/?page_id=2840","title":{"rendered":""},"content":{"rendered":"<p style=\"text-align: center;\">Resum\u00e9 \u010dl\u00e1nku<\/p>\n<p style=\"font-weight: 400;\"><strong>N\u00e1hled do historie forem bezpe\u010dnostn\u00edch slu\u017eeb<br \/>\n<\/strong><em>PaedDr. Franti\u0161ek Nov\u00e1k<\/em><\/p>\n<p style=\"font-weight: 400;\">Tak\u00e9 snahy o syst\u00e9mov\u00e9 prosazov\u00e1n\u00ed bezpe\u010dnosti maj\u00ed svoji osobitou evoluci. Prvn\u00ed kroky k\u00a0modern\u00edmu syst\u00e9mu SBS u\u010din\u011bny v\u00a019. stolet\u00ed v\u00a0USA. Spou\u0161t\u011bc\u00edm mechanismem rozvoje modern\u00edch forem SBS se staly ekonomick\u00e9 a soci\u00e1ln\u00ed zm\u011bny vedouc\u00ed k\u00a0industri\u00e1ln\u00ed spole\u010dnosti. Priv\u00e1tn\u00ed Pinkertonova agentura se stala pr\u016fkop-n\u00edkem uplat\u0148ov\u00e1n\u00ed nov\u00fdch forem bezpe\u010dnostn\u00edch \u010dinnost\u00ed. A\u010d elektrick\u00e9 signaliza\u010dn\u00ed syst\u00e9my p\u0159ede\u0161ly vyn\u00e1lez telefonu, teprve s\u00a0rozvojem telefonn\u00ed s\u00edt\u011b nabyly relevantn\u00ed v\u00fdznam. Realizace Brinkova sloganu bezpe\u010dn\u011b a jist\u011b (safely and surely) znamenala \u00fasp\u011bch komer\u010dn\u00edch transportn\u00edch slu\u017eeb. V\u00a0sou\u010dasn\u00e9 dob\u011b je bezpe\u010dnostn\u00ed management objektivn\u011b ch\u00e1p\u00e1n jako ned\u00edln\u00e1 sou\u010d\u00e1st bezporuchov\u00e9 podnikatelsk\u00e9 a\u00a0expertn\u00ed \u010dinnosti.<\/p>\n<p style=\"font-weight: 400;\">Kl\u00ed\u010dov\u00e1 slova: bezpe\u010dnostn\u00ed management, priv\u00e1tn\u00ed bezpe\u010dnost, Pinkertonova agentura, transportn\u00ed slu\u017eby, bezpe\u010dnostn\u00ed technick\u00e9 syst\u00e9my.<\/p>\n<hr \/>\n<p><a href=\"https:\/\/veda.polac.cz\/?page_id=1662\">Zp\u011bt<\/a><\/p>\n","protected":false},"excerpt":{"rendered":"<p>Resum\u00e9 \u010dl\u00e1nku N\u00e1hled do historie forem bezpe\u010dnostn\u00edch slu\u017eeb PaedDr. Franti\u0161ek Nov\u00e1k Tak\u00e9 snahy o syst\u00e9mov\u00e9 prosazov\u00e1n\u00ed bezpe\u010dnosti maj\u00ed svoji osobitou evoluci. Prvn\u00ed kroky k\u00a0modern\u00edmu syst\u00e9mu SBS u\u010din\u011bny v\u00a019. stolet\u00ed v\u00a0USA. Spou\u0161t\u011bc\u00edm mechanismem rozvoje modern\u00edch forem SBS se staly ekonomick\u00e9 a soci\u00e1ln\u00ed zm\u011bny vedouc\u00ed k\u00a0industri\u00e1ln\u00ed spole\u010dnosti. Priv\u00e1tn\u00ed Pinkertonova agentura se stala pr\u016fkop-n\u00edkem uplat\u0148ov\u00e1n\u00ed nov\u00fdch forem bezpe\u010dnostn\u00edch [&hellip;]<\/p>\n","protected":false},"author":2,"featured_media":0,"parent":1662,"menu_order":0,"comment_status":"closed","ping_status":"closed","template":"","meta":{"footnotes":""},"class_list":["post-2840","page","type-page","status-publish","hentry"],"_links":{"self":[{"href":"https:\/\/veda.polac.cz\/index.php?rest_route=\/wp\/v2\/pages\/2840","targetHints":{"allow":["GET"]}}],"collection":[{"href":"https:\/\/veda.polac.cz\/index.php?rest_route=\/wp\/v2\/pages"}],"about":[{"href":"https:\/\/veda.polac.cz\/index.php?rest_route=\/wp\/v2\/types\/page"}],"author":[{"embeddable":true,"href":"https:\/\/veda.polac.cz\/index.php?rest_route=\/wp\/v2\/users\/2"}],"replies":[{"embeddable":true,"href":"https:\/\/veda.polac.cz\/index.php?rest_route=%2Fwp%2Fv2%2Fcomments&post=2840"}],"version-history":[{"count":2,"href":"https:\/\/veda.polac.cz\/index.php?rest_route=\/wp\/v2\/pages\/2840\/revisions"}],"predecessor-version":[{"id":2878,"href":"https:\/\/veda.polac.cz\/index.php?rest_route=\/wp\/v2\/pages\/2840\/revisions\/2878"}],"up":[{"embeddable":true,"href":"https:\/\/veda.polac.cz\/index.php?rest_route=\/wp\/v2\/pages\/1662"}],"wp:attachment":[{"href":"https:\/\/veda.polac.cz\/index.php?rest_route=%2Fwp%2Fv2%2Fmedia&parent=2840"}],"curies":[{"name":"wp","href":"https:\/\/api.w.org\/{rel}","templated":true}]}}