{"id":2838,"date":"2019-04-18T13:13:09","date_gmt":"2019-04-18T13:13:09","guid":{"rendered":"http:\/\/veda.polac.cz\/?page_id=2838"},"modified":"2019-04-18T13:28:36","modified_gmt":"2019-04-18T13:28:36","slug":"8-2","status":"publish","type":"page","link":"https:\/\/veda.polac.cz\/?page_id=2838","title":{"rendered":""},"content":{"rendered":"<p style=\"text-align: center;\">Resum\u00e9 \u010dl\u00e1nku<\/p>\n<p style=\"font-weight: 400;\"><strong>N\u011bkolik pozn\u00e1mek k\u00a0n\u00e1vrhu Smlouvy o \u00dastav\u011b pro Evropu<br \/>\n<\/strong><em>doc. JUDr. Bohumil Pikna, CSc.<\/em><\/p>\n<p style=\"font-weight: 400;\">Autor se v\u00a0\u010dl\u00e1nku zab\u00fdv\u00e1 hlavn\u00edmi obsahov\u00fdmi n\u00e1le\u017eitostmi, zm\u011bnami a instituty n\u00e1vrhu Smlouvy o \u00dastav\u011b pro Evropu z\u00a0\u0159\u00edjna 2004. Poukazuje na jej\u00ed hlavn\u00ed nov\u00e1torsk\u00e9 aspekty jako je celkov\u00e9 zjednodu\u0161en\u00ed v\u00a0p\u0159\u00edpadech odstran\u011bn\u00ed st\u00e1vaj\u00edc\u00ed t\u0159\u00edpil\u00ed\u0159ov\u00e9 struktury Unie, ucelenosti dosavadn\u00edch pr\u00e1vn\u00edch text\u016f \u010di nov\u00e9 zakotven\u00ed Listiny z\u00e1kladn\u00edch pr\u00e1v Unie. Celkov\u00e9mu zp\u0159ehledn\u011bn\u00ed p\u0159isp\u011bje t\u00e9\u017e skute\u010dnost, \u017ee Unie z\u00edsk\u00e1v\u00e1 pr\u00e1vn\u00ed subjektivitu. Celkov\u011b pak dojde ke zp\u0159ehledn\u011bn\u00ed legislativn\u00edch n\u00e1stroj\u016f t\u00edm, \u017ee \u00dastava zav\u00e1d\u00ed pr\u00e1vn\u00ed n\u00e1stroje nov\u00e9 (unifikovan\u00e9) s\u00a0jednodu\u0161\u0161\u00edm legislativn\u00edm procesem ne\u017e tomu je za sou\u010dasn\u00e9ho stavu. Tomu m\u00e1 napomoci rovn\u011b\u017e zm\u011bna v\u00a0druz\u00edch p\u016fsobnosti Unie jako\u017e i zam\u00fd\u0161len\u00e1 institucion\u00e1ln\u00ed opat\u0159en\u00ed ve form\u011b p\u0159edsedy Evropsk\u00e9 rady \u010di ministra zahrani\u010dn\u00edch v\u011bc\u00ed Unie. Autor zd\u016fraz-\u0148uje fakt, \u017ee institut prostor svobody, bezpe\u010dnosti a pr\u00e1va v \u00dastavn\u00ed smlouv\u011b na-hrazuje dne\u0161n\u00ed pojem oblasti justice a vnit\u0159n\u00edch v\u011bc\u00ed, p\u0159i\u010dem\u017e \u00dastava po\u010d\u00edt\u00e1 s\u00a0pod-statn\u00fdm pos\u00edlen\u00edm komunit\u00e1rn\u00edho prvku p\u0159i p\u0159ij\u00edm\u00e1n\u00ed pr\u00e1vn\u00edch akt\u016f v t\u00e9to oblasti na b\u00e1zi kvalifikovan\u00e9 v\u011bt\u0161iny.<\/p>\n<p style=\"font-weight: 400;\">Kl\u00ed\u010dov\u00e1 slova: dolo\u017eka o solidarit\u011b, Evropsk\u00e1 unie, Pr\u00e1vn\u00ed akty EU, Prostor svobo-dy, bezpe\u010dnosti a pr\u00e1va, Smlouva o \u00dastav\u011b pro Evropu, \u00dastavn\u00ed smlouva.<\/p>\n<hr \/>\n<p><a href=\"https:\/\/veda.polac.cz\/?page_id=1662\">Zp\u011bt<\/a><\/p>\n","protected":false},"excerpt":{"rendered":"<p>Resum\u00e9 \u010dl\u00e1nku N\u011bkolik pozn\u00e1mek k\u00a0n\u00e1vrhu Smlouvy o \u00dastav\u011b pro Evropu doc. JUDr. Bohumil Pikna, CSc. Autor se v\u00a0\u010dl\u00e1nku zab\u00fdv\u00e1 hlavn\u00edmi obsahov\u00fdmi n\u00e1le\u017eitostmi, zm\u011bnami a instituty n\u00e1vrhu Smlouvy o \u00dastav\u011b pro Evropu z\u00a0\u0159\u00edjna 2004. Poukazuje na jej\u00ed hlavn\u00ed nov\u00e1torsk\u00e9 aspekty jako je celkov\u00e9 zjednodu\u0161en\u00ed v\u00a0p\u0159\u00edpadech odstran\u011bn\u00ed st\u00e1vaj\u00edc\u00ed t\u0159\u00edpil\u00ed\u0159ov\u00e9 struktury Unie, ucelenosti dosavadn\u00edch pr\u00e1vn\u00edch text\u016f \u010di nov\u00e9 [&hellip;]<\/p>\n","protected":false},"author":2,"featured_media":0,"parent":1662,"menu_order":0,"comment_status":"closed","ping_status":"closed","template":"","meta":{"footnotes":""},"class_list":["post-2838","page","type-page","status-publish","hentry"],"_links":{"self":[{"href":"https:\/\/veda.polac.cz\/index.php?rest_route=\/wp\/v2\/pages\/2838","targetHints":{"allow":["GET"]}}],"collection":[{"href":"https:\/\/veda.polac.cz\/index.php?rest_route=\/wp\/v2\/pages"}],"about":[{"href":"https:\/\/veda.polac.cz\/index.php?rest_route=\/wp\/v2\/types\/page"}],"author":[{"embeddable":true,"href":"https:\/\/veda.polac.cz\/index.php?rest_route=\/wp\/v2\/users\/2"}],"replies":[{"embeddable":true,"href":"https:\/\/veda.polac.cz\/index.php?rest_route=%2Fwp%2Fv2%2Fcomments&post=2838"}],"version-history":[{"count":2,"href":"https:\/\/veda.polac.cz\/index.php?rest_route=\/wp\/v2\/pages\/2838\/revisions"}],"predecessor-version":[{"id":2877,"href":"https:\/\/veda.polac.cz\/index.php?rest_route=\/wp\/v2\/pages\/2838\/revisions\/2877"}],"up":[{"embeddable":true,"href":"https:\/\/veda.polac.cz\/index.php?rest_route=\/wp\/v2\/pages\/1662"}],"wp:attachment":[{"href":"https:\/\/veda.polac.cz\/index.php?rest_route=%2Fwp%2Fv2%2Fmedia&parent=2838"}],"curies":[{"name":"wp","href":"https:\/\/api.w.org\/{rel}","templated":true}]}}