{"id":2836,"date":"2019-04-18T13:11:59","date_gmt":"2019-04-18T13:11:59","guid":{"rendered":"http:\/\/veda.polac.cz\/?page_id=2836"},"modified":"2019-04-18T13:28:33","modified_gmt":"2019-04-18T13:28:33","slug":"7-2","status":"publish","type":"page","link":"https:\/\/veda.polac.cz\/?page_id=2836","title":{"rendered":""},"content":{"rendered":"<p style=\"text-align: center;\">Resum\u00e9 \u010dl\u00e1nku<\/p>\n<p style=\"font-weight: 400;\"><strong>Pohled na anarchismus z\u00a0obecn\u00e9ho hlediska<br \/>\n<\/strong><em>Mgr. Anna Pleierov\u00e1<\/em><\/p>\n<p style=\"font-weight: 400;\">V\u00a0p\u0159ilo\u017een\u00e9m \u010dl\u00e1nku autorka objas\u0148uje p\u0159\u00ednos anarchistick\u00fdch my\u0161lenek pro d\u011bjiny politick\u00e9ho u\u010den\u00ed a rozporupln\u00fd v\u00fdznam anarchistick\u00fdch aktivit v\u00a0sou\u010dasn\u00e9m politick\u00e9m \u017eivot\u011b demokratick\u00e9 spole\u010dnosti. Bezpe\u010dnostn\u00ed rizika, kter\u00e1 vypl\u00fdvaj\u00ed pro demokratickou spole\u010dnost z\u00a0aktivit n\u011bkter\u00fdch anarchistick\u00fdch a anarchoautonomn\u00edch skupin, kter\u00fd p\u0159edpokl\u00e1daj\u00ed citliv\u00fd a diferencovan\u00fd p\u0159\u00edstup k\u00a0anarchistick\u00e9mu hnut\u00ed.<\/p>\n<p style=\"font-weight: 400;\">Kl\u00ed\u010dov\u00e1 slova: anarchismus, libertanismus, socialismus, n\u00e1siln\u00fd boj, terorismus, st\u00e1tn\u00ed moc, svoboda.<\/p>\n<hr \/>\n<p style=\"font-weight: 400;\"><a href=\"https:\/\/veda.polac.cz\/?page_id=1662\">Zp\u011bt<\/a><\/p>\n","protected":false},"excerpt":{"rendered":"<p>Resum\u00e9 \u010dl\u00e1nku Pohled na anarchismus z\u00a0obecn\u00e9ho hlediska Mgr. Anna Pleierov\u00e1 V\u00a0p\u0159ilo\u017een\u00e9m \u010dl\u00e1nku autorka objas\u0148uje p\u0159\u00ednos anarchistick\u00fdch my\u0161lenek pro d\u011bjiny politick\u00e9ho u\u010den\u00ed a rozporupln\u00fd v\u00fdznam anarchistick\u00fdch aktivit v\u00a0sou\u010dasn\u00e9m politick\u00e9m \u017eivot\u011b demokratick\u00e9 spole\u010dnosti. Bezpe\u010dnostn\u00ed rizika, kter\u00e1 vypl\u00fdvaj\u00ed pro demokratickou spole\u010dnost z\u00a0aktivit n\u011bkter\u00fdch anarchistick\u00fdch a anarchoautonomn\u00edch skupin, kter\u00fd p\u0159edpokl\u00e1daj\u00ed citliv\u00fd a diferencovan\u00fd p\u0159\u00edstup k\u00a0anarchistick\u00e9mu hnut\u00ed. Kl\u00ed\u010dov\u00e1 slova: anarchismus, [&hellip;]<\/p>\n","protected":false},"author":2,"featured_media":0,"parent":1662,"menu_order":0,"comment_status":"closed","ping_status":"closed","template":"","meta":{"footnotes":""},"class_list":["post-2836","page","type-page","status-publish","hentry"],"_links":{"self":[{"href":"https:\/\/veda.polac.cz\/index.php?rest_route=\/wp\/v2\/pages\/2836","targetHints":{"allow":["GET"]}}],"collection":[{"href":"https:\/\/veda.polac.cz\/index.php?rest_route=\/wp\/v2\/pages"}],"about":[{"href":"https:\/\/veda.polac.cz\/index.php?rest_route=\/wp\/v2\/types\/page"}],"author":[{"embeddable":true,"href":"https:\/\/veda.polac.cz\/index.php?rest_route=\/wp\/v2\/users\/2"}],"replies":[{"embeddable":true,"href":"https:\/\/veda.polac.cz\/index.php?rest_route=%2Fwp%2Fv2%2Fcomments&post=2836"}],"version-history":[{"count":2,"href":"https:\/\/veda.polac.cz\/index.php?rest_route=\/wp\/v2\/pages\/2836\/revisions"}],"predecessor-version":[{"id":2876,"href":"https:\/\/veda.polac.cz\/index.php?rest_route=\/wp\/v2\/pages\/2836\/revisions\/2876"}],"up":[{"embeddable":true,"href":"https:\/\/veda.polac.cz\/index.php?rest_route=\/wp\/v2\/pages\/1662"}],"wp:attachment":[{"href":"https:\/\/veda.polac.cz\/index.php?rest_route=%2Fwp%2Fv2%2Fmedia&parent=2836"}],"curies":[{"name":"wp","href":"https:\/\/api.w.org\/{rel}","templated":true}]}}