{"id":2832,"date":"2019-04-18T13:09:45","date_gmt":"2019-04-18T13:09:45","guid":{"rendered":"http:\/\/veda.polac.cz\/?page_id=2832"},"modified":"2019-04-18T13:28:30","modified_gmt":"2019-04-18T13:28:30","slug":"6-2","status":"publish","type":"page","link":"https:\/\/veda.polac.cz\/?page_id=2832","title":{"rendered":""},"content":{"rendered":"<p style=\"text-align: center;\">Resum\u00e9 \u010dl\u00e1nku<\/p>\n<p style=\"font-weight: 400;\"><strong>\u0158\u00edzen\u00ed ochrany kritick\u00e9 infrastruktury<br \/>\n<\/strong><em>doc. RNDr. Dana Proch\u00e1zkov\u00e1, DrSc.<\/em><\/p>\n<p style=\"font-weight: 400;\">Pr\u00e1ce shrnuje dosavadn\u00ed poznatky o ochran\u011b kritick\u00e9 infrastruktury a navrhuje postup pro \u0159\u00edzen\u00ed ochrany kritick\u00e9 infrastruktury.<\/p>\n<hr \/>\n<p><a href=\"https:\/\/veda.polac.cz\/?page_id=1662\">Zp\u011bt<\/a><\/p>\n","protected":false},"excerpt":{"rendered":"<p>Resum\u00e9 \u010dl\u00e1nku \u0158\u00edzen\u00ed ochrany kritick\u00e9 infrastruktury doc. RNDr. Dana Proch\u00e1zkov\u00e1, DrSc. Pr\u00e1ce shrnuje dosavadn\u00ed poznatky o ochran\u011b kritick\u00e9 infrastruktury a navrhuje postup pro \u0159\u00edzen\u00ed ochrany kritick\u00e9 infrastruktury. Zp\u011bt<\/p>\n","protected":false},"author":2,"featured_media":0,"parent":1662,"menu_order":0,"comment_status":"closed","ping_status":"closed","template":"","meta":{"footnotes":""},"class_list":["post-2832","page","type-page","status-publish","hentry"],"_links":{"self":[{"href":"https:\/\/veda.polac.cz\/index.php?rest_route=\/wp\/v2\/pages\/2832","targetHints":{"allow":["GET"]}}],"collection":[{"href":"https:\/\/veda.polac.cz\/index.php?rest_route=\/wp\/v2\/pages"}],"about":[{"href":"https:\/\/veda.polac.cz\/index.php?rest_route=\/wp\/v2\/types\/page"}],"author":[{"embeddable":true,"href":"https:\/\/veda.polac.cz\/index.php?rest_route=\/wp\/v2\/users\/2"}],"replies":[{"embeddable":true,"href":"https:\/\/veda.polac.cz\/index.php?rest_route=%2Fwp%2Fv2%2Fcomments&post=2832"}],"version-history":[{"count":2,"href":"https:\/\/veda.polac.cz\/index.php?rest_route=\/wp\/v2\/pages\/2832\/revisions"}],"predecessor-version":[{"id":2875,"href":"https:\/\/veda.polac.cz\/index.php?rest_route=\/wp\/v2\/pages\/2832\/revisions\/2875"}],"up":[{"embeddable":true,"href":"https:\/\/veda.polac.cz\/index.php?rest_route=\/wp\/v2\/pages\/1662"}],"wp:attachment":[{"href":"https:\/\/veda.polac.cz\/index.php?rest_route=%2Fwp%2Fv2%2Fmedia&parent=2832"}],"curies":[{"name":"wp","href":"https:\/\/api.w.org\/{rel}","templated":true}]}}