{"id":2830,"date":"2019-04-18T13:08:39","date_gmt":"2019-04-18T13:08:39","guid":{"rendered":"http:\/\/veda.polac.cz\/?page_id=2830"},"modified":"2019-04-18T13:28:28","modified_gmt":"2019-04-18T13:28:28","slug":"5-2","status":"publish","type":"page","link":"https:\/\/veda.polac.cz\/?page_id=2830","title":{"rendered":""},"content":{"rendered":"<p style=\"text-align: center;\">Resum\u00e9 \u010dl\u00e1nku<\/p>\n<p style=\"font-weight: 400;\"><strong>Miesto dlhodob\u00e9ho pl\u00e1novania v s\u00fastave pl\u00e1novac\u00edch discipl\u00edn syst\u00e9mu bezpe\u010dnosti<br \/>\n<\/strong><em>plk. g\u0161t. SR Ing. Josef Pokorn\u00fd<\/em><\/p>\n<p style=\"font-weight: 400;\">Autor v\u00a0r\u00e1mci svojej dizerta\u010dnej pr\u00e1ce, zameranej na ot\u00e1zky koordin\u00e1cie dlhodob\u00e9ho pl\u00e1novania medzi silov\u00fdmi rezortmi, vykonal syst\u00e9mov\u00fa anal\u00fdzu pl\u00e1novania v\u00a0syst\u00e9me bezpe\u010dnosti SR. Predkladan\u00fd \u010dl\u00e1nok pod\u00e1va z\u00e1kladn\u00e9 inform\u00e1cie o\u00a0jednotliv\u00fdch pl\u00e1novac\u00edch discipl\u00ednach syst\u00e9mu bezpe\u010dnosti SR, o\u00a0obran-nom a\u00a0opera\u010dnom pl\u00e1novan\u00ed, kde sa zameriava najm\u00e4 na ich \u010dlenenie, v\u00e4zby a\u00a0vz\u0165ahy. Hlavn\u00fdm cie\u013eom, ako u\u017e napoved\u00e1 n\u00e1zov, je identifik\u00e1cia miesta dlhodob\u00e9ho pl\u00e1novania v s\u00fastave pl\u00e1novac\u00edch discipl\u00edn syst\u00e9mu bezpe\u010dnosti SR.\u00a0\u00a0V\u00a0z\u00e1vere autor vyslovuje presved\u010denie, \u017ee kr\u00edzov\u00e9 pl\u00e1novanie je vo\u00a0svojej podstate prierezov\u00e9, preto je nevyhnutn\u00e9 stanovenie spolo\u010dn\u00fdch z\u00e1sad pou\u017eitia s\u00edl a\u00a0prostriedkov pri rie\u0161en\u00ed mo\u017en\u00fdch s\u00fa\u010dasn\u00fdch, aj\u00a0bud\u00facich, kr\u00edzov\u00fdch situ\u00e1ci\u00ed, prostredn\u00edctvom koordin\u00e1cie opera\u010dn\u00e9ho pl\u00e1novania. Rovnako nevyhnutn\u00e9 je zabezpe\u010denie interoperability a vz\u00e1jomnej komplementarity s\u00edl, prostredn\u00edctvom koordin\u00e1cie dlhodob\u00e9ho pl\u00e1novania.<\/p>\n<hr \/>\n<p><a href=\"https:\/\/veda.polac.cz\/?page_id=1662\">Zp\u011bt<\/a><\/p>\n","protected":false},"excerpt":{"rendered":"<p>Resum\u00e9 \u010dl\u00e1nku Miesto dlhodob\u00e9ho pl\u00e1novania v s\u00fastave pl\u00e1novac\u00edch discipl\u00edn syst\u00e9mu bezpe\u010dnosti plk. g\u0161t. SR Ing. Josef Pokorn\u00fd Autor v\u00a0r\u00e1mci svojej dizerta\u010dnej pr\u00e1ce, zameranej na ot\u00e1zky koordin\u00e1cie dlhodob\u00e9ho pl\u00e1novania medzi silov\u00fdmi rezortmi, vykonal syst\u00e9mov\u00fa anal\u00fdzu pl\u00e1novania v\u00a0syst\u00e9me bezpe\u010dnosti SR. Predkladan\u00fd \u010dl\u00e1nok pod\u00e1va z\u00e1kladn\u00e9 inform\u00e1cie o\u00a0jednotliv\u00fdch pl\u00e1novac\u00edch discipl\u00ednach syst\u00e9mu bezpe\u010dnosti SR, o\u00a0obran-nom a\u00a0opera\u010dnom pl\u00e1novan\u00ed, kde sa zameriava [&hellip;]<\/p>\n","protected":false},"author":2,"featured_media":0,"parent":1662,"menu_order":0,"comment_status":"closed","ping_status":"closed","template":"","meta":{"footnotes":""},"class_list":["post-2830","page","type-page","status-publish","hentry"],"_links":{"self":[{"href":"https:\/\/veda.polac.cz\/index.php?rest_route=\/wp\/v2\/pages\/2830","targetHints":{"allow":["GET"]}}],"collection":[{"href":"https:\/\/veda.polac.cz\/index.php?rest_route=\/wp\/v2\/pages"}],"about":[{"href":"https:\/\/veda.polac.cz\/index.php?rest_route=\/wp\/v2\/types\/page"}],"author":[{"embeddable":true,"href":"https:\/\/veda.polac.cz\/index.php?rest_route=\/wp\/v2\/users\/2"}],"replies":[{"embeddable":true,"href":"https:\/\/veda.polac.cz\/index.php?rest_route=%2Fwp%2Fv2%2Fcomments&post=2830"}],"version-history":[{"count":2,"href":"https:\/\/veda.polac.cz\/index.php?rest_route=\/wp\/v2\/pages\/2830\/revisions"}],"predecessor-version":[{"id":2874,"href":"https:\/\/veda.polac.cz\/index.php?rest_route=\/wp\/v2\/pages\/2830\/revisions\/2874"}],"up":[{"embeddable":true,"href":"https:\/\/veda.polac.cz\/index.php?rest_route=\/wp\/v2\/pages\/1662"}],"wp:attachment":[{"href":"https:\/\/veda.polac.cz\/index.php?rest_route=%2Fwp%2Fv2%2Fmedia&parent=2830"}],"curies":[{"name":"wp","href":"https:\/\/api.w.org\/{rel}","templated":true}]}}