{"id":2828,"date":"2019-04-18T13:07:31","date_gmt":"2019-04-18T13:07:31","guid":{"rendered":"http:\/\/veda.polac.cz\/?page_id=2828"},"modified":"2019-04-18T13:28:25","modified_gmt":"2019-04-18T13:28:25","slug":"4-2","status":"publish","type":"page","link":"https:\/\/veda.polac.cz\/?page_id=2828","title":{"rendered":""},"content":{"rendered":"<p style=\"text-align: center;\">Resum\u00e9 \u010dl\u00e1nku<\/p>\n<p style=\"font-weight: 400;\"><strong>Bezpe\u010dnostn\u00e9 probl\u00e9my rozvoja mal\u00fdch \u0161t\u00e1tov v\u00a021.\u00a0storo\u010d\u00ed<br \/>\n<\/strong><em>doc. Dr. \u0160tefan Volner, CSc.<\/em><\/p>\n<p style=\"font-weight: 400;\">Autor v\u00a0\u010dl\u00e1nku upozor\u0148uje na skute\u010dnost, \u017ee v\u00a0r\u00e1mci globalizace neprob\u00edh\u00e1 pouze proces sjednocov\u00e1n\u00ed, ale i proces fragmenta\u010dn\u00ed. Zd\u016fraz\u0148uje, \u017ee pozitivn\u00ed d\u016fsledky sjednocov\u00e1n\u00ed vyu\u017e\u00edv\u00e1 men\u0161\u00ed \u010d\u00e1st lid\u00ed, kter\u00e1 neadekv\u00e1tn\u011b bohatne, nebo\u0165 m\u016f\u017ee p\u016fsobit glob\u00e1ln\u011b a nenese lok\u00e1ln\u00ed \u010di teritori\u00e1ln\u00ed odpov\u011bdnost za negativn\u00ed d\u016fsledky sv\u00fdch aktivit. Ty nese v\u011bt\u0161ina, kter\u00e1 je existen\u010dn\u011b spojen\u00e1 s\u00a0dan\u00fdm teritoriem. \u010cl\u00e1nek upozor\u0148uje na to, \u017ee snahou glob\u00e1ln\u00edch elit je vytvo\u0159en\u00ed jednoho glob\u00e1ln\u00edho prostoru pro trh, kapit\u00e1l, politiku, komunikace a informace, ale probl\u00e9mov\u00e9 lokality, kde se projevuj\u00ed fenom\u00e9ny jako je b\u00edda, hlad, pand\u00e9mie, terorismus a\u00a0n\u00e1bo\u017eensk\u00e9 konflikty, je snaha izolovat. Tyto aktivity se mohou st\u00e1t hlavn\u00ed p\u0159\u00ed\u010dinnou konflikt\u016f v\u00a021. stolet\u00ed.<\/p>\n<p style=\"font-weight: 400;\">Kl\u00ed\u010dov\u00e1 slova: globalizace, bezpe\u010dnostn\u00ed rizika.<\/p>\n<hr \/>\n<p><a href=\"https:\/\/veda.polac.cz\/?page_id=1662\">Zp\u011bt<\/a><\/p>\n","protected":false},"excerpt":{"rendered":"<p>Resum\u00e9 \u010dl\u00e1nku Bezpe\u010dnostn\u00e9 probl\u00e9my rozvoja mal\u00fdch \u0161t\u00e1tov v\u00a021.\u00a0storo\u010d\u00ed doc. Dr. \u0160tefan Volner, CSc. Autor v\u00a0\u010dl\u00e1nku upozor\u0148uje na skute\u010dnost, \u017ee v\u00a0r\u00e1mci globalizace neprob\u00edh\u00e1 pouze proces sjednocov\u00e1n\u00ed, ale i proces fragmenta\u010dn\u00ed. Zd\u016fraz\u0148uje, \u017ee pozitivn\u00ed d\u016fsledky sjednocov\u00e1n\u00ed vyu\u017e\u00edv\u00e1 men\u0161\u00ed \u010d\u00e1st lid\u00ed, kter\u00e1 neadekv\u00e1tn\u011b bohatne, nebo\u0165 m\u016f\u017ee p\u016fsobit glob\u00e1ln\u011b a nenese lok\u00e1ln\u00ed \u010di teritori\u00e1ln\u00ed odpov\u011bdnost za negativn\u00ed d\u016fsledky sv\u00fdch [&hellip;]<\/p>\n","protected":false},"author":2,"featured_media":0,"parent":1662,"menu_order":0,"comment_status":"closed","ping_status":"closed","template":"","meta":{"footnotes":""},"class_list":["post-2828","page","type-page","status-publish","hentry"],"_links":{"self":[{"href":"https:\/\/veda.polac.cz\/index.php?rest_route=\/wp\/v2\/pages\/2828","targetHints":{"allow":["GET"]}}],"collection":[{"href":"https:\/\/veda.polac.cz\/index.php?rest_route=\/wp\/v2\/pages"}],"about":[{"href":"https:\/\/veda.polac.cz\/index.php?rest_route=\/wp\/v2\/types\/page"}],"author":[{"embeddable":true,"href":"https:\/\/veda.polac.cz\/index.php?rest_route=\/wp\/v2\/users\/2"}],"replies":[{"embeddable":true,"href":"https:\/\/veda.polac.cz\/index.php?rest_route=%2Fwp%2Fv2%2Fcomments&post=2828"}],"version-history":[{"count":2,"href":"https:\/\/veda.polac.cz\/index.php?rest_route=\/wp\/v2\/pages\/2828\/revisions"}],"predecessor-version":[{"id":2873,"href":"https:\/\/veda.polac.cz\/index.php?rest_route=\/wp\/v2\/pages\/2828\/revisions\/2873"}],"up":[{"embeddable":true,"href":"https:\/\/veda.polac.cz\/index.php?rest_route=\/wp\/v2\/pages\/1662"}],"wp:attachment":[{"href":"https:\/\/veda.polac.cz\/index.php?rest_route=%2Fwp%2Fv2%2Fmedia&parent=2828"}],"curies":[{"name":"wp","href":"https:\/\/api.w.org\/{rel}","templated":true}]}}