{"id":2824,"date":"2019-04-18T13:05:25","date_gmt":"2019-04-18T13:05:25","guid":{"rendered":"http:\/\/veda.polac.cz\/?page_id=2824"},"modified":"2019-04-18T13:28:23","modified_gmt":"2019-04-18T13:28:23","slug":"3-2","status":"publish","type":"page","link":"https:\/\/veda.polac.cz\/?page_id=2824","title":{"rendered":""},"content":{"rendered":"<p style=\"text-align: center;\">Resum\u00e9 \u010dl\u00e1nku<\/p>\n<p style=\"font-weight: 400;\"><strong>K\u00a0pr\u00e1vnej povahe slu\u017eobn\u00e9ho pomeru pr\u00edslu\u0161n\u00edkov PZ<br \/>\n<\/strong><em>doc. JUDr. Jozef Kuril, CSc.<\/em><\/p>\n<p style=\"font-weight: 400;\">Autor v\u00a0predmetnom \u010dl\u00e1nku sa zaober\u00e1 pr\u00e1vnou kvalifik\u00e1ciou slu\u017eobn\u00e9ho pomeru ako pr\u00e1vneho vz\u0165ahu. Venuje pozornos\u0165 anal\u00fdze predmetu a\u00a0obsahu slu\u017eobn\u00e9ho pomeru ako prvkom tohto pr\u00e1vneho vz\u0165ahu, met\u00f3de pr\u00e1vnej regul\u00e1cie slu\u017eobn\u00e9ho pomeru, ako aj charakteristick\u00fdm znakom slu\u017eobn\u00e9ho pomeru (sp\u00f4sob vzniku, \u0161t\u00e1t ako zamestn\u00e1vate\u013esk\u00fd subjekt, definit\u00edva, kogentnos\u0165 pr\u00e1vnej \u00fapravy, charakter disciplin\u00e1rnej zodpovednosti, sp\u00f4sob rie\u0161enia sporov at\u010f.) na z\u00e1klade t\u00fdchto charakteristick\u00fdch znakov slu\u017eobn\u00e9ho pomeru doch\u00e1dza k\u00a0z\u00e1veru, \u017ee v\u00a0slu\u017eobnom pomere prevl\u00e1daj\u00fa prvky verejnopr\u00e1vnej povahy, tieto s\u00fa v jeho obsahu dominantn\u00e9 a\u00a0determinuj\u00fa aj jeho pr\u00e1vnu povahu.<\/p>\n<p style=\"font-weight: 400;\">K\u013e\u00fa\u010dov\u00e9 slov\u00e1: Slu\u017eobn\u00fd pomer, verejnopr\u00e1vny vz\u0165ah, individu\u00e1lny pr\u00e1vny akt, \u0161t\u00e1t, stabilita zamestnaneck\u00e9ho vz\u0165ahu &#8211; definit\u00edva, kogentnos\u0165 pr\u00e1vnej \u00fapravy, slu\u017eobn\u00fd a\u00a0platov\u00fd postup, disciplin\u00e1rna zodpovednos\u0165, sp\u00f4sob rie\u0161enia sporov.<\/p>\n<hr \/>\n<p><a href=\"https:\/\/veda.polac.cz\/?page_id=1662\">Zp\u011bt<\/a><\/p>\n","protected":false},"excerpt":{"rendered":"<p>Resum\u00e9 \u010dl\u00e1nku K\u00a0pr\u00e1vnej povahe slu\u017eobn\u00e9ho pomeru pr\u00edslu\u0161n\u00edkov PZ doc. JUDr. Jozef Kuril, CSc. Autor v\u00a0predmetnom \u010dl\u00e1nku sa zaober\u00e1 pr\u00e1vnou kvalifik\u00e1ciou slu\u017eobn\u00e9ho pomeru ako pr\u00e1vneho vz\u0165ahu. Venuje pozornos\u0165 anal\u00fdze predmetu a\u00a0obsahu slu\u017eobn\u00e9ho pomeru ako prvkom tohto pr\u00e1vneho vz\u0165ahu, met\u00f3de pr\u00e1vnej regul\u00e1cie slu\u017eobn\u00e9ho pomeru, ako aj charakteristick\u00fdm znakom slu\u017eobn\u00e9ho pomeru (sp\u00f4sob vzniku, \u0161t\u00e1t ako zamestn\u00e1vate\u013esk\u00fd subjekt, definit\u00edva, [&hellip;]<\/p>\n","protected":false},"author":2,"featured_media":0,"parent":1662,"menu_order":0,"comment_status":"closed","ping_status":"closed","template":"","meta":{"footnotes":""},"class_list":["post-2824","page","type-page","status-publish","hentry"],"_links":{"self":[{"href":"https:\/\/veda.polac.cz\/index.php?rest_route=\/wp\/v2\/pages\/2824","targetHints":{"allow":["GET"]}}],"collection":[{"href":"https:\/\/veda.polac.cz\/index.php?rest_route=\/wp\/v2\/pages"}],"about":[{"href":"https:\/\/veda.polac.cz\/index.php?rest_route=\/wp\/v2\/types\/page"}],"author":[{"embeddable":true,"href":"https:\/\/veda.polac.cz\/index.php?rest_route=\/wp\/v2\/users\/2"}],"replies":[{"embeddable":true,"href":"https:\/\/veda.polac.cz\/index.php?rest_route=%2Fwp%2Fv2%2Fcomments&post=2824"}],"version-history":[{"count":2,"href":"https:\/\/veda.polac.cz\/index.php?rest_route=\/wp\/v2\/pages\/2824\/revisions"}],"predecessor-version":[{"id":2872,"href":"https:\/\/veda.polac.cz\/index.php?rest_route=\/wp\/v2\/pages\/2824\/revisions\/2872"}],"up":[{"embeddable":true,"href":"https:\/\/veda.polac.cz\/index.php?rest_route=\/wp\/v2\/pages\/1662"}],"wp:attachment":[{"href":"https:\/\/veda.polac.cz\/index.php?rest_route=%2Fwp%2Fv2%2Fmedia&parent=2824"}],"curies":[{"name":"wp","href":"https:\/\/api.w.org\/{rel}","templated":true}]}}