{"id":2822,"date":"2019-04-18T13:04:27","date_gmt":"2019-04-18T13:04:27","guid":{"rendered":"http:\/\/veda.polac.cz\/?page_id=2822"},"modified":"2019-04-18T13:28:20","modified_gmt":"2019-04-18T13:28:20","slug":"2-2","status":"publish","type":"page","link":"https:\/\/veda.polac.cz\/?page_id=2822","title":{"rendered":""},"content":{"rendered":"<p style=\"text-align: center;\">Resum\u00e9 \u010dl\u00e1nku<\/p>\n<p style=\"font-weight: 400;\"><strong>Met\u00f3da pr\u00e1vnej regul\u00e1cie v\u00a0zamestnaneck\u00fdch vz\u0165ahoch policajtov u\u00a0n\u00e1s a\u00a0v\u00a0niektor\u00fdch krajin\u00e1ch E\u00da<br \/>\n<\/strong><em>doc. JUDr. Jozef Kuril, CSc.<\/em><\/p>\n<p style=\"font-weight: 400;\">Autor sa zaober\u00e1 v\u00a0predmetnom \u010dl\u00e1nku pr\u00e1vnou kvalifik\u00e1ciou slu\u017eobn\u00e9ho po-meru ako pr\u00e1vneho vz\u0165ahu. Poukazuje, \u017ee zamestnaneck\u00e9 vz\u0165ahy policajtov u\u00a0n\u00e1s, ale aj v\u00a0krajin\u00e1ch E\u00da, sa vyzna\u010duj\u00fa kombin\u00e1ciou met\u00f3d pr\u00e1vnej regul\u00e1cie, tzn. prel\u00ednan\u00edm prvkov s\u00fakromnopr\u00e1vnej i\u00a0verejnopr\u00e1vnej povahy. Pri vzniku slu\u017eobn\u00e9ho pomeru prevl\u00e1da rovnos\u0165 v\u00a0postaven\u00ed subjektov t\u00fdchto vz\u0165ahov, auton\u00f3mia v\u00f4le str\u00e1n je v\u0161ak obmedzen\u00e1 kogentnos\u0165ou pr\u00e1vnej \u00fapravy, uplat\u0148uje sa tu s\u00fakromnopr\u00e1vna i\u00a0verejnopr\u00e1vna met\u00f3da pr\u00e1vnej regul\u00e1cie. Rovnako, pre skon\u010denie slu\u017eobn\u00e9ho pomeru je charakteristick\u00e9, \u017ee s\u00fa tu zast\u00fapen\u00e9 jednak prvky s\u00fakromnopr\u00e1vnej, ale aj verejnopr\u00e1vnej povahy. V\u00a0priebehu realiz\u00e1cie vz\u00e1jomn\u00fdch pr\u00e1v a\u00a0povinnost\u00ed, po\u010das existencie slu\u017eobn\u00e9ho pomeru prevl\u00e1da nadriadenos\u0165 a\u00a0podriadenos\u0165 v\u00a0postaven\u00ed subjektov, uplat\u0148uje sa tu verejnopr\u00e1vna met\u00f3da pr\u00e1vnej regul\u00e1cie.<\/p>\n<p style=\"font-weight: 400;\">K\u013e\u00fa\u010dov\u00e9 slov\u00e1: Slu\u017eobn\u00fd pomer, verejnopr\u00e1vny vz\u0165ah, individu\u00e1lny pr\u00e1vny akt, \u0161t\u00e1t, stabilita zamestnaneck\u00e9ho vz\u0165ahu \u2013 definit\u00edva, kogentnos\u0165 pr\u00e1vnej \u00fapravy, met\u00f3da pr\u00e1vnej regul\u00e1cie.<\/p>\n<hr \/>\n<p><a href=\"https:\/\/veda.polac.cz\/?page_id=1662\">Zp\u011bt<\/a><\/p>\n","protected":false},"excerpt":{"rendered":"<p>Resum\u00e9 \u010dl\u00e1nku Met\u00f3da pr\u00e1vnej regul\u00e1cie v\u00a0zamestnaneck\u00fdch vz\u0165ahoch policajtov u\u00a0n\u00e1s a\u00a0v\u00a0niektor\u00fdch krajin\u00e1ch E\u00da doc. JUDr. Jozef Kuril, CSc. Autor sa zaober\u00e1 v\u00a0predmetnom \u010dl\u00e1nku pr\u00e1vnou kvalifik\u00e1ciou slu\u017eobn\u00e9ho po-meru ako pr\u00e1vneho vz\u0165ahu. Poukazuje, \u017ee zamestnaneck\u00e9 vz\u0165ahy policajtov u\u00a0n\u00e1s, ale aj v\u00a0krajin\u00e1ch E\u00da, sa vyzna\u010duj\u00fa kombin\u00e1ciou met\u00f3d pr\u00e1vnej regul\u00e1cie, tzn. prel\u00ednan\u00edm prvkov s\u00fakromnopr\u00e1vnej i\u00a0verejnopr\u00e1vnej povahy. Pri vzniku slu\u017eobn\u00e9ho pomeru [&hellip;]<\/p>\n","protected":false},"author":2,"featured_media":0,"parent":1662,"menu_order":0,"comment_status":"closed","ping_status":"closed","template":"","meta":{"footnotes":""},"class_list":["post-2822","page","type-page","status-publish","hentry"],"_links":{"self":[{"href":"https:\/\/veda.polac.cz\/index.php?rest_route=\/wp\/v2\/pages\/2822","targetHints":{"allow":["GET"]}}],"collection":[{"href":"https:\/\/veda.polac.cz\/index.php?rest_route=\/wp\/v2\/pages"}],"about":[{"href":"https:\/\/veda.polac.cz\/index.php?rest_route=\/wp\/v2\/types\/page"}],"author":[{"embeddable":true,"href":"https:\/\/veda.polac.cz\/index.php?rest_route=\/wp\/v2\/users\/2"}],"replies":[{"embeddable":true,"href":"https:\/\/veda.polac.cz\/index.php?rest_route=%2Fwp%2Fv2%2Fcomments&post=2822"}],"version-history":[{"count":2,"href":"https:\/\/veda.polac.cz\/index.php?rest_route=\/wp\/v2\/pages\/2822\/revisions"}],"predecessor-version":[{"id":2871,"href":"https:\/\/veda.polac.cz\/index.php?rest_route=\/wp\/v2\/pages\/2822\/revisions\/2871"}],"up":[{"embeddable":true,"href":"https:\/\/veda.polac.cz\/index.php?rest_route=\/wp\/v2\/pages\/1662"}],"wp:attachment":[{"href":"https:\/\/veda.polac.cz\/index.php?rest_route=%2Fwp%2Fv2%2Fmedia&parent=2822"}],"curies":[{"name":"wp","href":"https:\/\/api.w.org\/{rel}","templated":true}]}}