{"id":2795,"date":"2019-04-18T12:50:39","date_gmt":"2019-04-18T12:50:39","guid":{"rendered":"http:\/\/veda.polac.cz\/?page_id=2795"},"modified":"2019-04-18T12:56:33","modified_gmt":"2019-04-18T12:56:33","slug":"17-2","status":"publish","type":"page","link":"https:\/\/veda.polac.cz\/?page_id=2795","title":{"rendered":""},"content":{"rendered":"<p style=\"text-align: center;\">Resum\u00e9 \u010dl\u00e1nku<\/p>\n<p><b>Anal\u00fdza obsahu \u0161tudijn\u00fdch programov v \u0161tudijnom odbore ochrana os\u00f4b a\u00a0majetku<\/b><b><br \/>\n<\/b><i>doc. Ing. Jozef Hal\u00e1dik, PhD.<br \/>\n<\/i><\/p>\n<p>\u0160t\u00fadia analyzuje obsahov\u00fa \u0161trukt\u00faru \u0161tudijn\u00fdch programov Bezpe\u010dnostno-pr\u00e1vna ochrana os\u00f4b a\u00a0majetku realizovan\u00fdch na Akad\u00e9mii Policajn\u00e9ho zboru v\u00a0Bratislave pod\u013ea krit\u00e9ri\u00ed ustanoven\u00fdch v obsahu \u0161tudijn\u00e9ho odboru 8.3.1 Ochrana os\u00f4b a\u00a0majetku, zaraden\u00e9ho v\u00a0s\u00fastave vysoko\u0161kolsk\u00e9ho vzdel\u00e1vania v\u00a0Slovenskej republike.<br \/>\nK\u013e\u00fa\u010dov\u00e9 slov\u00e1: \u0161tudijn\u00fd odbor, \u0161tudijn\u00fd program, bakal\u00e1rske, magistersk\u00e9, dokto-randsk\u00e9 \u0161t\u00fadium,\u00a0 nosn\u00e9 t\u00e9my jadra \u0161tudijn\u00e9ho odboru, po\u010det kreditov.<\/p>\n<hr \/>\n<p><a href=\"https:\/\/veda.polac.cz\/?page_id=1657\">Zp\u011bt<\/a><\/p>\n","protected":false},"excerpt":{"rendered":"<p>Resum\u00e9 \u010dl\u00e1nku Anal\u00fdza obsahu \u0161tudijn\u00fdch programov v \u0161tudijnom odbore ochrana os\u00f4b a\u00a0majetku doc. Ing. Jozef Hal\u00e1dik, PhD. \u0160t\u00fadia analyzuje obsahov\u00fa \u0161trukt\u00faru \u0161tudijn\u00fdch programov Bezpe\u010dnostno-pr\u00e1vna ochrana os\u00f4b a\u00a0majetku realizovan\u00fdch na Akad\u00e9mii Policajn\u00e9ho zboru v\u00a0Bratislave pod\u013ea krit\u00e9ri\u00ed ustanoven\u00fdch v obsahu \u0161tudijn\u00e9ho odboru 8.3.1 Ochrana os\u00f4b a\u00a0majetku, zaraden\u00e9ho v\u00a0s\u00fastave vysoko\u0161kolsk\u00e9ho vzdel\u00e1vania v\u00a0Slovenskej republike. K\u013e\u00fa\u010dov\u00e9 slov\u00e1: \u0161tudijn\u00fd odbor, \u0161tudijn\u00fd [&hellip;]<\/p>\n","protected":false},"author":2,"featured_media":0,"parent":1657,"menu_order":0,"comment_status":"closed","ping_status":"closed","template":"","meta":{"footnotes":""},"class_list":["post-2795","page","type-page","status-publish","hentry"],"_links":{"self":[{"href":"https:\/\/veda.polac.cz\/index.php?rest_route=\/wp\/v2\/pages\/2795","targetHints":{"allow":["GET"]}}],"collection":[{"href":"https:\/\/veda.polac.cz\/index.php?rest_route=\/wp\/v2\/pages"}],"about":[{"href":"https:\/\/veda.polac.cz\/index.php?rest_route=\/wp\/v2\/types\/page"}],"author":[{"embeddable":true,"href":"https:\/\/veda.polac.cz\/index.php?rest_route=\/wp\/v2\/users\/2"}],"replies":[{"embeddable":true,"href":"https:\/\/veda.polac.cz\/index.php?rest_route=%2Fwp%2Fv2%2Fcomments&post=2795"}],"version-history":[{"count":2,"href":"https:\/\/veda.polac.cz\/index.php?rest_route=\/wp\/v2\/pages\/2795\/revisions"}],"predecessor-version":[{"id":2814,"href":"https:\/\/veda.polac.cz\/index.php?rest_route=\/wp\/v2\/pages\/2795\/revisions\/2814"}],"up":[{"embeddable":true,"href":"https:\/\/veda.polac.cz\/index.php?rest_route=\/wp\/v2\/pages\/1657"}],"wp:attachment":[{"href":"https:\/\/veda.polac.cz\/index.php?rest_route=%2Fwp%2Fv2%2Fmedia&parent=2795"}],"curies":[{"name":"wp","href":"https:\/\/api.w.org\/{rel}","templated":true}]}}