{"id":2793,"date":"2019-04-18T12:49:24","date_gmt":"2019-04-18T12:49:24","guid":{"rendered":"http:\/\/veda.polac.cz\/?page_id=2793"},"modified":"2019-04-18T12:56:31","modified_gmt":"2019-04-18T12:56:31","slug":"16-2","status":"publish","type":"page","link":"https:\/\/veda.polac.cz\/?page_id=2793","title":{"rendered":""},"content":{"rendered":"<p style=\"text-align: center;\">Resum\u00e9 \u010dl\u00e1nku<\/p>\n<p><b>Syst\u00e9mov\u00e9 pojet\u00ed obsahu informa\u010dn\u00ed elementaristiky<\/b><b><br \/>\n<\/b><i>PaedDr. Zuzana Horv\u00e1thov\u00e1, Ph.D., plk. Mgr. Ing. Bc. Ji\u0159\u00ed Zl\u00e1mal, Ph.D.<br \/>\n<\/i><\/p>\n<p>P\u0159edlo\u017een\u00fd p\u0159\u00edsp\u011bvek je v\u011bnov\u00e1n nov\u00e9mu sm\u011bru teoretick\u00e9ho a experimen-t\u00e1ln\u00edho b\u00e1d\u00e1n\u00ed v\u00a0oblasti didaktiky informa\u010dn\u00ed v\u00fdchovy. V\u00a0sou\u010dasn\u00e9 dob\u011b tento sm\u011br ch\u00e1peme jako subdiscipl\u00ednu didaktiky informa\u010dn\u00ed v\u00fdchovy a pracovn\u011b j\u00ed naz\u00fdv\u00e1me informa\u010dn\u00ed elementaristka. Postup systematick\u00e9ho budov\u00e1n\u00ed didaktiky informa\u010dn\u00ed v\u00fdchovy, vych\u00e1z\u00ed p\u0159ev\u00e1\u017en\u011b z\u00a0elementov\u00e9 metodologie.<br \/>\nKl\u00ed\u010dov\u00e1 slova: Informa\u010dn\u00ed v\u00fdchova, informa\u010dn\u00ed prvek, metoda, studuj\u00edc\u00ed, syst\u00e9mov\u00e1 didaktika, v\u00fduka.<\/p>\n<hr \/>\n<p><a href=\"https:\/\/veda.polac.cz\/?page_id=1657\">Zp\u011bt<\/a><\/p>\n","protected":false},"excerpt":{"rendered":"<p>Resum\u00e9 \u010dl\u00e1nku Syst\u00e9mov\u00e9 pojet\u00ed obsahu informa\u010dn\u00ed elementaristiky PaedDr. Zuzana Horv\u00e1thov\u00e1, Ph.D., plk. Mgr. Ing. Bc. Ji\u0159\u00ed Zl\u00e1mal, Ph.D. P\u0159edlo\u017een\u00fd p\u0159\u00edsp\u011bvek je v\u011bnov\u00e1n nov\u00e9mu sm\u011bru teoretick\u00e9ho a experimen-t\u00e1ln\u00edho b\u00e1d\u00e1n\u00ed v\u00a0oblasti didaktiky informa\u010dn\u00ed v\u00fdchovy. V\u00a0sou\u010dasn\u00e9 dob\u011b tento sm\u011br ch\u00e1peme jako subdiscipl\u00ednu didaktiky informa\u010dn\u00ed v\u00fdchovy a pracovn\u011b j\u00ed naz\u00fdv\u00e1me informa\u010dn\u00ed elementaristka. Postup systematick\u00e9ho budov\u00e1n\u00ed didaktiky informa\u010dn\u00ed v\u00fdchovy, vych\u00e1z\u00ed [&hellip;]<\/p>\n","protected":false},"author":2,"featured_media":0,"parent":1657,"menu_order":0,"comment_status":"closed","ping_status":"closed","template":"","meta":{"footnotes":""},"class_list":["post-2793","page","type-page","status-publish","hentry"],"_links":{"self":[{"href":"https:\/\/veda.polac.cz\/index.php?rest_route=\/wp\/v2\/pages\/2793","targetHints":{"allow":["GET"]}}],"collection":[{"href":"https:\/\/veda.polac.cz\/index.php?rest_route=\/wp\/v2\/pages"}],"about":[{"href":"https:\/\/veda.polac.cz\/index.php?rest_route=\/wp\/v2\/types\/page"}],"author":[{"embeddable":true,"href":"https:\/\/veda.polac.cz\/index.php?rest_route=\/wp\/v2\/users\/2"}],"replies":[{"embeddable":true,"href":"https:\/\/veda.polac.cz\/index.php?rest_route=%2Fwp%2Fv2%2Fcomments&post=2793"}],"version-history":[{"count":2,"href":"https:\/\/veda.polac.cz\/index.php?rest_route=\/wp\/v2\/pages\/2793\/revisions"}],"predecessor-version":[{"id":2813,"href":"https:\/\/veda.polac.cz\/index.php?rest_route=\/wp\/v2\/pages\/2793\/revisions\/2813"}],"up":[{"embeddable":true,"href":"https:\/\/veda.polac.cz\/index.php?rest_route=\/wp\/v2\/pages\/1657"}],"wp:attachment":[{"href":"https:\/\/veda.polac.cz\/index.php?rest_route=%2Fwp%2Fv2%2Fmedia&parent=2793"}],"curies":[{"name":"wp","href":"https:\/\/api.w.org\/{rel}","templated":true}]}}