{"id":2791,"date":"2019-04-18T12:48:08","date_gmt":"2019-04-18T12:48:08","guid":{"rendered":"http:\/\/veda.polac.cz\/?page_id=2791"},"modified":"2019-04-18T12:56:29","modified_gmt":"2019-04-18T12:56:29","slug":"15-2","status":"publish","type":"page","link":"https:\/\/veda.polac.cz\/?page_id=2791","title":{"rendered":""},"content":{"rendered":"<p style=\"text-align: center;\">Resum\u00e9 \u010dl\u00e1nku<\/p>\n<p><b>\u0158idi\u010dsk\u00fd pr\u016fkaz na zkou\u0161ku<\/b><b><br \/>\n<\/b><i>doc. PhDr. Kamil Pavl\u00ed\u010dek, CSc.,\u00a0 pplk. Mgr. David Z\u00e1mek<br \/>\n<\/i><\/p>\n<p>Auto\u0159i se ve sv\u00e9m \u010dl\u00e1nku zam\u00fd\u0161lej\u00ed na mo\u017enost\u00ed zaveden\u00ed \u0159idi\u010dsk\u00fdch pr\u016fkaz\u016f na zkou\u0161ku pro za\u010d\u00ednaj\u00edc\u00ed \u0159idi\u010de. Ve sv\u00e9m \u010dl\u00e1nku k\u00a0podpo\u0159e sv\u00fdch argument\u016f pou\u017e\u00edvaj\u00ed zejm\u00e9na pr\u00e1vn\u00ed a faktick\u00e9 komparace s\u00a0vybran\u00fdmi zem\u011bmi Evropsk\u00e9 unie<br \/>\nKl\u00ed\u010dov\u00e1 slova: dopravn\u00ed nehodovost, prevence, \u0159idi\u010dsk\u00fd pr\u016fkaz na zkou\u0161ku, komparace, EU.<\/p>\n<hr \/>\n<p><a href=\"https:\/\/veda.polac.cz\/?page_id=1657\">Zp\u011bt<\/a><\/p>\n","protected":false},"excerpt":{"rendered":"<p>Resum\u00e9 \u010dl\u00e1nku \u0158idi\u010dsk\u00fd pr\u016fkaz na zkou\u0161ku doc. PhDr. Kamil Pavl\u00ed\u010dek, CSc.,\u00a0 pplk. Mgr. David Z\u00e1mek Auto\u0159i se ve sv\u00e9m \u010dl\u00e1nku zam\u00fd\u0161lej\u00ed na mo\u017enost\u00ed zaveden\u00ed \u0159idi\u010dsk\u00fdch pr\u016fkaz\u016f na zkou\u0161ku pro za\u010d\u00ednaj\u00edc\u00ed \u0159idi\u010de. Ve sv\u00e9m \u010dl\u00e1nku k\u00a0podpo\u0159e sv\u00fdch argument\u016f pou\u017e\u00edvaj\u00ed zejm\u00e9na pr\u00e1vn\u00ed a faktick\u00e9 komparace s\u00a0vybran\u00fdmi zem\u011bmi Evropsk\u00e9 unie Kl\u00ed\u010dov\u00e1 slova: dopravn\u00ed nehodovost, prevence, \u0159idi\u010dsk\u00fd pr\u016fkaz na [&hellip;]<\/p>\n","protected":false},"author":2,"featured_media":0,"parent":1657,"menu_order":0,"comment_status":"closed","ping_status":"closed","template":"","meta":{"footnotes":""},"class_list":["post-2791","page","type-page","status-publish","hentry"],"_links":{"self":[{"href":"https:\/\/veda.polac.cz\/index.php?rest_route=\/wp\/v2\/pages\/2791","targetHints":{"allow":["GET"]}}],"collection":[{"href":"https:\/\/veda.polac.cz\/index.php?rest_route=\/wp\/v2\/pages"}],"about":[{"href":"https:\/\/veda.polac.cz\/index.php?rest_route=\/wp\/v2\/types\/page"}],"author":[{"embeddable":true,"href":"https:\/\/veda.polac.cz\/index.php?rest_route=\/wp\/v2\/users\/2"}],"replies":[{"embeddable":true,"href":"https:\/\/veda.polac.cz\/index.php?rest_route=%2Fwp%2Fv2%2Fcomments&post=2791"}],"version-history":[{"count":2,"href":"https:\/\/veda.polac.cz\/index.php?rest_route=\/wp\/v2\/pages\/2791\/revisions"}],"predecessor-version":[{"id":2812,"href":"https:\/\/veda.polac.cz\/index.php?rest_route=\/wp\/v2\/pages\/2791\/revisions\/2812"}],"up":[{"embeddable":true,"href":"https:\/\/veda.polac.cz\/index.php?rest_route=\/wp\/v2\/pages\/1657"}],"wp:attachment":[{"href":"https:\/\/veda.polac.cz\/index.php?rest_route=%2Fwp%2Fv2%2Fmedia&parent=2791"}],"curies":[{"name":"wp","href":"https:\/\/api.w.org\/{rel}","templated":true}]}}