{"id":2780,"date":"2019-04-18T12:43:38","date_gmt":"2019-04-18T12:43:38","guid":{"rendered":"http:\/\/veda.polac.cz\/?page_id=2780"},"modified":"2019-04-18T12:56:23","modified_gmt":"2019-04-18T12:56:23","slug":"13-2","status":"publish","type":"page","link":"https:\/\/veda.polac.cz\/?page_id=2780","title":{"rendered":""},"content":{"rendered":"<p style=\"text-align: center;\">Resum\u00e9 \u010dl\u00e1nku<\/p>\n<p><b>Nov\u00e9 pojet\u00ed slu\u017eby \u017eelezni\u010dn\u00ed policie v\u00a0souvislosti s\u00a0reorganizac\u00ed Policejn\u00edho prezidia \u010cesk\u00e9 republiky<\/b><b><br \/>\n<\/b><i>Mgr. Zden\u011bk Chmela, doc. JUDr. Anton\u00edn Fil\u00e1k, CSc.<br \/>\n<\/i><\/p>\n<p>Auto\u0159i ve sv\u00e9m \u010dl\u00e1nku poukazuj\u00ed na zm\u011bny v\u00a0organizaci slu\u017eby po\u0159\u00e1dkov\u00e9 policie, na jej\u00ed d\u016fle\u017eitost v\u00a0zaji\u0161\u0165ov\u00e1n\u00ed ve\u0159ejn\u00e9ho \u0159\u00e1dku a kriminality na \u017eeleznici. Jej\u00ed historick\u00e9 vymezen\u00ed v\u00a0Policii \u010cR, organiza\u010dn\u00ed slo\u017een\u00ed a \u00fakoly, kter\u00e9 pln\u00ed.<br \/>\nKl\u00ed\u010dov\u00e1 slova: slu\u017eba \u017eelezni\u010dn\u00ed policie, organizace.<\/p>\n<hr \/>\n<p><a href=\"https:\/\/veda.polac.cz\/?page_id=1657\">Zp\u011bt<\/a><\/p>\n","protected":false},"excerpt":{"rendered":"<p>Resum\u00e9 \u010dl\u00e1nku Nov\u00e9 pojet\u00ed slu\u017eby \u017eelezni\u010dn\u00ed policie v\u00a0souvislosti s\u00a0reorganizac\u00ed Policejn\u00edho prezidia \u010cesk\u00e9 republiky Mgr. Zden\u011bk Chmela, doc. JUDr. Anton\u00edn Fil\u00e1k, CSc. Auto\u0159i ve sv\u00e9m \u010dl\u00e1nku poukazuj\u00ed na zm\u011bny v\u00a0organizaci slu\u017eby po\u0159\u00e1dkov\u00e9 policie, na jej\u00ed d\u016fle\u017eitost v\u00a0zaji\u0161\u0165ov\u00e1n\u00ed ve\u0159ejn\u00e9ho \u0159\u00e1dku a kriminality na \u017eeleznici. Jej\u00ed historick\u00e9 vymezen\u00ed v\u00a0Policii \u010cR, organiza\u010dn\u00ed slo\u017een\u00ed a \u00fakoly, kter\u00e9 pln\u00ed. Kl\u00ed\u010dov\u00e1 slova: [&hellip;]<\/p>\n","protected":false},"author":2,"featured_media":0,"parent":1657,"menu_order":0,"comment_status":"closed","ping_status":"closed","template":"","meta":{"footnotes":""},"class_list":["post-2780","page","type-page","status-publish","hentry"],"_links":{"self":[{"href":"https:\/\/veda.polac.cz\/index.php?rest_route=\/wp\/v2\/pages\/2780","targetHints":{"allow":["GET"]}}],"collection":[{"href":"https:\/\/veda.polac.cz\/index.php?rest_route=\/wp\/v2\/pages"}],"about":[{"href":"https:\/\/veda.polac.cz\/index.php?rest_route=\/wp\/v2\/types\/page"}],"author":[{"embeddable":true,"href":"https:\/\/veda.polac.cz\/index.php?rest_route=\/wp\/v2\/users\/2"}],"replies":[{"embeddable":true,"href":"https:\/\/veda.polac.cz\/index.php?rest_route=%2Fwp%2Fv2%2Fcomments&post=2780"}],"version-history":[{"count":2,"href":"https:\/\/veda.polac.cz\/index.php?rest_route=\/wp\/v2\/pages\/2780\/revisions"}],"predecessor-version":[{"id":2810,"href":"https:\/\/veda.polac.cz\/index.php?rest_route=\/wp\/v2\/pages\/2780\/revisions\/2810"}],"up":[{"embeddable":true,"href":"https:\/\/veda.polac.cz\/index.php?rest_route=\/wp\/v2\/pages\/1657"}],"wp:attachment":[{"href":"https:\/\/veda.polac.cz\/index.php?rest_route=%2Fwp%2Fv2%2Fmedia&parent=2780"}],"curies":[{"name":"wp","href":"https:\/\/api.w.org\/{rel}","templated":true}]}}