{"id":2778,"date":"2019-04-18T12:42:33","date_gmt":"2019-04-18T12:42:33","guid":{"rendered":"http:\/\/veda.polac.cz\/?page_id=2778"},"modified":"2019-04-18T12:52:52","modified_gmt":"2019-04-18T12:52:52","slug":"12-2","status":"publish","type":"page","link":"https:\/\/veda.polac.cz\/?page_id=2778","title":{"rendered":""},"content":{"rendered":"<p style=\"text-align: center;\">Resum\u00e9 \u010dl\u00e1nku<\/p>\n<p><b>Jednotliv\u00e1 opat\u0159en\u00ed prov\u00e1d\u011bn\u00e1 na m\u00edst\u011b ud\u00e1losti slu\u017ebou po\u0159\u00e1dkov\u00e9 policie<\/b><b><br \/>\n<\/b><i>Mgr. Zden\u011bk Chmela<br \/>\n<\/i><\/p>\n<p>Autor ve sv\u00e9m \u010dl\u00e1nku sumarizuje \u010dinnost slu\u017eby po\u0159\u00e1dkov\u00e9 policie na m\u00edst\u011b ud\u00e1losti. Pojedn\u00e1v\u00e1 o jednotliv\u00fdch prvotn\u00edch a neodkladn\u00fdch \u00fakonech prov\u00e1d\u011bn\u00fdch policejn\u00edm inspektorem s\u00a0d\u016frazem na pod\u00e1v\u00e1n\u00ed informac\u00ed z\u00a0m\u00edsta ud\u00e1losti a na tzv. hl\u00e1snou slu\u017ebu, kter\u00e1 n\u00e1sledn\u011b rozhoduje o dal\u0161\u00edch postupech a \u010dinnostech policie, mnohdy tak kritizovanou sd\u011blovac\u00edmi prost\u0159edky.<br \/>\nKl\u00ed\u010dov\u00e1 slova:\u00a0 po\u0159\u00e1dkov\u00e1 policie, opat\u0159en\u00ed, neodkladn\u00e9 \u00fakony.<\/p>\n<hr \/>\n<p><a href=\"https:\/\/veda.polac.cz\/?page_id=1657\">Zp\u011bt<\/a><\/p>\n","protected":false},"excerpt":{"rendered":"<p>Resum\u00e9 \u010dl\u00e1nku Jednotliv\u00e1 opat\u0159en\u00ed prov\u00e1d\u011bn\u00e1 na m\u00edst\u011b ud\u00e1losti slu\u017ebou po\u0159\u00e1dkov\u00e9 policie Mgr. Zden\u011bk Chmela Autor ve sv\u00e9m \u010dl\u00e1nku sumarizuje \u010dinnost slu\u017eby po\u0159\u00e1dkov\u00e9 policie na m\u00edst\u011b ud\u00e1losti. Pojedn\u00e1v\u00e1 o jednotliv\u00fdch prvotn\u00edch a neodkladn\u00fdch \u00fakonech prov\u00e1d\u011bn\u00fdch policejn\u00edm inspektorem s\u00a0d\u016frazem na pod\u00e1v\u00e1n\u00ed informac\u00ed z\u00a0m\u00edsta ud\u00e1losti a na tzv. hl\u00e1snou slu\u017ebu, kter\u00e1 n\u00e1sledn\u011b rozhoduje o dal\u0161\u00edch postupech a \u010dinnostech [&hellip;]<\/p>\n","protected":false},"author":2,"featured_media":0,"parent":1657,"menu_order":0,"comment_status":"closed","ping_status":"closed","template":"","meta":{"footnotes":""},"class_list":["post-2778","page","type-page","status-publish","hentry"],"_links":{"self":[{"href":"https:\/\/veda.polac.cz\/index.php?rest_route=\/wp\/v2\/pages\/2778","targetHints":{"allow":["GET"]}}],"collection":[{"href":"https:\/\/veda.polac.cz\/index.php?rest_route=\/wp\/v2\/pages"}],"about":[{"href":"https:\/\/veda.polac.cz\/index.php?rest_route=\/wp\/v2\/types\/page"}],"author":[{"embeddable":true,"href":"https:\/\/veda.polac.cz\/index.php?rest_route=\/wp\/v2\/users\/2"}],"replies":[{"embeddable":true,"href":"https:\/\/veda.polac.cz\/index.php?rest_route=%2Fwp%2Fv2%2Fcomments&post=2778"}],"version-history":[{"count":2,"href":"https:\/\/veda.polac.cz\/index.php?rest_route=\/wp\/v2\/pages\/2778\/revisions"}],"predecessor-version":[{"id":2803,"href":"https:\/\/veda.polac.cz\/index.php?rest_route=\/wp\/v2\/pages\/2778\/revisions\/2803"}],"up":[{"embeddable":true,"href":"https:\/\/veda.polac.cz\/index.php?rest_route=\/wp\/v2\/pages\/1657"}],"wp:attachment":[{"href":"https:\/\/veda.polac.cz\/index.php?rest_route=%2Fwp%2Fv2%2Fmedia&parent=2778"}],"curies":[{"name":"wp","href":"https:\/\/api.w.org\/{rel}","templated":true}]}}