{"id":2770,"date":"2019-04-18T12:38:33","date_gmt":"2019-04-18T12:38:33","guid":{"rendered":"http:\/\/veda.polac.cz\/?page_id=2770"},"modified":"2019-04-18T12:56:21","modified_gmt":"2019-04-18T12:56:21","slug":"11-2","status":"publish","type":"page","link":"https:\/\/veda.polac.cz\/?page_id=2770","title":{"rendered":""},"content":{"rendered":"<p style=\"text-align: center;\">Resum\u00e9 \u010dl\u00e1nku<\/p>\n<p><b>Kriminalistick\u00e1 charakteristika zlo\u010din\u016f \u201ejm\u00e9nem cti\u201c, zejm\u00e9na vra\u017ed \u201ejm\u00e9nem cti\u201c<\/b><b><br \/>\n<\/b><i>PaedMgr. ThMgr. Leo\u0161 Tu\u010dek<br \/>\n<\/i><\/p>\n<p>Text p\u0159ibli\u017euje problematiku zlo\u010din\u016f p\u00e1chan\u00fdch \u201ejm\u00e9nem cti\u201c a v\u011bnuje pozornost p\u0159edev\u0161\u00edm mo\u017enosti zahrnout tyto zlo\u010diny do \u0161ir\u0161\u00edho kontextu pojmu dom\u00e1c\u00edho n\u00e1sil\u00ed z\u00a0hlediska kriminalistick\u00e9 charakteristiky. Pozn\u00e1n\u00ed zlo\u010din\u016f p\u00e1chan\u00fdch \u201ejm\u00e9nem cti\u201c m\u016f\u017ee v\u00fdrazn\u011b p\u0159isp\u011bt ke zkvalitn\u011bn\u00ed pr\u00e1ce policie v m\u00edstn\u00edch podm\u00ednk\u00e1ch. Na teoretick\u00e9 rovin\u011b p\u0159in\u00e1\u0161\u00ed zevrubn\u00e1 kriminalistick\u00e1 charakteristika vra\u017ed \u201ejm\u00e9nem cti\u201c velmi cenn\u00e9 poznatky o fungov\u00e1n\u00ed a dysfunkc\u00edch patriarch\u00e1ln\u011b strukturovan\u00e9 rodiny v\u00a0dne\u0161n\u00ed situaci, o p\u0159\u00edpadn\u00fdch kriminogenn\u00edch mechanismech. Prohlubuje velmi \u017e\u00e1douc\u00edm zp\u016fsobem pozn\u00e1n\u00ed dom\u00e1c\u00edho n\u00e1sil\u00ed a kone\u010dn\u011b vytv\u00e1\u0159\u00ed kvalitn\u00ed p\u0159edpoklady pro zamezen\u00ed p\u00e1ch\u00e1n\u00ed t\u00e9to trestn\u00e9 \u010dinnosti nebo pro jej\u00ed vy\u0161et\u0159ov\u00e1n\u00ed.<br \/>\nKl\u00ed\u010dov\u00e1 slova:\u00a0 vra\u017edy, vra\u017edy jm\u00e9nem cti, dom\u00e1c\u00ed n\u00e1sil\u00ed.<\/p>\n<hr \/>\n<p><a href=\"https:\/\/veda.polac.cz\/?page_id=1657\">Zp\u011bt<\/a><\/p>\n","protected":false},"excerpt":{"rendered":"<p>Resum\u00e9 \u010dl\u00e1nku Kriminalistick\u00e1 charakteristika zlo\u010din\u016f \u201ejm\u00e9nem cti\u201c, zejm\u00e9na vra\u017ed \u201ejm\u00e9nem cti\u201c PaedMgr. ThMgr. Leo\u0161 Tu\u010dek Text p\u0159ibli\u017euje problematiku zlo\u010din\u016f p\u00e1chan\u00fdch \u201ejm\u00e9nem cti\u201c a v\u011bnuje pozornost p\u0159edev\u0161\u00edm mo\u017enosti zahrnout tyto zlo\u010diny do \u0161ir\u0161\u00edho kontextu pojmu dom\u00e1c\u00edho n\u00e1sil\u00ed z\u00a0hlediska kriminalistick\u00e9 charakteristiky. Pozn\u00e1n\u00ed zlo\u010din\u016f p\u00e1chan\u00fdch \u201ejm\u00e9nem cti\u201c m\u016f\u017ee v\u00fdrazn\u011b p\u0159isp\u011bt ke zkvalitn\u011bn\u00ed pr\u00e1ce policie v m\u00edstn\u00edch podm\u00ednk\u00e1ch. Na [&hellip;]<\/p>\n","protected":false},"author":2,"featured_media":0,"parent":1657,"menu_order":0,"comment_status":"closed","ping_status":"closed","template":"","meta":{"footnotes":""},"class_list":["post-2770","page","type-page","status-publish","hentry"],"_links":{"self":[{"href":"https:\/\/veda.polac.cz\/index.php?rest_route=\/wp\/v2\/pages\/2770","targetHints":{"allow":["GET"]}}],"collection":[{"href":"https:\/\/veda.polac.cz\/index.php?rest_route=\/wp\/v2\/pages"}],"about":[{"href":"https:\/\/veda.polac.cz\/index.php?rest_route=\/wp\/v2\/types\/page"}],"author":[{"embeddable":true,"href":"https:\/\/veda.polac.cz\/index.php?rest_route=\/wp\/v2\/users\/2"}],"replies":[{"embeddable":true,"href":"https:\/\/veda.polac.cz\/index.php?rest_route=%2Fwp%2Fv2%2Fcomments&post=2770"}],"version-history":[{"count":2,"href":"https:\/\/veda.polac.cz\/index.php?rest_route=\/wp\/v2\/pages\/2770\/revisions"}],"predecessor-version":[{"id":2809,"href":"https:\/\/veda.polac.cz\/index.php?rest_route=\/wp\/v2\/pages\/2770\/revisions\/2809"}],"up":[{"embeddable":true,"href":"https:\/\/veda.polac.cz\/index.php?rest_route=\/wp\/v2\/pages\/1657"}],"wp:attachment":[{"href":"https:\/\/veda.polac.cz\/index.php?rest_route=%2Fwp%2Fv2%2Fmedia&parent=2770"}],"curies":[{"name":"wp","href":"https:\/\/api.w.org\/{rel}","templated":true}]}}