{"id":2768,"date":"2019-04-18T12:37:13","date_gmt":"2019-04-18T12:37:13","guid":{"rendered":"http:\/\/veda.polac.cz\/?page_id=2768"},"modified":"2019-04-18T12:56:17","modified_gmt":"2019-04-18T12:56:17","slug":"10-2","status":"publish","type":"page","link":"https:\/\/veda.polac.cz\/?page_id=2768","title":{"rendered":""},"content":{"rendered":"<p style=\"text-align: center;\">Resum\u00e9 \u010dl\u00e1nku<\/p>\n<p><b>M\u00edsto mediace a alternativn\u00edho \u0159e\u0161en\u00ed trestn\u00edch v\u011bc\u00ed v\u00a0soci\u00e1ln\u00ed prevenci kriminality<\/b><b><br \/>\n<\/b><i>pplk. Mgr. Josef Hrudka<br \/>\n<\/i><\/p>\n<p>Autor v\u00a0t\u00e9to stati, s\u00a0ur\u010ditou m\u00edrou obecnosti, za pomoci \u010d\u00e1ste\u010dn\u00e9 komparace s\u00a0n\u011bkter\u00fdmi negativn\u00edmi dopady ukl\u00e1d\u00e1n\u00ed trestu odn\u011bt\u00ed svobody, zejm\u00e9na kr\u00e1tkodob\u00fdch nepodm\u00edn\u011bn\u00fdch trest\u016f odn\u011bt\u00ed svobody, analyzuje m\u00edsto mediace a alternativn\u00edch \u0159e\u0161en\u00ed trestn\u00edch v\u011bc\u00ed v\u00a0soci\u00e1ln\u00ed prevenci kriminality a nazna\u010duje sm\u011br, kter\u00fdm se bude ub\u00edrat trestn\u00ed politika a n\u00e1hled na funkci trestu a trest\u00e1n\u00ed. Z\u00e1rove\u0148 v\u00a0z\u00e1v\u011bre\u010dn\u00e9 \u010d\u00e1sti konstatuje, \u017ee alternativn\u00ed \u0159e\u0161en\u00ed trestn\u00edch v\u011bc\u00ed maj\u00ed sv\u00e9 mo\u017enosti a\u00a0limity a nepodm\u00edn\u011bn\u00fd trest odn\u011bt\u00ed svobody, z\u016fst\u00e1v\u00e1 u n\u011bkter\u00fdch pachatel\u016f trestem nenahraditeln\u00fdm.<br \/>\nKl\u00ed\u010dov\u00e1 slova: soci\u00e1ln\u00ed prevence, nepodm\u00edn\u011bn\u00fd trest odn\u011bt\u00ed svobody, mediace a\u00a0alternativn\u00ed \u0159e\u0161en\u00ed trestn\u00edch v\u011bc\u00ed, \u00fa\u0159edn\u00edci proba\u010dn\u00ed a media\u010dn\u00ed slu\u017eby, terci\u00e1rn\u00ed soci\u00e1ln\u00ed prevence kriminality.<\/p>\n<hr \/>\n<p><a href=\"https:\/\/veda.polac.cz\/?page_id=1657\">Zp\u011bt<\/a><\/p>\n","protected":false},"excerpt":{"rendered":"<p>Resum\u00e9 \u010dl\u00e1nku M\u00edsto mediace a alternativn\u00edho \u0159e\u0161en\u00ed trestn\u00edch v\u011bc\u00ed v\u00a0soci\u00e1ln\u00ed prevenci kriminality pplk. Mgr. Josef Hrudka Autor v\u00a0t\u00e9to stati, s\u00a0ur\u010ditou m\u00edrou obecnosti, za pomoci \u010d\u00e1ste\u010dn\u00e9 komparace s\u00a0n\u011bkter\u00fdmi negativn\u00edmi dopady ukl\u00e1d\u00e1n\u00ed trestu odn\u011bt\u00ed svobody, zejm\u00e9na kr\u00e1tkodob\u00fdch nepodm\u00edn\u011bn\u00fdch trest\u016f odn\u011bt\u00ed svobody, analyzuje m\u00edsto mediace a alternativn\u00edch \u0159e\u0161en\u00ed trestn\u00edch v\u011bc\u00ed v\u00a0soci\u00e1ln\u00ed prevenci kriminality a nazna\u010duje sm\u011br, kter\u00fdm se [&hellip;]<\/p>\n","protected":false},"author":2,"featured_media":0,"parent":1657,"menu_order":0,"comment_status":"closed","ping_status":"closed","template":"","meta":{"footnotes":""},"class_list":["post-2768","page","type-page","status-publish","hentry"],"_links":{"self":[{"href":"https:\/\/veda.polac.cz\/index.php?rest_route=\/wp\/v2\/pages\/2768","targetHints":{"allow":["GET"]}}],"collection":[{"href":"https:\/\/veda.polac.cz\/index.php?rest_route=\/wp\/v2\/pages"}],"about":[{"href":"https:\/\/veda.polac.cz\/index.php?rest_route=\/wp\/v2\/types\/page"}],"author":[{"embeddable":true,"href":"https:\/\/veda.polac.cz\/index.php?rest_route=\/wp\/v2\/users\/2"}],"replies":[{"embeddable":true,"href":"https:\/\/veda.polac.cz\/index.php?rest_route=%2Fwp%2Fv2%2Fcomments&post=2768"}],"version-history":[{"count":2,"href":"https:\/\/veda.polac.cz\/index.php?rest_route=\/wp\/v2\/pages\/2768\/revisions"}],"predecessor-version":[{"id":2808,"href":"https:\/\/veda.polac.cz\/index.php?rest_route=\/wp\/v2\/pages\/2768\/revisions\/2808"}],"up":[{"embeddable":true,"href":"https:\/\/veda.polac.cz\/index.php?rest_route=\/wp\/v2\/pages\/1657"}],"wp:attachment":[{"href":"https:\/\/veda.polac.cz\/index.php?rest_route=%2Fwp%2Fv2%2Fmedia&parent=2768"}],"curies":[{"name":"wp","href":"https:\/\/api.w.org\/{rel}","templated":true}]}}