{"id":2766,"date":"2019-04-18T12:35:55","date_gmt":"2019-04-18T12:35:55","guid":{"rendered":"http:\/\/veda.polac.cz\/?page_id=2766"},"modified":"2019-04-18T12:56:50","modified_gmt":"2019-04-18T12:56:50","slug":"9-2","status":"publish","type":"page","link":"https:\/\/veda.polac.cz\/?page_id=2766","title":{"rendered":""},"content":{"rendered":"<p style=\"text-align: center;\">Resum\u00e9 \u010dl\u00e1nku<\/p>\n<p><b>Kriminalistick\u00e1 viktimologie, viktimizace, ob\u011b\u0165 a\u00a0\u00fajma\u00a0<\/b><b><br \/>\n<\/b><i>JUDr. Nikolaj Hrib<br \/>\n<\/i><\/p>\n<p>\u010cl\u00e1nek se zab\u00fdv\u00e1 ot\u00e1zkou kriminalistick\u00e9 viktimizace u nedbalostn\u00ed trestn\u00e9 \u010dinnosti, nebo\u0165 z\u00a0logiky v\u011bci sam\u00e9 vypl\u00fdv\u00e1, \u017ee i u nedbalostn\u00ed trestn\u00e9 \u010dinnosti jsou spln\u011bny podm\u00ednky pro viktimizaci, nebo\u0165 i tato m\u00e1 svoji ob\u011b\u0165 a \u00fajmu, stejn\u011b jako \u00famysln\u00e1 trestn\u00e1 \u010dinnost. \u010cl\u00e1nek polemizuje o pojmu terci\u00e1rn\u00ed viktimizace u\u00a0nedbalostn\u00ed trestn\u00e9 \u010dinnosti, z\u00a0d\u016fvod\u016f odli\u0161en\u00ed od viktimizace u \u00famysln\u00e9 trestn\u00e9 \u010dinnosti.<br \/>\nKl\u00ed\u010dov\u00e1 slova:\u00a0 viktimologie, viktimizace, terci\u00e1rn\u00ed viktimihzace, nedbalostn\u00ed trestn\u00e9 \u010diny.<\/p>\n<hr \/>\n<p><a href=\"https:\/\/veda.polac.cz\/?page_id=1657\">Zp\u011bt<\/a><\/p>\n","protected":false},"excerpt":{"rendered":"<p>Resum\u00e9 \u010dl\u00e1nku Kriminalistick\u00e1 viktimologie, viktimizace, ob\u011b\u0165 a\u00a0\u00fajma\u00a0 JUDr. Nikolaj Hrib \u010cl\u00e1nek se zab\u00fdv\u00e1 ot\u00e1zkou kriminalistick\u00e9 viktimizace u nedbalostn\u00ed trestn\u00e9 \u010dinnosti, nebo\u0165 z\u00a0logiky v\u011bci sam\u00e9 vypl\u00fdv\u00e1, \u017ee i u nedbalostn\u00ed trestn\u00e9 \u010dinnosti jsou spln\u011bny podm\u00ednky pro viktimizaci, nebo\u0165 i tato m\u00e1 svoji ob\u011b\u0165 a \u00fajmu, stejn\u011b jako \u00famysln\u00e1 trestn\u00e1 \u010dinnost. \u010cl\u00e1nek polemizuje o pojmu terci\u00e1rn\u00ed viktimizace [&hellip;]<\/p>\n","protected":false},"author":2,"featured_media":0,"parent":1657,"menu_order":0,"comment_status":"closed","ping_status":"closed","template":"","meta":{"footnotes":""},"class_list":["post-2766","page","type-page","status-publish","hentry"],"_links":{"self":[{"href":"https:\/\/veda.polac.cz\/index.php?rest_route=\/wp\/v2\/pages\/2766","targetHints":{"allow":["GET"]}}],"collection":[{"href":"https:\/\/veda.polac.cz\/index.php?rest_route=\/wp\/v2\/pages"}],"about":[{"href":"https:\/\/veda.polac.cz\/index.php?rest_route=\/wp\/v2\/types\/page"}],"author":[{"embeddable":true,"href":"https:\/\/veda.polac.cz\/index.php?rest_route=\/wp\/v2\/users\/2"}],"replies":[{"embeddable":true,"href":"https:\/\/veda.polac.cz\/index.php?rest_route=%2Fwp%2Fv2%2Fcomments&post=2766"}],"version-history":[{"count":2,"href":"https:\/\/veda.polac.cz\/index.php?rest_route=\/wp\/v2\/pages\/2766\/revisions"}],"predecessor-version":[{"id":2819,"href":"https:\/\/veda.polac.cz\/index.php?rest_route=\/wp\/v2\/pages\/2766\/revisions\/2819"}],"up":[{"embeddable":true,"href":"https:\/\/veda.polac.cz\/index.php?rest_route=\/wp\/v2\/pages\/1657"}],"wp:attachment":[{"href":"https:\/\/veda.polac.cz\/index.php?rest_route=%2Fwp%2Fv2%2Fmedia&parent=2766"}],"curies":[{"name":"wp","href":"https:\/\/api.w.org\/{rel}","templated":true}]}}