{"id":2758,"date":"2019-04-18T12:33:00","date_gmt":"2019-04-18T12:33:00","guid":{"rendered":"http:\/\/veda.polac.cz\/?page_id=2758"},"modified":"2019-04-18T12:56:47","modified_gmt":"2019-04-18T12:56:47","slug":"8-2","status":"publish","type":"page","link":"https:\/\/veda.polac.cz\/?page_id=2758","title":{"rendered":""},"content":{"rendered":"<p style=\"text-align: center;\">Resum\u00e9 \u010dl\u00e1nku<\/p>\n<p><b>V\u00fdznam znaleck\u00e9ho zkoum\u00e1n\u00ed p\u0159i vy\u0161et\u0159ov\u00e1n\u00ed<\/b><b><br \/>\n<\/b><i>prof. PhDr. Ji\u0159\u00ed Straus, DrSc., pplk. JUDr. Zden\u011bk Sad\u00edlek<br \/>\n<\/i><\/p>\n<p>V\u00a0\u010dl\u00e1nku je pops\u00e1n p\u0159\u00edpad ubl\u00ed\u017een\u00ed na zdrav\u00ed a \u00fadajn\u00e9ho zneu\u017eit\u00ed pravomoci ve\u0159ejn\u00e9ho \u010dinitele. Zpo\u010d\u00e1tku byl p\u0159\u00edpad zcela jasn\u00fd a obvin\u011bn\u00fd byl odsouzen. Po odvol\u00e1n\u00ed se prok\u00e1zala zcela jin\u00e1 skute\u010dnost a odsouzen\u00fd byl osvobozen. V\u00a0p\u0159\u00edpadu sehr\u00e1lo v\u00fdznamnou roli znaleck\u00e9 zkoum\u00e1n\u00ed z\u00a0oboru Kriminalistika, specializace forenzn\u00ed biomechanika. Zkoum\u00e1n\u00edm byla zji\u0161t\u011bna s\u00edla mechanick\u00e9ho nam\u00e1h\u00e1n\u00ed na organismus a pravd\u011bpodobnost poran\u011bn\u00ed. Auto\u0159i cht\u011bli upozornit na chyby, kter\u00fdch se dopustily org\u00e1ny \u010dinn\u00e9 v\u00a0trestn\u00edm \u0159\u00edzen\u00ed.<br \/>\nKl\u00ed\u010dov\u00e1 slova:\u00a0 kriminalistika, forenzn\u00ed biomechanika, dopravn\u00ed nehoda, ubl\u00ed\u017een\u00ed na zdrav\u00ed.<\/p>\n<hr \/>\n<p><a href=\"https:\/\/veda.polac.cz\/?page_id=1657\">Zp\u011bt<\/a><\/p>\n","protected":false},"excerpt":{"rendered":"<p>Resum\u00e9 \u010dl\u00e1nku V\u00fdznam znaleck\u00e9ho zkoum\u00e1n\u00ed p\u0159i vy\u0161et\u0159ov\u00e1n\u00ed prof. PhDr. Ji\u0159\u00ed Straus, DrSc., pplk. JUDr. Zden\u011bk Sad\u00edlek V\u00a0\u010dl\u00e1nku je pops\u00e1n p\u0159\u00edpad ubl\u00ed\u017een\u00ed na zdrav\u00ed a \u00fadajn\u00e9ho zneu\u017eit\u00ed pravomoci ve\u0159ejn\u00e9ho \u010dinitele. Zpo\u010d\u00e1tku byl p\u0159\u00edpad zcela jasn\u00fd a obvin\u011bn\u00fd byl odsouzen. Po odvol\u00e1n\u00ed se prok\u00e1zala zcela jin\u00e1 skute\u010dnost a odsouzen\u00fd byl osvobozen. V\u00a0p\u0159\u00edpadu sehr\u00e1lo v\u00fdznamnou roli znaleck\u00e9 zkoum\u00e1n\u00ed [&hellip;]<\/p>\n","protected":false},"author":2,"featured_media":0,"parent":1657,"menu_order":0,"comment_status":"closed","ping_status":"closed","template":"","meta":{"footnotes":""},"class_list":["post-2758","page","type-page","status-publish","hentry"],"_links":{"self":[{"href":"https:\/\/veda.polac.cz\/index.php?rest_route=\/wp\/v2\/pages\/2758","targetHints":{"allow":["GET"]}}],"collection":[{"href":"https:\/\/veda.polac.cz\/index.php?rest_route=\/wp\/v2\/pages"}],"about":[{"href":"https:\/\/veda.polac.cz\/index.php?rest_route=\/wp\/v2\/types\/page"}],"author":[{"embeddable":true,"href":"https:\/\/veda.polac.cz\/index.php?rest_route=\/wp\/v2\/users\/2"}],"replies":[{"embeddable":true,"href":"https:\/\/veda.polac.cz\/index.php?rest_route=%2Fwp%2Fv2%2Fcomments&post=2758"}],"version-history":[{"count":2,"href":"https:\/\/veda.polac.cz\/index.php?rest_route=\/wp\/v2\/pages\/2758\/revisions"}],"predecessor-version":[{"id":2818,"href":"https:\/\/veda.polac.cz\/index.php?rest_route=\/wp\/v2\/pages\/2758\/revisions\/2818"}],"up":[{"embeddable":true,"href":"https:\/\/veda.polac.cz\/index.php?rest_route=\/wp\/v2\/pages\/1657"}],"wp:attachment":[{"href":"https:\/\/veda.polac.cz\/index.php?rest_route=%2Fwp%2Fv2%2Fmedia&parent=2758"}],"curies":[{"name":"wp","href":"https:\/\/api.w.org\/{rel}","templated":true}]}}