{"id":2756,"date":"2019-04-18T12:31:47","date_gmt":"2019-04-18T12:31:47","guid":{"rendered":"http:\/\/veda.polac.cz\/?page_id=2756"},"modified":"2019-04-18T12:56:45","modified_gmt":"2019-04-18T12:56:45","slug":"7-2","status":"publish","type":"page","link":"https:\/\/veda.polac.cz\/?page_id=2756","title":{"rendered":""},"content":{"rendered":"<p style=\"text-align: center;\">Resum\u00e9 \u010dl\u00e1nku<\/p>\n<p><b>Z\u00edsk\u00e1v\u00e1n\u00ed kompetenc\u00ed, nebo kultivace osobnosti?\u00a0<\/b><b><br \/>\n<\/b><i>PhDr. Petr Nesvadba, CSc.<br \/>\n<\/i><\/p>\n<p>V posledn\u00edch letech se prosazuje z\u00fa\u017een\u00e9 a instrument\u00e1ln\u00ed pojet\u00ed vzd\u011bl\u00e1v\u00e1n\u00ed jako\u017eto \u201eu\u010den\u00ed se rol\u00edm\u201c \u010di \u201eosvojov\u00e1n\u00ed si kompetenc\u00ed\u201c. Autor soud\u00ed, \u017ee pojmu \u201ekompetence\u201c je t\u0159eba rozum\u011bt nikoli jako \u201edod\u00e1vce hotov\u00e9ho zbo\u017e\u00ed\u201c, n\u00fdbr\u017e jako \u201euv\u011bdom\u011bn\u00e9 nedosta\u010divosti\u201c, tj. v\u00fdchodisku na tvo\u0159iv\u00e9 cest\u011b hled\u00e1n\u00ed a osobnostn\u00edho zr\u00e1n\u00ed. V\u00fduku policejn\u00ed etiky proto navrhuje budovat na b\u00e1zi \u0161iroce humanitn\u011b pojat\u00e9ho programu \u201ekultivace du\u0161e\u201c, tj. rozv\u00edjen\u00ed kritick\u00e9ho my\u0161len\u00ed jedince, jeho schopnost\u00ed \u0159e\u0161it mor\u00e1ln\u00ed a mravn\u00ed dilemata, volit adekv\u00e1tn\u00ed algoritmy chov\u00e1n\u00ed a\u00a0jedn\u00e1n\u00ed a p\u0159eb\u00edrat za n\u011b odpov\u011bdnost.<br \/>\nKl\u00ed\u010dov\u00e1 slova: kompetence, odpov\u011bdnost, policejn\u00ed etika, role, slu\u017eba, vzd\u011bl\u00e1v\u00e1n\u00ed.<\/p>\n<hr \/>\n<p><a href=\"https:\/\/veda.polac.cz\/?page_id=1657\">Zp\u011bt<\/a><\/p>\n","protected":false},"excerpt":{"rendered":"<p>Resum\u00e9 \u010dl\u00e1nku Z\u00edsk\u00e1v\u00e1n\u00ed kompetenc\u00ed, nebo kultivace osobnosti?\u00a0 PhDr. Petr Nesvadba, CSc. V posledn\u00edch letech se prosazuje z\u00fa\u017een\u00e9 a instrument\u00e1ln\u00ed pojet\u00ed vzd\u011bl\u00e1v\u00e1n\u00ed jako\u017eto \u201eu\u010den\u00ed se rol\u00edm\u201c \u010di \u201eosvojov\u00e1n\u00ed si kompetenc\u00ed\u201c. Autor soud\u00ed, \u017ee pojmu \u201ekompetence\u201c je t\u0159eba rozum\u011bt nikoli jako \u201edod\u00e1vce hotov\u00e9ho zbo\u017e\u00ed\u201c, n\u00fdbr\u017e jako \u201euv\u011bdom\u011bn\u00e9 nedosta\u010divosti\u201c, tj. v\u00fdchodisku na tvo\u0159iv\u00e9 cest\u011b hled\u00e1n\u00ed a osobnostn\u00edho zr\u00e1n\u00ed. [&hellip;]<\/p>\n","protected":false},"author":2,"featured_media":0,"parent":1657,"menu_order":0,"comment_status":"closed","ping_status":"closed","template":"","meta":{"footnotes":""},"class_list":["post-2756","page","type-page","status-publish","hentry"],"_links":{"self":[{"href":"https:\/\/veda.polac.cz\/index.php?rest_route=\/wp\/v2\/pages\/2756","targetHints":{"allow":["GET"]}}],"collection":[{"href":"https:\/\/veda.polac.cz\/index.php?rest_route=\/wp\/v2\/pages"}],"about":[{"href":"https:\/\/veda.polac.cz\/index.php?rest_route=\/wp\/v2\/types\/page"}],"author":[{"embeddable":true,"href":"https:\/\/veda.polac.cz\/index.php?rest_route=\/wp\/v2\/users\/2"}],"replies":[{"embeddable":true,"href":"https:\/\/veda.polac.cz\/index.php?rest_route=%2Fwp%2Fv2%2Fcomments&post=2756"}],"version-history":[{"count":2,"href":"https:\/\/veda.polac.cz\/index.php?rest_route=\/wp\/v2\/pages\/2756\/revisions"}],"predecessor-version":[{"id":2817,"href":"https:\/\/veda.polac.cz\/index.php?rest_route=\/wp\/v2\/pages\/2756\/revisions\/2817"}],"up":[{"embeddable":true,"href":"https:\/\/veda.polac.cz\/index.php?rest_route=\/wp\/v2\/pages\/1657"}],"wp:attachment":[{"href":"https:\/\/veda.polac.cz\/index.php?rest_route=%2Fwp%2Fv2%2Fmedia&parent=2756"}],"curies":[{"name":"wp","href":"https:\/\/api.w.org\/{rel}","templated":true}]}}