{"id":2754,"date":"2019-04-18T12:30:29","date_gmt":"2019-04-18T12:30:29","guid":{"rendered":"http:\/\/veda.polac.cz\/?page_id=2754"},"modified":"2019-04-18T12:56:43","modified_gmt":"2019-04-18T12:56:43","slug":"6-2","status":"publish","type":"page","link":"https:\/\/veda.polac.cz\/?page_id=2754","title":{"rendered":""},"content":{"rendered":"<p style=\"text-align: center;\">Resum\u00e9 \u010dl\u00e1nku<\/p>\n<p><b>N\u00e1stroje opera\u010dn\u00ed anal\u00fdzy pro pl\u00e1nov\u00e1n\u00ed \u010dinnost\u00ed<\/b><b><br \/>\n<\/b><i>Ing. Ivan Fo\u0159t<br \/>\n<\/i><\/p>\n<p>\u010cl\u00e1nek kr\u00e1tce pojedn\u00e1v\u00e1 o metod\u00e1ch s\u00ed\u0165ov\u00e9ho pl\u00e1nov\u00e1n\u00ed a zam\u011b\u0159uje se na metodu kritick\u00e9 cesty. Nejd\u0159\u00edve je stru\u010dn\u011b pops\u00e1n obvykl\u00fd zp\u016fsob \u0159e\u0161en\u00ed a v dal\u0161\u00edm je uveden postup, kter\u00fd umo\u017e\u0148uje efektivn\u011bj\u0161\u00ed \u0159e\u0161en\u00ed probl\u00e9mu s vyu\u017eit\u00edm b\u011b\u017en\u00e9ho tabulkov\u00e9ho procesoru.<br \/>\nKl\u00ed\u010dov\u00e1 slova: opera\u010dn\u00ed anal\u00fdza, n\u00e1stroje, pl\u00e1nov\u00e1n\u00ed.<\/p>\n<hr \/>\n<p><a href=\"https:\/\/veda.polac.cz\/?page_id=1657\">Zp\u011bt<\/a><\/p>\n","protected":false},"excerpt":{"rendered":"<p>Resum\u00e9 \u010dl\u00e1nku N\u00e1stroje opera\u010dn\u00ed anal\u00fdzy pro pl\u00e1nov\u00e1n\u00ed \u010dinnost\u00ed Ing. Ivan Fo\u0159t \u010cl\u00e1nek kr\u00e1tce pojedn\u00e1v\u00e1 o metod\u00e1ch s\u00ed\u0165ov\u00e9ho pl\u00e1nov\u00e1n\u00ed a zam\u011b\u0159uje se na metodu kritick\u00e9 cesty. Nejd\u0159\u00edve je stru\u010dn\u011b pops\u00e1n obvykl\u00fd zp\u016fsob \u0159e\u0161en\u00ed a v dal\u0161\u00edm je uveden postup, kter\u00fd umo\u017e\u0148uje efektivn\u011bj\u0161\u00ed \u0159e\u0161en\u00ed probl\u00e9mu s vyu\u017eit\u00edm b\u011b\u017en\u00e9ho tabulkov\u00e9ho procesoru. Kl\u00ed\u010dov\u00e1 slova: opera\u010dn\u00ed anal\u00fdza, n\u00e1stroje, pl\u00e1nov\u00e1n\u00ed. Zp\u011bt<\/p>\n","protected":false},"author":2,"featured_media":0,"parent":1657,"menu_order":0,"comment_status":"closed","ping_status":"closed","template":"","meta":{"footnotes":""},"class_list":["post-2754","page","type-page","status-publish","hentry"],"_links":{"self":[{"href":"https:\/\/veda.polac.cz\/index.php?rest_route=\/wp\/v2\/pages\/2754","targetHints":{"allow":["GET"]}}],"collection":[{"href":"https:\/\/veda.polac.cz\/index.php?rest_route=\/wp\/v2\/pages"}],"about":[{"href":"https:\/\/veda.polac.cz\/index.php?rest_route=\/wp\/v2\/types\/page"}],"author":[{"embeddable":true,"href":"https:\/\/veda.polac.cz\/index.php?rest_route=\/wp\/v2\/users\/2"}],"replies":[{"embeddable":true,"href":"https:\/\/veda.polac.cz\/index.php?rest_route=%2Fwp%2Fv2%2Fcomments&post=2754"}],"version-history":[{"count":2,"href":"https:\/\/veda.polac.cz\/index.php?rest_route=\/wp\/v2\/pages\/2754\/revisions"}],"predecessor-version":[{"id":2816,"href":"https:\/\/veda.polac.cz\/index.php?rest_route=\/wp\/v2\/pages\/2754\/revisions\/2816"}],"up":[{"embeddable":true,"href":"https:\/\/veda.polac.cz\/index.php?rest_route=\/wp\/v2\/pages\/1657"}],"wp:attachment":[{"href":"https:\/\/veda.polac.cz\/index.php?rest_route=%2Fwp%2Fv2%2Fmedia&parent=2754"}],"curies":[{"name":"wp","href":"https:\/\/api.w.org\/{rel}","templated":true}]}}