{"id":2744,"date":"2019-04-18T12:25:31","date_gmt":"2019-04-18T12:25:31","guid":{"rendered":"http:\/\/veda.polac.cz\/?page_id=2744"},"modified":"2019-04-18T12:52:59","modified_gmt":"2019-04-18T12:52:59","slug":"4-2","status":"publish","type":"page","link":"https:\/\/veda.polac.cz\/?page_id=2744","title":{"rendered":""},"content":{"rendered":"<p style=\"text-align: center;\">Resum\u00e9 \u010dl\u00e1nku<\/p>\n<p><b>Transformace n\u011bmeck\u00e9 Feder\u00e1ln\u00ed policie<\/b><b><br \/>\n<\/b><i>pplk. JUDr. Martin Bohman<br \/>\n<\/i><\/p>\n<p>Proces transformov\u00e1n\u00ed policejn\u00edch sbor\u016f v\u00a0Evrop\u011b, zejm\u00e9na pak v\u00a0zem\u00edch Evropsk\u00e9 unie, se nevyhnul ani na\u0161emu z\u00e1padn\u00edmu sousedovi, Spolkov\u00e9 republice N\u011bmecko. Sta\u0165 se soust\u0159ed\u00ed na zm\u011bny uvnit\u0159 Feder\u00e1ln\u00ed policie (Bundespolizei, BPOL), kter\u00e1 pro\u0161la reformou v\u00a0polovin\u011b roku 2005 a dal\u0161\u00ed z\u00e1sahy do jej\u00edho institucion\u00e1ln\u00edho r\u00e1mce (zejm\u00e9na dal\u0161\u00edho ze\u0161t\u00edhlov\u00e1n\u00ed a zefektiv\u0148ov\u00e1n\u00ed), kter\u00e9 byly avizov\u00e1ny na ja\u0159e 2007 spolkov\u00fdm ministerstvem vnitra, se chystaj\u00ed v\u00a0nejbli\u017e\u0161\u00ed dob\u011b. Pojedn\u00e1no je o organiza\u010dn\u00ed struktu\u0159e sboru, jeho slu\u017eb\u00e1ch, \u00fakolech, policejn\u00edm v\u00fdcviku a vzd\u011bl\u00e1v\u00e1n\u00ed a vybran\u00fdch specifik\u00e1ch n\u011bmeck\u00e9ho policejn\u00edho syst\u00e9mu.<br \/>\nKl\u00ed\u010dov\u00e1 slova: reforma policie, n\u011bmeck\u00e1 Feder\u00e1ln\u00ed policie, BPOL, N\u011bmecko, policejn\u00ed vzd\u011bl\u00e1v\u00e1n\u00ed a v\u00fdcvik.<\/p>\n<hr \/>\n<p><a href=\"https:\/\/veda.polac.cz\/?page_id=1657\">Zp\u011bt<\/a><\/p>\n","protected":false},"excerpt":{"rendered":"<p>Resum\u00e9 \u010dl\u00e1nku Transformace n\u011bmeck\u00e9 Feder\u00e1ln\u00ed policie pplk. JUDr. Martin Bohman Proces transformov\u00e1n\u00ed policejn\u00edch sbor\u016f v\u00a0Evrop\u011b, zejm\u00e9na pak v\u00a0zem\u00edch Evropsk\u00e9 unie, se nevyhnul ani na\u0161emu z\u00e1padn\u00edmu sousedovi, Spolkov\u00e9 republice N\u011bmecko. Sta\u0165 se soust\u0159ed\u00ed na zm\u011bny uvnit\u0159 Feder\u00e1ln\u00ed policie (Bundespolizei, BPOL), kter\u00e1 pro\u0161la reformou v\u00a0polovin\u011b roku 2005 a dal\u0161\u00ed z\u00e1sahy do jej\u00edho institucion\u00e1ln\u00edho r\u00e1mce (zejm\u00e9na dal\u0161\u00edho ze\u0161t\u00edhlov\u00e1n\u00ed [&hellip;]<\/p>\n","protected":false},"author":2,"featured_media":0,"parent":1657,"menu_order":0,"comment_status":"closed","ping_status":"closed","template":"","meta":{"footnotes":""},"class_list":["post-2744","page","type-page","status-publish","hentry"],"_links":{"self":[{"href":"https:\/\/veda.polac.cz\/index.php?rest_route=\/wp\/v2\/pages\/2744","targetHints":{"allow":["GET"]}}],"collection":[{"href":"https:\/\/veda.polac.cz\/index.php?rest_route=\/wp\/v2\/pages"}],"about":[{"href":"https:\/\/veda.polac.cz\/index.php?rest_route=\/wp\/v2\/types\/page"}],"author":[{"embeddable":true,"href":"https:\/\/veda.polac.cz\/index.php?rest_route=\/wp\/v2\/users\/2"}],"replies":[{"embeddable":true,"href":"https:\/\/veda.polac.cz\/index.php?rest_route=%2Fwp%2Fv2%2Fcomments&post=2744"}],"version-history":[{"count":2,"href":"https:\/\/veda.polac.cz\/index.php?rest_route=\/wp\/v2\/pages\/2744\/revisions"}],"predecessor-version":[{"id":2805,"href":"https:\/\/veda.polac.cz\/index.php?rest_route=\/wp\/v2\/pages\/2744\/revisions\/2805"}],"up":[{"embeddable":true,"href":"https:\/\/veda.polac.cz\/index.php?rest_route=\/wp\/v2\/pages\/1657"}],"wp:attachment":[{"href":"https:\/\/veda.polac.cz\/index.php?rest_route=%2Fwp%2Fv2%2Fmedia&parent=2744"}],"curies":[{"name":"wp","href":"https:\/\/api.w.org\/{rel}","templated":true}]}}