{"id":2742,"date":"2019-04-18T12:23:49","date_gmt":"2019-04-18T12:23:49","guid":{"rendered":"http:\/\/veda.polac.cz\/?page_id=2742"},"modified":"2019-04-18T12:56:37","modified_gmt":"2019-04-18T12:56:37","slug":"3-2","status":"publish","type":"page","link":"https:\/\/veda.polac.cz\/?page_id=2742","title":{"rendered":""},"content":{"rendered":"<p style=\"text-align: center;\">Resum\u00e9 \u010dl\u00e1nku<\/p>\n<p>I<b>nterpol &#8211; pr\u00e1vn\u00ed a organiza\u010dn\u00ed charakteristika<\/b><b><br \/>\n<\/b><i>doc. JUDr. Bohumil Pikna, CSc.<br \/>\n<\/i><\/p>\n<p>\u010cl\u00e1nek se zab\u00fdv\u00e1 problematikou Interpolu z\u00a0hlediska pot\u0159eb z\u00e1kladn\u00edho studia t\u00e9to materie na Policejn\u00ed akademii \u010cR v\u00a0Praze v\u00a0r\u00e1mci evropsk\u00e9ho pr\u00e1va. V\u00a0\u00favodu je popisov\u00e1na historie vzniku t\u00e9to mezin\u00e1rodn\u00ed organizace, n\u00e1sleduje charakteristika organiza\u010dn\u00ed struktury Interpolu a jeho hlavn\u00edch org\u00e1n\u016f a popis telekomunika\u010dn\u00ed s\u00edt\u011b v\u010detn\u011b specifikace prost\u0159edk\u016f spolupr\u00e1ce aplikovan\u00fdch v\u00a0praxi. Zvl\u00e1\u0161tn\u00ed pozornost je v\u011bnov\u00e1na\u00a0 roli Interpolu v\u00a0boji s\u00a0terorismem a \u00faloze, kterou pln\u00ed n\u00e1rodn\u00ed \u00fast\u0159edny Interpolu v jednotliv\u00fdch \u010dlensk\u00fdch zem\u00edch.<br \/>\nKl\u00ed\u010dov\u00e1 slova: Interpol, historie, organiza\u010dn\u00ed struktura, terorismus, n\u00e1rodn\u00ed \u00fast\u0159edny Interpolu.<\/p>\n<hr \/>\n<p><a href=\"https:\/\/veda.polac.cz\/?page_id=1657\">Zp\u011bt<\/a><\/p>\n","protected":false},"excerpt":{"rendered":"<p>Resum\u00e9 \u010dl\u00e1nku Interpol &#8211; pr\u00e1vn\u00ed a organiza\u010dn\u00ed charakteristika doc. JUDr. Bohumil Pikna, CSc. \u010cl\u00e1nek se zab\u00fdv\u00e1 problematikou Interpolu z\u00a0hlediska pot\u0159eb z\u00e1kladn\u00edho studia t\u00e9to materie na Policejn\u00ed akademii \u010cR v\u00a0Praze v\u00a0r\u00e1mci evropsk\u00e9ho pr\u00e1va. V\u00a0\u00favodu je popisov\u00e1na historie vzniku t\u00e9to mezin\u00e1rodn\u00ed organizace, n\u00e1sleduje charakteristika organiza\u010dn\u00ed struktury Interpolu a jeho hlavn\u00edch org\u00e1n\u016f a popis telekomunika\u010dn\u00ed s\u00edt\u011b v\u010detn\u011b specifikace [&hellip;]<\/p>\n","protected":false},"author":2,"featured_media":0,"parent":1657,"menu_order":0,"comment_status":"closed","ping_status":"closed","template":"","meta":{"footnotes":""},"class_list":["post-2742","page","type-page","status-publish","hentry"],"_links":{"self":[{"href":"https:\/\/veda.polac.cz\/index.php?rest_route=\/wp\/v2\/pages\/2742","targetHints":{"allow":["GET"]}}],"collection":[{"href":"https:\/\/veda.polac.cz\/index.php?rest_route=\/wp\/v2\/pages"}],"about":[{"href":"https:\/\/veda.polac.cz\/index.php?rest_route=\/wp\/v2\/types\/page"}],"author":[{"embeddable":true,"href":"https:\/\/veda.polac.cz\/index.php?rest_route=\/wp\/v2\/users\/2"}],"replies":[{"embeddable":true,"href":"https:\/\/veda.polac.cz\/index.php?rest_route=%2Fwp%2Fv2%2Fcomments&post=2742"}],"version-history":[{"count":2,"href":"https:\/\/veda.polac.cz\/index.php?rest_route=\/wp\/v2\/pages\/2742\/revisions"}],"predecessor-version":[{"id":2815,"href":"https:\/\/veda.polac.cz\/index.php?rest_route=\/wp\/v2\/pages\/2742\/revisions\/2815"}],"up":[{"embeddable":true,"href":"https:\/\/veda.polac.cz\/index.php?rest_route=\/wp\/v2\/pages\/1657"}],"wp:attachment":[{"href":"https:\/\/veda.polac.cz\/index.php?rest_route=%2Fwp%2Fv2%2Fmedia&parent=2742"}],"curies":[{"name":"wp","href":"https:\/\/api.w.org\/{rel}","templated":true}]}}