{"id":2737,"date":"2019-04-18T12:21:38","date_gmt":"2019-04-18T12:21:38","guid":{"rendered":"http:\/\/veda.polac.cz\/?page_id=2737"},"modified":"2019-04-18T12:56:14","modified_gmt":"2019-04-18T12:56:14","slug":"1-3","status":"publish","type":"page","link":"https:\/\/veda.polac.cz\/?page_id=2737","title":{"rendered":""},"content":{"rendered":"<p style=\"text-align: center;\">Resum\u00e9 \u010dl\u00e1nku<\/p>\n<p><b>N\u011bkter\u00e9 aspekty vztah\u016f Policie \u010cR k\u00a0jin\u00fdm org\u00e1n\u016fm<\/b><b><br \/>\n<\/b><i>JUDr. Lidya Ottov\u00e1<br \/>\n<\/i><\/p>\n<p>\u010cl\u00e1nek je zam\u011b\u0159en na n\u011bkter\u00e9 aspekty sou\u010dinnosti a spolupr\u00e1ci Policie \u010cR a\u00a0jin\u00fdch spr\u00e1vn\u00edch org\u00e1n\u016f, zejm\u00e9na objasn\u011bn\u00ed obsahov\u00e9ho v\u00fdznamu t\u011bchto pojm\u016f. Podrobn\u011bji je rozebr\u00e1na leg\u00e1ln\u00ed povinnost Policie \u010cR vyhov\u011bt \u017e\u00e1dosti spr\u00e1vn\u00edho org\u00e1nu o poskytnut\u00ed sou\u010dinnosti. Zvl\u00e1\u0161tn\u00ed pozornost je v\u011bnov\u00e1na ot\u00e1zk\u00e1m doru\u010dov\u00e1n\u00ed prost\u0159ednictv\u00edm Policie \u010cR se zam\u011b\u0159en\u00edm na jednotliv\u00e9 druhy spr\u00e1vn\u00edho \u0159\u00edzen\u00ed, obzvl\u00e1\u0161t\u011b pak ve vztahu k\u00a0p\u0159estupkov\u00e9mu \u0159\u00edzen\u00ed. Je proveden poukaz na terminologickou nejasnost pojmu Policie \u010cR a policejn\u00ed org\u00e1n.<br \/>\n\u010cl\u00e1nek je ur\u010den jako v\u00fdkladov\u00e1 pom\u016fcka p\u0159i praktick\u00e9 aplikaci sou\u010dinnosti a\u00a0spolupr\u00e1ci Policie \u010cR a jin\u00fdch spr\u00e1vn\u00edch org\u00e1n\u016f a v\u00fduce spr\u00e1vn\u00edho pr\u00e1va. Poskytuje n\u00e1vod pro praxi, o jak\u00e1 ustanoven\u00ed se lze op\u0159\u00edt v\u00a0p\u0159\u00edpad\u011b konflikt\u016f. Ustanoven\u00ed byla vybr\u00e1na ze zvl\u00e1\u0161tn\u00edch z\u00e1kon\u016f, podle nej\u010dast\u011bji po\u017eadovan\u00e9 sou\u010dinnosti ze strany spr\u00e1vn\u00edch org\u00e1n\u016f. Proto\u017ee i spr\u00e1vn\u00ed org\u00e1ny mnohdy po\u017eaduj\u00ed po Policii \u010cR sou\u010dinnost, kter\u00e1 je neopr\u00e1vn\u011bn\u00e1, je \u0159e\u0161ena i opora v\u00a0z\u00e1kon\u011b, kdy je mo\u017en\u00e9 ji neposkytnout.<br \/>\nKl\u00ed\u010dov\u00e1 slova: spr\u00e1vn\u00ed pr\u00e1vo, spr\u00e1vn\u00ed \u0159\u00edzen\u00ed, sou\u010dinnost, doru\u010dov\u00e1n\u00ed, Policie \u010cR, policejn\u00ed org\u00e1n.<\/p>\n<hr \/>\n<p><a href=\"https:\/\/veda.polac.cz\/?page_id=1657\">Zp\u011bt<\/a><\/p>\n","protected":false},"excerpt":{"rendered":"<p>Resum\u00e9 \u010dl\u00e1nku N\u011bkter\u00e9 aspekty vztah\u016f Policie \u010cR k\u00a0jin\u00fdm org\u00e1n\u016fm JUDr. Lidya Ottov\u00e1 \u010cl\u00e1nek je zam\u011b\u0159en na n\u011bkter\u00e9 aspekty sou\u010dinnosti a spolupr\u00e1ci Policie \u010cR a\u00a0jin\u00fdch spr\u00e1vn\u00edch org\u00e1n\u016f, zejm\u00e9na objasn\u011bn\u00ed obsahov\u00e9ho v\u00fdznamu t\u011bchto pojm\u016f. Podrobn\u011bji je rozebr\u00e1na leg\u00e1ln\u00ed povinnost Policie \u010cR vyhov\u011bt \u017e\u00e1dosti spr\u00e1vn\u00edho org\u00e1nu o poskytnut\u00ed sou\u010dinnosti. Zvl\u00e1\u0161tn\u00ed pozornost je v\u011bnov\u00e1na ot\u00e1zk\u00e1m doru\u010dov\u00e1n\u00ed prost\u0159ednictv\u00edm Policie \u010cR [&hellip;]<\/p>\n","protected":false},"author":2,"featured_media":0,"parent":1657,"menu_order":0,"comment_status":"closed","ping_status":"closed","template":"","meta":{"footnotes":""},"class_list":["post-2737","page","type-page","status-publish","hentry"],"_links":{"self":[{"href":"https:\/\/veda.polac.cz\/index.php?rest_route=\/wp\/v2\/pages\/2737","targetHints":{"allow":["GET"]}}],"collection":[{"href":"https:\/\/veda.polac.cz\/index.php?rest_route=\/wp\/v2\/pages"}],"about":[{"href":"https:\/\/veda.polac.cz\/index.php?rest_route=\/wp\/v2\/types\/page"}],"author":[{"embeddable":true,"href":"https:\/\/veda.polac.cz\/index.php?rest_route=\/wp\/v2\/users\/2"}],"replies":[{"embeddable":true,"href":"https:\/\/veda.polac.cz\/index.php?rest_route=%2Fwp%2Fv2%2Fcomments&post=2737"}],"version-history":[{"count":2,"href":"https:\/\/veda.polac.cz\/index.php?rest_route=\/wp\/v2\/pages\/2737\/revisions"}],"predecessor-version":[{"id":2807,"href":"https:\/\/veda.polac.cz\/index.php?rest_route=\/wp\/v2\/pages\/2737\/revisions\/2807"}],"up":[{"embeddable":true,"href":"https:\/\/veda.polac.cz\/index.php?rest_route=\/wp\/v2\/pages\/1657"}],"wp:attachment":[{"href":"https:\/\/veda.polac.cz\/index.php?rest_route=%2Fwp%2Fv2%2Fmedia&parent=2737"}],"curies":[{"name":"wp","href":"https:\/\/api.w.org\/{rel}","templated":true}]}}