{"id":2731,"date":"2019-04-18T12:18:18","date_gmt":"2019-04-18T12:18:18","guid":{"rendered":"http:\/\/veda.polac.cz\/?page_id=2731"},"modified":"2019-04-18T12:52:56","modified_gmt":"2019-04-18T12:52:56","slug":"1-2","status":"publish","type":"page","link":"https:\/\/veda.polac.cz\/?page_id=2731","title":{"rendered":""},"content":{"rendered":"<p style=\"text-align: center;\">Resum\u00e9 \u010dl\u00e1nku<\/p>\n<p><b>Policejn\u00ed mise jako sou\u010d\u00e1st mezin\u00e1rodn\u00ed policejn\u00ed spolupr\u00e1ce<\/b><b><br \/>\n<\/b><i>pplk. JUDr. Martin Bohman<br \/>\n<\/i><\/p>\n<p>Autor se ve stati zab\u00fdv\u00e1 problematikou policejn\u00edch mis\u00ed, jako jednou z\u00a0forem mezin\u00e1rodn\u00ed policejn\u00ed spolupr\u00e1ce. Uv\u00e1d\u00ed pou\u017e\u00edvanou definici policejn\u00ed spolupr\u00e1ce a\u00a0jej\u00ed z\u00e1kladn\u00ed oblasti (\u010dinnost Interpolu, spolupr\u00e1ce na z\u00e1klad\u011b bilater\u00e1ln\u00edch a\u00a0multilater\u00e1ln\u00edch smluv, pr\u00e1ce souvisej\u00edc\u00ed s\u00a0\u010dlenstv\u00edm \u010cR v\u00a0EU a s\u00a0p\u0159\u00edstupem k\u00a0Schengenu, \u010dinnost N\u00e1rodn\u00ed centr\u00e1ly Sirene, \u010dinnost N\u00e1rodn\u00ed jednotky Europol, zahrani\u010dn\u00ed mise). Vymezuje pojem \u201em\u00edrov\u00e9 operace\u201c, jejich mand\u00e1t, oblasti zam\u011b\u0159en\u00ed, prov\u00e1d\u011bn\u00e9 \u010dinnosti v\u00a0jejich r\u00e1mci a jejich typy. D\u00e1le se autor zam\u011b\u0159uje na m\u00edrov\u00e9 operace a\u00a0policejn\u00ed mise pod taktovkou Evropsk\u00e9 unie. Zab\u00fdv\u00e1 se t\u00e9\u017e zapojen\u00edm Policie \u010cR do t\u011bchto mis\u00ed a operac\u00ed. Sta\u0165 je dopln\u011bna o\u00a0p\u0159ehled civiln\u00edch, policejn\u00edch a m\u00edrov\u00fdch operac\u00ed EU a o p\u0159ehled p\u0159\u00edslu\u0161n\u00edk\u016f Policie \u010cR v\u00a0zahrani\u010dn\u00edch m\u00edrov\u00fdch operac\u00edch.<br \/>\nKl\u00ed\u010dov\u00e1 slova: mezin\u00e1rodn\u00ed policejn\u00ed spolupr\u00e1ce, m\u00edrov\u00e9 operace, policejn\u00ed mise EU.<\/p>\n<hr \/>\n<p><a href=\"https:\/\/veda.polac.cz\/?page_id=1657\">Zp\u011bt<\/a><\/p>\n","protected":false},"excerpt":{"rendered":"<p>Resum\u00e9 \u010dl\u00e1nku Policejn\u00ed mise jako sou\u010d\u00e1st mezin\u00e1rodn\u00ed policejn\u00ed spolupr\u00e1ce pplk. JUDr. Martin Bohman Autor se ve stati zab\u00fdv\u00e1 problematikou policejn\u00edch mis\u00ed, jako jednou z\u00a0forem mezin\u00e1rodn\u00ed policejn\u00ed spolupr\u00e1ce. Uv\u00e1d\u00ed pou\u017e\u00edvanou definici policejn\u00ed spolupr\u00e1ce a\u00a0jej\u00ed z\u00e1kladn\u00ed oblasti (\u010dinnost Interpolu, spolupr\u00e1ce na z\u00e1klad\u011b bilater\u00e1ln\u00edch a\u00a0multilater\u00e1ln\u00edch smluv, pr\u00e1ce souvisej\u00edc\u00ed s\u00a0\u010dlenstv\u00edm \u010cR v\u00a0EU a s\u00a0p\u0159\u00edstupem k\u00a0Schengenu, \u010dinnost N\u00e1rodn\u00ed centr\u00e1ly Sirene, [&hellip;]<\/p>\n","protected":false},"author":2,"featured_media":0,"parent":1657,"menu_order":0,"comment_status":"closed","ping_status":"closed","template":"","meta":{"footnotes":""},"class_list":["post-2731","page","type-page","status-publish","hentry"],"_links":{"self":[{"href":"https:\/\/veda.polac.cz\/index.php?rest_route=\/wp\/v2\/pages\/2731","targetHints":{"allow":["GET"]}}],"collection":[{"href":"https:\/\/veda.polac.cz\/index.php?rest_route=\/wp\/v2\/pages"}],"about":[{"href":"https:\/\/veda.polac.cz\/index.php?rest_route=\/wp\/v2\/types\/page"}],"author":[{"embeddable":true,"href":"https:\/\/veda.polac.cz\/index.php?rest_route=\/wp\/v2\/users\/2"}],"replies":[{"embeddable":true,"href":"https:\/\/veda.polac.cz\/index.php?rest_route=%2Fwp%2Fv2%2Fcomments&post=2731"}],"version-history":[{"count":4,"href":"https:\/\/veda.polac.cz\/index.php?rest_route=\/wp\/v2\/pages\/2731\/revisions"}],"predecessor-version":[{"id":2804,"href":"https:\/\/veda.polac.cz\/index.php?rest_route=\/wp\/v2\/pages\/2731\/revisions\/2804"}],"up":[{"embeddable":true,"href":"https:\/\/veda.polac.cz\/index.php?rest_route=\/wp\/v2\/pages\/1657"}],"wp:attachment":[{"href":"https:\/\/veda.polac.cz\/index.php?rest_route=%2Fwp%2Fv2%2Fmedia&parent=2731"}],"curies":[{"name":"wp","href":"https:\/\/api.w.org\/{rel}","templated":true}]}}