{"id":272,"date":"2018-09-08T12:50:12","date_gmt":"2018-09-08T12:50:12","guid":{"rendered":"http:\/\/veda.polac.cz\/?page_id=272"},"modified":"2018-10-27T18:52:27","modified_gmt":"2018-10-27T18:52:27","slug":"272-2","status":"publish","type":"page","link":"https:\/\/veda.polac.cz\/?page_id=272","title":{"rendered":""},"content":{"rendered":"<p style=\"text-align: center;\">Resum\u00e9 \u010dl\u00e1nku<\/p>\n<p><strong>V\u00fdznam psychologick\u00fdch model\u016f pro predikci extr\u00e9mn\u00edch podob n\u00e1sil\u00ed<\/strong><br \/>\n<em>doc. PhDr. Ludmila \u010c\u00edrtkov\u00e1, CSc., Policejn\u00ed akademie \u010cR v Praze<\/em><br \/>\n<em>Fakulta bezpe\u010dnostn\u00edho managementu, katedra spole\u010densk\u00fdch v\u011bd<\/em><\/p>\n<p>Forenzn\u00ed psychologie se v posledn\u00ed dob\u011b intenzivn\u011b zab\u00fdv\u00e1 &#8222;discipl\u00ednou&#8220;, kter\u00e1 se etabluje pod ozna\u010den\u00edm threat assessment, tj. vyhodnocov\u00e1n\u00ed hrozby. Zam\u011b\u0159uje se p\u0159itom na hrozbu extr\u00e9mn\u00edho n\u00e1sil\u00ed, kter\u00e9 m\u016f\u017ee plynout z konkr\u00e9tn\u00edho \u010dlov\u011bka. V t\u00e9to souvislosti vznikaj\u00ed modely predikce nebezpe\u010dnosti nap\u0159. pro kverulanty, stalkery, dom\u00e1c\u00ed n\u00e1siln\u00edky anebo potenci\u00e1ln\u00ed pachatele r\u016fzn\u00fdch typ\u016f v\u00edce\u010detn\u00fdch vra\u017ed. P\u0159\u00edsp\u011bvek se zam\u011b\u0159uje na testov\u00e1n\u00ed modelu predikce tzv. osobn\u011b motivovan\u00fdch atent\u00e1t\u016f s vyu\u017eit\u00edm p\u0159\u00edpadu masov\u00e9 vra\u017edy z dom\u00e1c\u00edho prost\u0159ed\u00ed. Na z\u00e1klad\u011b anal\u00fdzy tohoto p\u0159\u00edpadu vymezuje n\u011bkter\u00e9 limity predikce risk assessmentu ve forenzn\u00ed psychologii. P\u0159\u00edsp\u011bvek hled\u00e1 odpov\u011b\u010f na ot\u00e1zku po praktick\u00e9m v\u00fdznamu predik\u010dn\u00edch model\u016f pro prevenci extr\u00e9mn\u00edho n\u00e1sil\u00ed.<\/p>\n<p><a href=\"https:\/\/veda.polac.cz\/?page_id=94\">04\/2017<\/a><\/p>\n","protected":false},"excerpt":{"rendered":"<p>Resum\u00e9 \u010dl\u00e1nku V\u00fdznam psychologick\u00fdch model\u016f pro predikci extr\u00e9mn\u00edch podob n\u00e1sil\u00ed doc. PhDr. Ludmila \u010c\u00edrtkov\u00e1, CSc., Policejn\u00ed akademie \u010cR v Praze Fakulta bezpe\u010dnostn\u00edho managementu, katedra spole\u010densk\u00fdch v\u011bd Forenzn\u00ed psychologie se v posledn\u00ed dob\u011b intenzivn\u011b zab\u00fdv\u00e1 &#8222;discipl\u00ednou&#8220;, kter\u00e1 se etabluje pod ozna\u010den\u00edm threat assessment, tj. vyhodnocov\u00e1n\u00ed hrozby. Zam\u011b\u0159uje se p\u0159itom na hrozbu extr\u00e9mn\u00edho n\u00e1sil\u00ed, kter\u00e9 m\u016f\u017ee plynout [&hellip;]<\/p>\n","protected":false},"author":2,"featured_media":0,"parent":0,"menu_order":4,"comment_status":"closed","ping_status":"closed","template":"","meta":{"footnotes":""},"class_list":["post-272","page","type-page","status-publish","hentry"],"_links":{"self":[{"href":"https:\/\/veda.polac.cz\/index.php?rest_route=\/wp\/v2\/pages\/272","targetHints":{"allow":["GET"]}}],"collection":[{"href":"https:\/\/veda.polac.cz\/index.php?rest_route=\/wp\/v2\/pages"}],"about":[{"href":"https:\/\/veda.polac.cz\/index.php?rest_route=\/wp\/v2\/types\/page"}],"author":[{"embeddable":true,"href":"https:\/\/veda.polac.cz\/index.php?rest_route=\/wp\/v2\/users\/2"}],"replies":[{"embeddable":true,"href":"https:\/\/veda.polac.cz\/index.php?rest_route=%2Fwp%2Fv2%2Fcomments&post=272"}],"version-history":[{"count":5,"href":"https:\/\/veda.polac.cz\/index.php?rest_route=\/wp\/v2\/pages\/272\/revisions"}],"predecessor-version":[{"id":416,"href":"https:\/\/veda.polac.cz\/index.php?rest_route=\/wp\/v2\/pages\/272\/revisions\/416"}],"wp:attachment":[{"href":"https:\/\/veda.polac.cz\/index.php?rest_route=%2Fwp%2Fv2%2Fmedia&parent=272"}],"curies":[{"name":"wp","href":"https:\/\/api.w.org\/{rel}","templated":true}]}}