{"id":270,"date":"2018-09-08T12:49:07","date_gmt":"2018-09-08T12:49:07","guid":{"rendered":"http:\/\/veda.polac.cz\/?page_id=270"},"modified":"2018-11-02T22:38:58","modified_gmt":"2018-11-02T22:38:58","slug":"270-2","status":"publish","type":"page","link":"https:\/\/veda.polac.cz\/?page_id=270","title":{"rendered":""},"content":{"rendered":"<p style=\"text-align: center;\">Resum\u00e9 \u010dl\u00e1nku<\/p>\n<p><strong>V\u00fdzkum vybran\u00fdch p\u0159edpoklad\u016f umo\u017e\u0148uj\u00edc\u00edch optimalizaci \u010dinnosti Policie \u010cR p\u0159i \u0159e\u0161en\u00ed kriminality p\u00e1chan\u00e9 s vyu\u017eit\u00edm mobiln\u00edch telefon\u016f<\/strong><br \/>\n<em>por. Alena Chrastilov\u00e1, M.A., studentka doktorsk\u00e9ho studia, Odbor hospod\u00e1\u0159sk\u00e9 kriminality, SKPV Policie \u010cR, Praha III<\/em><br \/>\n<em>Dr. Zden\u011bk Kova\u0159\u00edk, CSc., Policejn\u00ed akademie \u010cR v Praze, odd\u011blen\u00ed v\u011bdy a v\u00fdzkumu<\/em><\/p>\n<p>P\u0159edlo\u017een\u00fd \u010dl\u00e1nek zve\u0159ej\u0148uje n\u011bkter\u00e1 vybran\u00e1 zji\u0161t\u011bn\u00ed z v\u00fdzkumu optimalizace \u010dinnosti Policie \u010cR p\u0159i \u0159e\u0161en\u00ed kriminality p\u00e1chan\u00e9 s vyu\u017eit\u00edm mobiln\u00edch telefon\u016f. P\u0159in\u00e1\u0161\u00ed evidenci pot\u0159ebnou k p\u0159ijet\u00ed rozhodnut\u00ed p\u0159i ov\u011b\u0159ov\u00e1n\u00ed vlivu motivace policist\u016f v\u00fdb\u011brov\u00e9ho souboru k sebevzd\u011bl\u00e1v\u00e1n\u00ed v oblasti digit\u00e1ln\u00edch technologi\u00ed. V\u00fdzkumn\u00fd p\u0159edpoklad je ov\u011b\u0159ov\u00e1n s vyu\u017eit\u00edm indexu v\u011bcn\u00e9 v\u00fdznamnosti pro intervalov\u00e9 prom\u011bnn\u00e9, konkr\u00e9tn\u011b Cohenovo &#8222;d&#8220;. Uveden\u00e1 evidence sv\u011bd\u010d\u00ed o tom, \u017ee motivace policist\u016f v\u00fdb\u011brov\u00e9ho souboru k sebevzd\u011bl\u00e1n\u00ed v oblasti digit\u00e1ln\u00edch technologi\u00ed p\u0159edstavuje jeden z hlavn\u00edch subjektivn\u00edch p\u0159edpoklad\u016f pro optimalizaci \u010dinnosti Policie \u010cR p\u0159i \u0159e\u0161en\u00ed kriminality p\u00e1chan\u00e9 s vyu\u017eit\u00edm mobiln\u00edch telefon\u016f.<br \/>\n<strong>Kl\u00ed\u010dov\u00e1 slova:<\/strong>\u00a0D\u016fkaz; mobiln\u00ed telefon, dokazov\u00e1n\u00ed, digit\u00e1ln\u00ed stopa; elektronick\u00fd d\u016fkaz; trestn\u00ed \u0159\u00edzen\u00ed; org\u00e1n \u010dinn\u00fd v trestn\u00edm \u0159\u00edzen\u00ed, elektronick\u00fd d\u016fkazn\u00ed prost\u0159edek, v\u00fdzkumn\u00fd p\u0159edpoklad, v\u011bcn\u00e1 v\u00fdznamnost, index v\u011bcn\u00e9 v\u00fdznamnosti pro intervalov\u00e9 prom\u011bnn\u00e9.<\/p>\n<p><a href=\"https:\/\/veda.polac.cz\/?page_id=94\">04\/2017<\/a><\/p>\n","protected":false},"excerpt":{"rendered":"<p>Resum\u00e9 \u010dl\u00e1nku V\u00fdzkum vybran\u00fdch p\u0159edpoklad\u016f umo\u017e\u0148uj\u00edc\u00edch optimalizaci \u010dinnosti Policie \u010cR p\u0159i \u0159e\u0161en\u00ed kriminality p\u00e1chan\u00e9 s vyu\u017eit\u00edm mobiln\u00edch telefon\u016f por. Alena Chrastilov\u00e1, M.A., studentka doktorsk\u00e9ho studia, Odbor hospod\u00e1\u0159sk\u00e9 kriminality, SKPV Policie \u010cR, Praha III Dr. Zden\u011bk Kova\u0159\u00edk, CSc., Policejn\u00ed akademie \u010cR v Praze, odd\u011blen\u00ed v\u011bdy a v\u00fdzkumu P\u0159edlo\u017een\u00fd \u010dl\u00e1nek zve\u0159ej\u0148uje n\u011bkter\u00e1 vybran\u00e1 zji\u0161t\u011bn\u00ed z v\u00fdzkumu optimalizace [&hellip;]<\/p>\n","protected":false},"author":2,"featured_media":0,"parent":94,"menu_order":3,"comment_status":"closed","ping_status":"closed","template":"","meta":{"footnotes":""},"class_list":["post-270","page","type-page","status-publish","hentry"],"_links":{"self":[{"href":"https:\/\/veda.polac.cz\/index.php?rest_route=\/wp\/v2\/pages\/270","targetHints":{"allow":["GET"]}}],"collection":[{"href":"https:\/\/veda.polac.cz\/index.php?rest_route=\/wp\/v2\/pages"}],"about":[{"href":"https:\/\/veda.polac.cz\/index.php?rest_route=\/wp\/v2\/types\/page"}],"author":[{"embeddable":true,"href":"https:\/\/veda.polac.cz\/index.php?rest_route=\/wp\/v2\/users\/2"}],"replies":[{"embeddable":true,"href":"https:\/\/veda.polac.cz\/index.php?rest_route=%2Fwp%2Fv2%2Fcomments&post=270"}],"version-history":[{"count":5,"href":"https:\/\/veda.polac.cz\/index.php?rest_route=\/wp\/v2\/pages\/270\/revisions"}],"predecessor-version":[{"id":415,"href":"https:\/\/veda.polac.cz\/index.php?rest_route=\/wp\/v2\/pages\/270\/revisions\/415"}],"up":[{"embeddable":true,"href":"https:\/\/veda.polac.cz\/index.php?rest_route=\/wp\/v2\/pages\/94"}],"wp:attachment":[{"href":"https:\/\/veda.polac.cz\/index.php?rest_route=%2Fwp%2Fv2%2Fmedia&parent=270"}],"curies":[{"name":"wp","href":"https:\/\/api.w.org\/{rel}","templated":true}]}}