{"id":2683,"date":"2019-04-18T11:27:47","date_gmt":"2019-04-18T11:27:47","guid":{"rendered":"http:\/\/veda.polac.cz\/?page_id=2683"},"modified":"2019-04-18T11:46:32","modified_gmt":"2019-04-18T11:46:32","slug":"15-2","status":"publish","type":"page","link":"https:\/\/veda.polac.cz\/?page_id=2683","title":{"rendered":""},"content":{"rendered":"<p style=\"text-align: center;\">Resum\u00e9 \u010dl\u00e1nku<\/p>\n<p style=\"font-weight: 400;\"><strong>Zm\u011bny p\u0159\u00edstupu pedagog\u016f k\u00a0dal\u0161\u00edmu rozvoji profesn\u00edho vzd\u011bl\u00e1v\u00e1n\u00ed v\u00a0d\u016fsledku zav\u00e1d\u011bn\u00ed informa\u010dn\u00edch a komunika\u010dn\u00edch technologi\u00ed do eduka\u010dn\u00edho procesu<br \/>\n<\/strong><em>plk. Mgr. Ing. Bc. Ji\u0159\u00ed Zl\u00e1mal, Ph.D.<br \/>\n<\/em><\/p>\n<p style=\"font-weight: 400;\">\u010cl\u00e1nek se zab\u00fdv\u00e1 nutnost\u00ed zm\u011bn v\u00a0p\u0159\u00edstupu pedagog\u016f k\u00a0dal\u0161\u00edmu rozvoji profesn\u00edho (policejn\u00edho) vzd\u011bl\u00e1v\u00e1n\u00ed v\u00a0d\u016fsledku zav\u00e1d\u011bn\u00ed informa\u010dn\u00edch a komunika\u010dn\u00edch technologi\u00ed do eduka\u010dn\u00edho procesu. Zm\u011bny zahrnuj\u00ed pedagogick\u00e9 kompetence, eduka\u010dn\u00ed prost\u0159ed\u00ed, syst\u00e9m vzd\u011bl\u00e1v\u00e1n\u00ed a ovliv\u0148uj\u00ed p\u0159\u00edstupy ke vzd\u011bl\u00e1vac\u00edmu procesu jak pedagog\u016f, tak i studuj\u00edc\u00edch. Jejich realizace je nutnou podm\u00ednkou pro p\u0159echod st\u0159edn\u00edch policejn\u00edch \u0161kol k\u00a0poskytov\u00e1n\u00ed vy\u0161\u0161\u00edho odborn\u00e9ho vzd\u011bl\u00e1v\u00e1n\u00ed kombinovanou formou.<br \/>\nKl\u00ed\u010dov\u00e1 slova: eduka\u010dn\u00ed prost\u0159ed\u00ed, integrace, informa\u010dn\u00ed a komunika\u010dn\u00ed technologie, pedagogick\u00e9 kompetence, syst\u00e9m vzd\u011bl\u00e1v\u00e1n\u00ed.<\/p>\n<hr \/>\n<p><a href=\"https:\/\/veda.polac.cz\/?page_id=1660\">Zp\u011bt<\/a><\/p>\n","protected":false},"excerpt":{"rendered":"<p>Resum\u00e9 \u010dl\u00e1nku Zm\u011bny p\u0159\u00edstupu pedagog\u016f k\u00a0dal\u0161\u00edmu rozvoji profesn\u00edho vzd\u011bl\u00e1v\u00e1n\u00ed v\u00a0d\u016fsledku zav\u00e1d\u011bn\u00ed informa\u010dn\u00edch a komunika\u010dn\u00edch technologi\u00ed do eduka\u010dn\u00edho procesu plk. Mgr. Ing. Bc. Ji\u0159\u00ed Zl\u00e1mal, Ph.D. \u010cl\u00e1nek se zab\u00fdv\u00e1 nutnost\u00ed zm\u011bn v\u00a0p\u0159\u00edstupu pedagog\u016f k\u00a0dal\u0161\u00edmu rozvoji profesn\u00edho (policejn\u00edho) vzd\u011bl\u00e1v\u00e1n\u00ed v\u00a0d\u016fsledku zav\u00e1d\u011bn\u00ed informa\u010dn\u00edch a komunika\u010dn\u00edch technologi\u00ed do eduka\u010dn\u00edho procesu. Zm\u011bny zahrnuj\u00ed pedagogick\u00e9 kompetence, eduka\u010dn\u00ed prost\u0159ed\u00ed, syst\u00e9m vzd\u011bl\u00e1v\u00e1n\u00ed a [&hellip;]<\/p>\n","protected":false},"author":2,"featured_media":0,"parent":1660,"menu_order":0,"comment_status":"closed","ping_status":"closed","template":"","meta":{"footnotes":""},"class_list":["post-2683","page","type-page","status-publish","hentry"],"_links":{"self":[{"href":"https:\/\/veda.polac.cz\/index.php?rest_route=\/wp\/v2\/pages\/2683","targetHints":{"allow":["GET"]}}],"collection":[{"href":"https:\/\/veda.polac.cz\/index.php?rest_route=\/wp\/v2\/pages"}],"about":[{"href":"https:\/\/veda.polac.cz\/index.php?rest_route=\/wp\/v2\/types\/page"}],"author":[{"embeddable":true,"href":"https:\/\/veda.polac.cz\/index.php?rest_route=\/wp\/v2\/users\/2"}],"replies":[{"embeddable":true,"href":"https:\/\/veda.polac.cz\/index.php?rest_route=%2Fwp%2Fv2%2Fcomments&post=2683"}],"version-history":[{"count":2,"href":"https:\/\/veda.polac.cz\/index.php?rest_route=\/wp\/v2\/pages\/2683\/revisions"}],"predecessor-version":[{"id":2722,"href":"https:\/\/veda.polac.cz\/index.php?rest_route=\/wp\/v2\/pages\/2683\/revisions\/2722"}],"up":[{"embeddable":true,"href":"https:\/\/veda.polac.cz\/index.php?rest_route=\/wp\/v2\/pages\/1660"}],"wp:attachment":[{"href":"https:\/\/veda.polac.cz\/index.php?rest_route=%2Fwp%2Fv2%2Fmedia&parent=2683"}],"curies":[{"name":"wp","href":"https:\/\/api.w.org\/{rel}","templated":true}]}}