{"id":2681,"date":"2019-04-18T11:26:29","date_gmt":"2019-04-18T11:26:29","guid":{"rendered":"http:\/\/veda.polac.cz\/?page_id=2681"},"modified":"2019-04-18T11:46:29","modified_gmt":"2019-04-18T11:46:29","slug":"14-2","status":"publish","type":"page","link":"https:\/\/veda.polac.cz\/?page_id=2681","title":{"rendered":""},"content":{"rendered":"<p style=\"text-align: center;\">Resum\u00e9 \u010dl\u00e1nku<\/p>\n<p><b>Prevencia drogov\u00fdch z\u00e1vislost\u00ed z\u00a0pohladu forenznej psychologi\u010dky<br \/>\n<\/b><i>Mjr. PhDr. Darina Havrlentov\u00e1, PhD.<br \/>\n<\/i><i><\/i><\/p>\n<p>Auto\u0159i se ve sv\u00e9m \u010dl\u00e1nku zab\u00fdvaj\u00ed problematikou zneu\u017e\u00edv\u00e1n\u00ed zak\u00e1zan\u00fdch n\u00e1vykov\u00fdch l\u00e1tek p\u0159i hromadn\u00fdch akc\u00edch.\u00a0\u00a0\u010cl\u00e1nek je d\u00edl\u010d\u00edm v\u00fdstupem z\u00a0v\u00fdzkumn\u00e9ho \u00fakolu \u00dastavu policejn\u011b bezpe\u010dnostn\u00edch studi\u00ed, Policejn\u00ed akademie \u010cR v\u00a0Praze \u201eTeoretick\u00e9 ot\u00e1zky bezpe\u010dnostn\u00edho v\u00fdzkumu k\u00a0syst\u00e9mu ochrany vnit\u0159n\u00ed bezpe\u010dnosti st\u00e1tu\u201c a sice d\u00edl\u010d\u00edho projektu pod n\u00e1zvem \u201eHromadn\u00e9 akce\u201c<br \/>\nKl\u00ed\u010dov\u00e1 slova: policie, hromadn\u00e9 akce, zak\u00e1zan\u00e9 n\u00e1vykov\u00e9 l\u00e1tky, ve\u0159ejn\u00fd po\u0159\u00e1dek.<\/p>\n<hr \/>\n<p><a href=\"https:\/\/veda.polac.cz\/?page_id=1660\">Zp\u011bt<\/a><\/p>\n","protected":false},"excerpt":{"rendered":"<p>Resum\u00e9 \u010dl\u00e1nku Prevencia drogov\u00fdch z\u00e1vislost\u00ed z\u00a0pohladu forenznej psychologi\u010dky Mjr. PhDr. Darina Havrlentov\u00e1, PhD. Auto\u0159i se ve sv\u00e9m \u010dl\u00e1nku zab\u00fdvaj\u00ed problematikou zneu\u017e\u00edv\u00e1n\u00ed zak\u00e1zan\u00fdch n\u00e1vykov\u00fdch l\u00e1tek p\u0159i hromadn\u00fdch akc\u00edch.\u00a0\u00a0\u010cl\u00e1nek je d\u00edl\u010d\u00edm v\u00fdstupem z\u00a0v\u00fdzkumn\u00e9ho \u00fakolu \u00dastavu policejn\u011b bezpe\u010dnostn\u00edch studi\u00ed, Policejn\u00ed akademie \u010cR v\u00a0Praze \u201eTeoretick\u00e9 ot\u00e1zky bezpe\u010dnostn\u00edho v\u00fdzkumu k\u00a0syst\u00e9mu ochrany vnit\u0159n\u00ed bezpe\u010dnosti st\u00e1tu\u201c a sice d\u00edl\u010d\u00edho projektu pod n\u00e1zvem [&hellip;]<\/p>\n","protected":false},"author":2,"featured_media":0,"parent":1660,"menu_order":0,"comment_status":"closed","ping_status":"closed","template":"","meta":{"footnotes":""},"class_list":["post-2681","page","type-page","status-publish","hentry"],"_links":{"self":[{"href":"https:\/\/veda.polac.cz\/index.php?rest_route=\/wp\/v2\/pages\/2681","targetHints":{"allow":["GET"]}}],"collection":[{"href":"https:\/\/veda.polac.cz\/index.php?rest_route=\/wp\/v2\/pages"}],"about":[{"href":"https:\/\/veda.polac.cz\/index.php?rest_route=\/wp\/v2\/types\/page"}],"author":[{"embeddable":true,"href":"https:\/\/veda.polac.cz\/index.php?rest_route=\/wp\/v2\/users\/2"}],"replies":[{"embeddable":true,"href":"https:\/\/veda.polac.cz\/index.php?rest_route=%2Fwp%2Fv2%2Fcomments&post=2681"}],"version-history":[{"count":2,"href":"https:\/\/veda.polac.cz\/index.php?rest_route=\/wp\/v2\/pages\/2681\/revisions"}],"predecessor-version":[{"id":2721,"href":"https:\/\/veda.polac.cz\/index.php?rest_route=\/wp\/v2\/pages\/2681\/revisions\/2721"}],"up":[{"embeddable":true,"href":"https:\/\/veda.polac.cz\/index.php?rest_route=\/wp\/v2\/pages\/1660"}],"wp:attachment":[{"href":"https:\/\/veda.polac.cz\/index.php?rest_route=%2Fwp%2Fv2%2Fmedia&parent=2681"}],"curies":[{"name":"wp","href":"https:\/\/api.w.org\/{rel}","templated":true}]}}