{"id":268,"date":"2018-09-08T12:47:58","date_gmt":"2018-09-08T12:47:58","guid":{"rendered":"http:\/\/veda.polac.cz\/?page_id=268"},"modified":"2018-11-02T22:17:52","modified_gmt":"2018-11-02T22:17:52","slug":"268-2","status":"publish","type":"page","link":"https:\/\/veda.polac.cz\/?page_id=268","title":{"rendered":""},"content":{"rendered":"<p style=\"text-align: center;\">Resum\u00e9 \u010dl\u00e1nku<\/p>\n<p><strong>Reakce organismu na stres vlivem mimo\u0159\u00e1dn\u00e9 ud\u00e1losti<\/strong><br \/>\n<em>doc. Mgr. Ing. David Ullrich, Ph.D., MBA, Univerzita obrany Brno, Fakulta vojensk\u00e9ho leadershipu, katedra leadershipu<\/em><br \/>\n<em>Ing. Jan Kysel\u00e1k, Ph.D., Univerzita Tom\u00e1\u0161e Bati, Zl\u00edn, Fakulta logistiky a krizov\u00e9ho \u0159\u00edzen\u00ed, \u00dastav ochrany obyvatelstva<\/em><br \/>\n<em>Mgr. Franti\u0161ek Van\u011b\u010dek, Univerzita obrany, Brno, Centrum t\u011blesn\u00e9 v\u00fdchovy a sportu<\/em><\/p>\n<p>Mimo\u0159\u00e1dn\u00e9 ud\u00e1losti spojen\u00e9 s pot\u0159ebou aktivace havarijn\u00edch pl\u00e1n\u016f prov\u00e1zej\u00ed v posledn\u00edch letech na\u0161\u00ed spole\u010dnost dosti \u010dasto. Tato aktivace se samoz\u0159ejm\u011b nez\u0159\u00eddka dot\u00fdk\u00e1 i obyvatelstva. Spoluauto\u0159i proto \u010dten\u00e1\u0159\u016fm \u010dasopisu na z\u00e1klad\u011b realizovan\u00e9ho experimentu a zmapov\u00e1n\u00ed psychofyzick\u00e9, ment\u00e1ln\u00ed a odborn\u00e9 kondice, nab\u00edzej\u00ed pohled na schopnosti vybran\u00e9 kategorie obyvatelstva vyrovnat se za specifick\u00fdch podm\u00ednek se z\u00e1t\u011b\u017e\u00ed, kter\u00e1 byla modelov\u00e1na prost\u0159ednictv\u00edm p\u011b\u0161\u00ed evakuace. Nab\u00edzej\u00ed rovn\u011b\u017e pohled na reakci organismu na stres vyvolan\u00fd touto modelac\u00ed mimo\u0159\u00e1dn\u00e9 ud\u00e1losti.<br \/>\n<strong>Kl\u00ed\u010dov\u00e1 slova<\/strong>:\u00a0Bezpe\u010dnost, experiment, leadership, ochrana obyvatelstva, p\u011b\u0161\u00ed evakuace, p\u0159ek\u00e1\u017eky, psychofyzick\u00e1, ment\u00e1ln\u00ed a odborn\u00e1 kondice, z\u00e1t\u011b\u017e.<\/p>\n<p><a href=\"https:\/\/veda.polac.cz\/?page_id=94\">04\/2017<\/a><\/p>\n","protected":false},"excerpt":{"rendered":"<p>Resum\u00e9 \u010dl\u00e1nku Reakce organismu na stres vlivem mimo\u0159\u00e1dn\u00e9 ud\u00e1losti doc. Mgr. Ing. David Ullrich, Ph.D., MBA, Univerzita obrany Brno, Fakulta vojensk\u00e9ho leadershipu, katedra leadershipu Ing. Jan Kysel\u00e1k, Ph.D., Univerzita Tom\u00e1\u0161e Bati, Zl\u00edn, Fakulta logistiky a krizov\u00e9ho \u0159\u00edzen\u00ed, \u00dastav ochrany obyvatelstva Mgr. Franti\u0161ek Van\u011b\u010dek, Univerzita obrany, Brno, Centrum t\u011blesn\u00e9 v\u00fdchovy a sportu Mimo\u0159\u00e1dn\u00e9 ud\u00e1losti spojen\u00e9 s [&hellip;]<\/p>\n","protected":false},"author":2,"featured_media":0,"parent":94,"menu_order":2,"comment_status":"closed","ping_status":"closed","template":"","meta":{"footnotes":""},"class_list":["post-268","page","type-page","status-publish","hentry"],"_links":{"self":[{"href":"https:\/\/veda.polac.cz\/index.php?rest_route=\/wp\/v2\/pages\/268","targetHints":{"allow":["GET"]}}],"collection":[{"href":"https:\/\/veda.polac.cz\/index.php?rest_route=\/wp\/v2\/pages"}],"about":[{"href":"https:\/\/veda.polac.cz\/index.php?rest_route=\/wp\/v2\/types\/page"}],"author":[{"embeddable":true,"href":"https:\/\/veda.polac.cz\/index.php?rest_route=\/wp\/v2\/users\/2"}],"replies":[{"embeddable":true,"href":"https:\/\/veda.polac.cz\/index.php?rest_route=%2Fwp%2Fv2%2Fcomments&post=268"}],"version-history":[{"count":5,"href":"https:\/\/veda.polac.cz\/index.php?rest_route=\/wp\/v2\/pages\/268\/revisions"}],"predecessor-version":[{"id":414,"href":"https:\/\/veda.polac.cz\/index.php?rest_route=\/wp\/v2\/pages\/268\/revisions\/414"}],"up":[{"embeddable":true,"href":"https:\/\/veda.polac.cz\/index.php?rest_route=\/wp\/v2\/pages\/94"}],"wp:attachment":[{"href":"https:\/\/veda.polac.cz\/index.php?rest_route=%2Fwp%2Fv2%2Fmedia&parent=268"}],"curies":[{"name":"wp","href":"https:\/\/api.w.org\/{rel}","templated":true}]}}