{"id":2679,"date":"2019-04-18T11:25:22","date_gmt":"2019-04-18T11:25:22","guid":{"rendered":"http:\/\/veda.polac.cz\/?page_id=2679"},"modified":"2019-04-18T11:46:27","modified_gmt":"2019-04-18T11:46:27","slug":"13-2","status":"publish","type":"page","link":"https:\/\/veda.polac.cz\/?page_id=2679","title":{"rendered":""},"content":{"rendered":"<p style=\"text-align: center;\">Resum\u00e9 \u010dl\u00e1nku<\/p>\n<p><b>Neleg\u00e1ln\u00ed n\u00e1vykov\u00e9 l\u00e1tky na hromadn\u00fdch akc\u00edch<br \/>\n<\/b><i>pplk. Mgr. David Z\u00e1mek kpt. Mgr. Marek Bla\u017eejovsk\u00fd<br \/>\n<\/i><i><\/i><\/p>\n<p>Auto\u0159i se ve sv\u00e9m \u010dl\u00e1nku zab\u00fdvaj\u00ed problematikou zneu\u017e\u00edv\u00e1n\u00ed zak\u00e1zan\u00fdch n\u00e1vykov\u00fdch l\u00e1tek p\u0159i hromadn\u00fdch akc\u00edch.\u00a0\u00a0\u010cl\u00e1nek je d\u00edl\u010d\u00edm v\u00fdstupem z\u00a0v\u00fdzkumn\u00e9ho \u00fakolu \u00dastavu policejn\u011b bezpe\u010dnostn\u00edch studi\u00ed, Policejn\u00ed akademie \u010cR v\u00a0Praze \u201eTeoretick\u00e9 ot\u00e1zky bezpe\u010dnostn\u00edho v\u00fdzkumu k\u00a0syst\u00e9mu ochrany vnit\u0159n\u00ed bezpe\u010dnosti st\u00e1tu\u201c a sice d\u00edl\u010d\u00edho projektu pod n\u00e1zvem \u201eHromadn\u00e9 akce\u201c<br \/>\nKl\u00ed\u010dov\u00e1 slova: policie, hromadn\u00e9 akce, zak\u00e1zan\u00e9 n\u00e1vykov\u00e9 l\u00e1tky, ve\u0159ejn\u00fd po\u0159\u00e1dek.<\/p>\n<hr \/>\n<p><a href=\"https:\/\/veda.polac.cz\/?page_id=1660\">Zp\u011bt<\/a><\/p>\n","protected":false},"excerpt":{"rendered":"<p>Resum\u00e9 \u010dl\u00e1nku Neleg\u00e1ln\u00ed n\u00e1vykov\u00e9 l\u00e1tky na hromadn\u00fdch akc\u00edch pplk. Mgr. David Z\u00e1mek kpt. Mgr. Marek Bla\u017eejovsk\u00fd Auto\u0159i se ve sv\u00e9m \u010dl\u00e1nku zab\u00fdvaj\u00ed problematikou zneu\u017e\u00edv\u00e1n\u00ed zak\u00e1zan\u00fdch n\u00e1vykov\u00fdch l\u00e1tek p\u0159i hromadn\u00fdch akc\u00edch.\u00a0\u00a0\u010cl\u00e1nek je d\u00edl\u010d\u00edm v\u00fdstupem z\u00a0v\u00fdzkumn\u00e9ho \u00fakolu \u00dastavu policejn\u011b bezpe\u010dnostn\u00edch studi\u00ed, Policejn\u00ed akademie \u010cR v\u00a0Praze \u201eTeoretick\u00e9 ot\u00e1zky bezpe\u010dnostn\u00edho v\u00fdzkumu k\u00a0syst\u00e9mu ochrany vnit\u0159n\u00ed bezpe\u010dnosti st\u00e1tu\u201c a sice d\u00edl\u010d\u00edho [&hellip;]<\/p>\n","protected":false},"author":2,"featured_media":0,"parent":1660,"menu_order":0,"comment_status":"closed","ping_status":"closed","template":"","meta":{"footnotes":""},"class_list":["post-2679","page","type-page","status-publish","hentry"],"_links":{"self":[{"href":"https:\/\/veda.polac.cz\/index.php?rest_route=\/wp\/v2\/pages\/2679","targetHints":{"allow":["GET"]}}],"collection":[{"href":"https:\/\/veda.polac.cz\/index.php?rest_route=\/wp\/v2\/pages"}],"about":[{"href":"https:\/\/veda.polac.cz\/index.php?rest_route=\/wp\/v2\/types\/page"}],"author":[{"embeddable":true,"href":"https:\/\/veda.polac.cz\/index.php?rest_route=\/wp\/v2\/users\/2"}],"replies":[{"embeddable":true,"href":"https:\/\/veda.polac.cz\/index.php?rest_route=%2Fwp%2Fv2%2Fcomments&post=2679"}],"version-history":[{"count":2,"href":"https:\/\/veda.polac.cz\/index.php?rest_route=\/wp\/v2\/pages\/2679\/revisions"}],"predecessor-version":[{"id":2720,"href":"https:\/\/veda.polac.cz\/index.php?rest_route=\/wp\/v2\/pages\/2679\/revisions\/2720"}],"up":[{"embeddable":true,"href":"https:\/\/veda.polac.cz\/index.php?rest_route=\/wp\/v2\/pages\/1660"}],"wp:attachment":[{"href":"https:\/\/veda.polac.cz\/index.php?rest_route=%2Fwp%2Fv2%2Fmedia&parent=2679"}],"curies":[{"name":"wp","href":"https:\/\/api.w.org\/{rel}","templated":true}]}}