{"id":2675,"date":"2019-04-18T11:22:55","date_gmt":"2019-04-18T11:22:55","guid":{"rendered":"http:\/\/veda.polac.cz\/?page_id=2675"},"modified":"2019-04-18T11:46:20","modified_gmt":"2019-04-18T11:46:20","slug":"11-2","status":"publish","type":"page","link":"https:\/\/veda.polac.cz\/?page_id=2675","title":{"rendered":""},"content":{"rendered":"<p style=\"text-align: center;\">Resum\u00e9 \u010dl\u00e1nku<\/p>\n<p><b>Nov\u00e9 opr\u00e1vn\u011bn\u00ed Policie \u010cR<br \/>\n<\/b><i>Band\u017eak, Jozef:<br \/>\n<\/i><i><\/i><\/p>\n<p>V\u00a0na\u0161em pr\u00e1vn\u00edm \u0159\u00e1du doposud nen\u00ed trestn\u00fd \u010din, v\u00a0jeho\u017e ustanoven\u00ed by byla p\u0159\u00edmo \u0159e\u0161ena ot\u00e1zka dom\u00e1c\u00edho n\u00e1sil\u00ed. V\u0161echna trestn\u00e1 jedn\u00e1n\u00ed tohoto charakteru lze pod\u0159adit pod jednotliv\u00e1 ustanoven\u00ed tr. z\u00e1kona a to v\u00a0ustanoven\u00edch ubl\u00ed\u017een\u00ed na zdrav\u00ed, vyd\u00edran\u00ed, omezov\u00e1n\u00ed osobn\u00ed svobody, t\u00fdran\u00ed sv\u011b\u0159en\u00e9 osoby, \u00fatisk. V p\u0159estupkov\u00e9m z\u00e1kon\u011b takov\u00e9 jedn\u00e1n\u00ed \u0159e\u0161\u00ed p\u0159ev\u00e1\u017en\u011b p\u0159estupky v\u00a0oblasti ob\u010dansk\u00e9ho sou\u017eit\u00ed, proti ve\u0159ejn\u00e9mu po\u0159\u00e1dku apod. Nov\u00e1 opr\u00e1vn\u011bn\u00ed Policii \u010cR p\u0159in\u00e1\u0161\u00ed institut vyk\u00e1zan\u00ed n\u00e1siln\u00e9 osoby ze spole\u010dn\u00e9ho obydl\u00ed. Nen\u00ed v\u00a0tomto ohledu roz\u0161\u00ed\u0159en\u00edm o n\u011bjak\u00e9 dal\u0161\u00ed trestn\u00ed (p\u0159estupkov\u00e9) jedn\u00e1n\u00ed, nen\u00ed ani trestem (sankc\u00ed), ale p\u0159edb\u011b\u017en\u00fdm opat\u0159en\u00edm, jeho\u017e \u00fa\u010delem je izolovat n\u00e1silnou osobu v\u00a0p\u0159\u00edpadech, kter\u00e9 jsou kvalifikovan\u00e9 jako dom\u00e1c\u00ed n\u00e1sil\u00ed od osoby (osob) ohro\u017een\u00fdch.<br \/>\nKl\u00ed\u010dov\u00e1 slova: dom\u00e1c\u00ed n\u00e1sil\u00ed, spole\u010dn\u00e9 obydl\u00ed, z\u00e1kaz vstupu.<\/p>\n<hr \/>\n<p><a href=\"https:\/\/veda.polac.cz\/?page_id=1660\">Zp\u011bt<\/a><\/p>\n","protected":false},"excerpt":{"rendered":"<p>Resum\u00e9 \u010dl\u00e1nku Nov\u00e9 opr\u00e1vn\u011bn\u00ed Policie \u010cR Band\u017eak, Jozef: V\u00a0na\u0161em pr\u00e1vn\u00edm \u0159\u00e1du doposud nen\u00ed trestn\u00fd \u010din, v\u00a0jeho\u017e ustanoven\u00ed by byla p\u0159\u00edmo \u0159e\u0161ena ot\u00e1zka dom\u00e1c\u00edho n\u00e1sil\u00ed. V\u0161echna trestn\u00e1 jedn\u00e1n\u00ed tohoto charakteru lze pod\u0159adit pod jednotliv\u00e1 ustanoven\u00ed tr. z\u00e1kona a to v\u00a0ustanoven\u00edch ubl\u00ed\u017een\u00ed na zdrav\u00ed, vyd\u00edran\u00ed, omezov\u00e1n\u00ed osobn\u00ed svobody, t\u00fdran\u00ed sv\u011b\u0159en\u00e9 osoby, \u00fatisk. V p\u0159estupkov\u00e9m z\u00e1kon\u011b takov\u00e9 jedn\u00e1n\u00ed [&hellip;]<\/p>\n","protected":false},"author":2,"featured_media":0,"parent":1660,"menu_order":0,"comment_status":"closed","ping_status":"closed","template":"","meta":{"footnotes":""},"class_list":["post-2675","page","type-page","status-publish","hentry"],"_links":{"self":[{"href":"https:\/\/veda.polac.cz\/index.php?rest_route=\/wp\/v2\/pages\/2675","targetHints":{"allow":["GET"]}}],"collection":[{"href":"https:\/\/veda.polac.cz\/index.php?rest_route=\/wp\/v2\/pages"}],"about":[{"href":"https:\/\/veda.polac.cz\/index.php?rest_route=\/wp\/v2\/types\/page"}],"author":[{"embeddable":true,"href":"https:\/\/veda.polac.cz\/index.php?rest_route=\/wp\/v2\/users\/2"}],"replies":[{"embeddable":true,"href":"https:\/\/veda.polac.cz\/index.php?rest_route=%2Fwp%2Fv2%2Fcomments&post=2675"}],"version-history":[{"count":2,"href":"https:\/\/veda.polac.cz\/index.php?rest_route=\/wp\/v2\/pages\/2675\/revisions"}],"predecessor-version":[{"id":2718,"href":"https:\/\/veda.polac.cz\/index.php?rest_route=\/wp\/v2\/pages\/2675\/revisions\/2718"}],"up":[{"embeddable":true,"href":"https:\/\/veda.polac.cz\/index.php?rest_route=\/wp\/v2\/pages\/1660"}],"wp:attachment":[{"href":"https:\/\/veda.polac.cz\/index.php?rest_route=%2Fwp%2Fv2%2Fmedia&parent=2675"}],"curies":[{"name":"wp","href":"https:\/\/api.w.org\/{rel}","templated":true}]}}