{"id":2673,"date":"2019-04-18T11:21:34","date_gmt":"2019-04-18T11:21:34","guid":{"rendered":"http:\/\/veda.polac.cz\/?page_id=2673"},"modified":"2019-04-18T11:46:17","modified_gmt":"2019-04-18T11:46:17","slug":"10-2","status":"publish","type":"page","link":"https:\/\/veda.polac.cz\/?page_id=2673","title":{"rendered":""},"content":{"rendered":"<p style=\"text-align: center;\">Resum\u00e9 \u010dl\u00e1nku<\/p>\n<p><b>Vyu\u017eitelnost metody balanced scorecard v\u00a0policejn\u00ed organizaci<br \/>\n<\/b><i>Ing. Mgr. Jan Barto\u0161 JUDr. Franti\u0161ek Do\u010dekal, Ph.D.<br \/>\n<\/i><i><\/i><\/p>\n<p>K\u00a0syst\u00e9mov\u00e9mu procesu trval\u00e9ho zlep\u0161ov\u00e1n\u00ed v\u00fdkonnosti policejn\u00edch organizac\u00ed pat\u0159\u00ed odkr\u00fdv\u00e1n\u00ed p\u0159\u00ed\u010din probl\u00e9m\u016f a implementace modern\u00edch metod managementu zalo\u017een\u00fdch na procesn\u00edm \u0159\u00edzen\u00ed. Jedn\u00edm z\u00a0modern\u00edch n\u00e1stroj\u016f m\u011b\u0159en\u00ed a hodnocen\u00ed v\u00fdkonnosti organizace je vyu\u017eit\u00ed metody \u201eBalanced Scorecard\u201c. \u010cl\u00e1nek podrobn\u011b vysv\u011btluje princip t\u00e9to nov\u00e9 metody a jej\u00ed m\u00edsto v\u00a0\u0159\u00edzen\u00ed policejn\u00edch organizac\u00ed.<br \/>\nKl\u00ed\u010dov\u00e1 slova: syst\u00e9m, management, organizace.<\/p>\n<hr \/>\n<p><a href=\"https:\/\/veda.polac.cz\/?page_id=1660\">Zp\u011bt<\/a><\/p>\n","protected":false},"excerpt":{"rendered":"<p>Resum\u00e9 \u010dl\u00e1nku Vyu\u017eitelnost metody balanced scorecard v\u00a0policejn\u00ed organizaci Ing. Mgr. Jan Barto\u0161 JUDr. Franti\u0161ek Do\u010dekal, Ph.D. K\u00a0syst\u00e9mov\u00e9mu procesu trval\u00e9ho zlep\u0161ov\u00e1n\u00ed v\u00fdkonnosti policejn\u00edch organizac\u00ed pat\u0159\u00ed odkr\u00fdv\u00e1n\u00ed p\u0159\u00ed\u010din probl\u00e9m\u016f a implementace modern\u00edch metod managementu zalo\u017een\u00fdch na procesn\u00edm \u0159\u00edzen\u00ed. Jedn\u00edm z\u00a0modern\u00edch n\u00e1stroj\u016f m\u011b\u0159en\u00ed a hodnocen\u00ed v\u00fdkonnosti organizace je vyu\u017eit\u00ed metody \u201eBalanced Scorecard\u201c. \u010cl\u00e1nek podrobn\u011b vysv\u011btluje princip t\u00e9to nov\u00e9 [&hellip;]<\/p>\n","protected":false},"author":2,"featured_media":0,"parent":1660,"menu_order":0,"comment_status":"closed","ping_status":"closed","template":"","meta":{"footnotes":""},"class_list":["post-2673","page","type-page","status-publish","hentry"],"_links":{"self":[{"href":"https:\/\/veda.polac.cz\/index.php?rest_route=\/wp\/v2\/pages\/2673","targetHints":{"allow":["GET"]}}],"collection":[{"href":"https:\/\/veda.polac.cz\/index.php?rest_route=\/wp\/v2\/pages"}],"about":[{"href":"https:\/\/veda.polac.cz\/index.php?rest_route=\/wp\/v2\/types\/page"}],"author":[{"embeddable":true,"href":"https:\/\/veda.polac.cz\/index.php?rest_route=\/wp\/v2\/users\/2"}],"replies":[{"embeddable":true,"href":"https:\/\/veda.polac.cz\/index.php?rest_route=%2Fwp%2Fv2%2Fcomments&post=2673"}],"version-history":[{"count":2,"href":"https:\/\/veda.polac.cz\/index.php?rest_route=\/wp\/v2\/pages\/2673\/revisions"}],"predecessor-version":[{"id":2717,"href":"https:\/\/veda.polac.cz\/index.php?rest_route=\/wp\/v2\/pages\/2673\/revisions\/2717"}],"up":[{"embeddable":true,"href":"https:\/\/veda.polac.cz\/index.php?rest_route=\/wp\/v2\/pages\/1660"}],"wp:attachment":[{"href":"https:\/\/veda.polac.cz\/index.php?rest_route=%2Fwp%2Fv2%2Fmedia&parent=2673"}],"curies":[{"name":"wp","href":"https:\/\/api.w.org\/{rel}","templated":true}]}}