{"id":2670,"date":"2019-04-18T11:20:29","date_gmt":"2019-04-18T11:20:29","guid":{"rendered":"http:\/\/veda.polac.cz\/?page_id=2670"},"modified":"2019-04-18T11:46:54","modified_gmt":"2019-04-18T11:46:54","slug":"9-2","status":"publish","type":"page","link":"https:\/\/veda.polac.cz\/?page_id=2670","title":{"rendered":""},"content":{"rendered":"<p style=\"text-align: center;\">Resum\u00e9 \u010dl\u00e1nku<\/p>\n<p><b>\u010cinnost policist\u016f z\u00e1kladn\u00edch \u00fatvar\u016f slu\u017eby po\u0159\u00e1dkov\u00e9 policie p\u0159i p\u0159ijet\u00ed ozn\u00e1men\u00ed<br \/>\n<\/b><i>Mgr. Zden\u011bk Chmela<br \/>\n<\/i><i><\/i><\/p>\n<p>V\u00a0p\u0159edlo\u017een\u00e9m \u010dl\u00e1nku je nazna\u010dena problematika z\u00e1kladn\u00edch \u00fatvar\u016f slu\u017eby po\u0159\u00e1dkov\u00e9 policie v\u00a0p\u0159\u00edjmu ozn\u00e1men\u00ed a \u010dinnost policejn\u00edch inspektor\u016f na m\u00edst\u011b ud\u00e1losti. Jsou uvedeny jednotliv\u00e9 taktick\u00e9 postupy a mo\u017enosti samotn\u00fdch policejn\u00edch inspektor\u016f. Jedn\u00e1 se o oblast, kter\u00e1 je velmi d\u016fle\u017eit\u00e1. Proveden\u00ed jednotliv\u00fdch slu\u017eebn\u00edch \u00fakon\u016f ovliv\u0148uje dal\u0161\u00ed postup org\u00e1n\u016f \u010dinn\u00fdch v\u00a0trestn\u00edm \u0159\u00edzen\u00ed. Autor si ned\u00e1v\u00e1 za c\u00edl pojednat o v\u0161ech mo\u017en\u00fdch \u0159e\u0161en\u00edch, ale upozor\u0148uje na danou problematiku, kter\u00e9 nen\u00ed v\u011bnov\u00e1na dostate\u010dn\u00e1 pozornost, jakou by si zasluhovala.<\/p>\n<hr \/>\n<p><a href=\"https:\/\/veda.polac.cz\/?page_id=1660\">Zp\u011bt<\/a><\/p>\n","protected":false},"excerpt":{"rendered":"<p>Resum\u00e9 \u010dl\u00e1nku \u010cinnost policist\u016f z\u00e1kladn\u00edch \u00fatvar\u016f slu\u017eby po\u0159\u00e1dkov\u00e9 policie p\u0159i p\u0159ijet\u00ed ozn\u00e1men\u00ed Mgr. Zden\u011bk Chmela V\u00a0p\u0159edlo\u017een\u00e9m \u010dl\u00e1nku je nazna\u010dena problematika z\u00e1kladn\u00edch \u00fatvar\u016f slu\u017eby po\u0159\u00e1dkov\u00e9 policie v\u00a0p\u0159\u00edjmu ozn\u00e1men\u00ed a \u010dinnost policejn\u00edch inspektor\u016f na m\u00edst\u011b ud\u00e1losti. Jsou uvedeny jednotliv\u00e9 taktick\u00e9 postupy a mo\u017enosti samotn\u00fdch policejn\u00edch inspektor\u016f. Jedn\u00e1 se o oblast, kter\u00e1 je velmi d\u016fle\u017eit\u00e1. Proveden\u00ed jednotliv\u00fdch slu\u017eebn\u00edch [&hellip;]<\/p>\n","protected":false},"author":2,"featured_media":0,"parent":1660,"menu_order":0,"comment_status":"closed","ping_status":"closed","template":"","meta":{"footnotes":""},"class_list":["post-2670","page","type-page","status-publish","hentry"],"_links":{"self":[{"href":"https:\/\/veda.polac.cz\/index.php?rest_route=\/wp\/v2\/pages\/2670","targetHints":{"allow":["GET"]}}],"collection":[{"href":"https:\/\/veda.polac.cz\/index.php?rest_route=\/wp\/v2\/pages"}],"about":[{"href":"https:\/\/veda.polac.cz\/index.php?rest_route=\/wp\/v2\/types\/page"}],"author":[{"embeddable":true,"href":"https:\/\/veda.polac.cz\/index.php?rest_route=\/wp\/v2\/users\/2"}],"replies":[{"embeddable":true,"href":"https:\/\/veda.polac.cz\/index.php?rest_route=%2Fwp%2Fv2%2Fcomments&post=2670"}],"version-history":[{"count":3,"href":"https:\/\/veda.polac.cz\/index.php?rest_route=\/wp\/v2\/pages\/2670\/revisions"}],"predecessor-version":[{"id":2730,"href":"https:\/\/veda.polac.cz\/index.php?rest_route=\/wp\/v2\/pages\/2670\/revisions\/2730"}],"up":[{"embeddable":true,"href":"https:\/\/veda.polac.cz\/index.php?rest_route=\/wp\/v2\/pages\/1660"}],"wp:attachment":[{"href":"https:\/\/veda.polac.cz\/index.php?rest_route=%2Fwp%2Fv2%2Fmedia&parent=2670"}],"curies":[{"name":"wp","href":"https:\/\/api.w.org\/{rel}","templated":true}]}}