{"id":2668,"date":"2019-04-18T11:18:57","date_gmt":"2019-04-18T11:18:57","guid":{"rendered":"http:\/\/veda.polac.cz\/?page_id=2668"},"modified":"2019-04-18T11:46:51","modified_gmt":"2019-04-18T11:46:51","slug":"8-2","status":"publish","type":"page","link":"https:\/\/veda.polac.cz\/?page_id=2668","title":{"rendered":""},"content":{"rendered":"<p style=\"text-align: center;\">Resum\u00e9 \u010dl\u00e1nku<\/p>\n<p><b>Zji\u0161\u0165ov\u00e1n\u00ed trestn\u011b pr\u00e1vn\u011b relevantn\u00edch skute\u010dnost\u00ed od d\u00edt\u011bte mlad\u0161\u00edho patn\u00e1cti let<br \/>\n<\/b><i>JUDr. Milan \u0160ubrt<br \/>\n<\/i><i><\/i><\/p>\n<p>\u010cl\u00e1nek se zab\u00fdv\u00e1 koherenc\u00ed n\u011bkter\u00fdch d\u016fkazn\u00edch prost\u0159edk\u016f trestn\u00edho pr\u00e1va procesn\u00edho, v\u011bdeck\u00fdch metod kriminalistick\u00e9 taktiky a metodiky a v\u011bdeck\u00fdch postup\u016f forenzn\u00ed psychologie v\u00a0p\u0159\u00edpad\u011b z\u00edsk\u00e1v\u00e1n\u00ed trestn\u011b pr\u00e1vn\u011b relevantn\u00edch informac\u00ed od d\u00edt\u011bte mlad\u0161\u00edho patn\u00e1cti let. Autor se zam\u00fd\u0161l\u00ed nad vztahem mezi v\u011bdn\u00edmi disciplinami, jejich\u017e poznatky participuj\u00ed na prov\u00e1d\u011bn\u00ed v\u00fdslechu, tedy mezi trestn\u00edm pr\u00e1vem procesn\u00edm, kriminalistikou a forenzn\u00ed psychologi\u00ed. V\u00a0z\u00e1v\u011bru vymezuje z\u00e1kladn\u00ed pojmy a spojitosti prost\u0159edk\u016f v\u00a0p\u0159\u00edpad\u011b sv\u011bdeck\u00e9ho v\u00fdslechu d\u00edt\u011bte.<br \/>\nKl\u00ed\u010dov\u00e1 slova: Kriminalistika, trestn\u00ed pr\u00e1vo procesn\u00ed, forenzn\u00ed psychologie, osoba (d\u00edt\u011b) mlad\u0161\u00ed patn\u00e1cti let, pam\u011b\u0165ov\u00e1 stopa, v\u00fdpov\u011b\u010f, v\u00fdslech.<\/p>\n<hr \/>\n<p><a href=\"https:\/\/veda.polac.cz\/?page_id=1660\">Zp\u011bt<\/a><\/p>\n","protected":false},"excerpt":{"rendered":"<p>Resum\u00e9 \u010dl\u00e1nku Zji\u0161\u0165ov\u00e1n\u00ed trestn\u011b pr\u00e1vn\u011b relevantn\u00edch skute\u010dnost\u00ed od d\u00edt\u011bte mlad\u0161\u00edho patn\u00e1cti let JUDr. Milan \u0160ubrt \u010cl\u00e1nek se zab\u00fdv\u00e1 koherenc\u00ed n\u011bkter\u00fdch d\u016fkazn\u00edch prost\u0159edk\u016f trestn\u00edho pr\u00e1va procesn\u00edho, v\u011bdeck\u00fdch metod kriminalistick\u00e9 taktiky a metodiky a v\u011bdeck\u00fdch postup\u016f forenzn\u00ed psychologie v\u00a0p\u0159\u00edpad\u011b z\u00edsk\u00e1v\u00e1n\u00ed trestn\u011b pr\u00e1vn\u011b relevantn\u00edch informac\u00ed od d\u00edt\u011bte mlad\u0161\u00edho patn\u00e1cti let. Autor se zam\u00fd\u0161l\u00ed nad vztahem mezi v\u011bdn\u00edmi disciplinami, [&hellip;]<\/p>\n","protected":false},"author":2,"featured_media":0,"parent":1660,"menu_order":0,"comment_status":"closed","ping_status":"closed","template":"","meta":{"footnotes":""},"class_list":["post-2668","page","type-page","status-publish","hentry"],"_links":{"self":[{"href":"https:\/\/veda.polac.cz\/index.php?rest_route=\/wp\/v2\/pages\/2668","targetHints":{"allow":["GET"]}}],"collection":[{"href":"https:\/\/veda.polac.cz\/index.php?rest_route=\/wp\/v2\/pages"}],"about":[{"href":"https:\/\/veda.polac.cz\/index.php?rest_route=\/wp\/v2\/types\/page"}],"author":[{"embeddable":true,"href":"https:\/\/veda.polac.cz\/index.php?rest_route=\/wp\/v2\/users\/2"}],"replies":[{"embeddable":true,"href":"https:\/\/veda.polac.cz\/index.php?rest_route=%2Fwp%2Fv2%2Fcomments&post=2668"}],"version-history":[{"count":2,"href":"https:\/\/veda.polac.cz\/index.php?rest_route=\/wp\/v2\/pages\/2668\/revisions"}],"predecessor-version":[{"id":2729,"href":"https:\/\/veda.polac.cz\/index.php?rest_route=\/wp\/v2\/pages\/2668\/revisions\/2729"}],"up":[{"embeddable":true,"href":"https:\/\/veda.polac.cz\/index.php?rest_route=\/wp\/v2\/pages\/1660"}],"wp:attachment":[{"href":"https:\/\/veda.polac.cz\/index.php?rest_route=%2Fwp%2Fv2%2Fmedia&parent=2668"}],"curies":[{"name":"wp","href":"https:\/\/api.w.org\/{rel}","templated":true}]}}