{"id":2666,"date":"2019-04-18T11:17:39","date_gmt":"2019-04-18T11:17:39","guid":{"rendered":"http:\/\/veda.polac.cz\/?page_id=2666"},"modified":"2019-04-18T11:46:48","modified_gmt":"2019-04-18T11:46:48","slug":"7-2","status":"publish","type":"page","link":"https:\/\/veda.polac.cz\/?page_id=2666","title":{"rendered":""},"content":{"rendered":"<p style=\"text-align: center;\">Resum\u00e9 \u010dl\u00e1nku<\/p>\n<p><b>Identifikace v\u00a0policejn\u011b bezpe\u010dnostn\u00ed \u010dinnosti<br \/>\n<\/b><i>doc. RNDr. Josef Po\u017e\u00e1r, CSc.<br \/>\n<\/i><i><\/i><\/p>\n<p>Studie se zab\u00fdv\u00e1 vybran\u00fdmi aspekty teoretick\u00e9ho rozpracov\u00e1n\u00ed identifika\u010dn\u00edch proces\u016f v\u00a0policejn\u011b bezpe\u010dnostn\u00ed \u010dinnosti. Vymezuje obecnou charakteristiku, pojem a podstatu teorie identifikace. Popisuje druhy identifikace jako kriminalistickou identifikaci objekt\u016f, syst\u00e9movou identifikaci, identifikaci p\u0159edm\u011bt\u016f. V\u00a0z\u00e1v\u011bru studie vymezuje identifikaci a autentizaci v\u00a0informa\u010dn\u00edch a komunika\u010dn\u00edch technologi\u00edch. Nasti\u0148uje mo\u017enosti identifikace, simplifikace a algoritmizace proces\u016f v policejn\u011b bezpe\u010dnostn\u00ed \u010dinnosti<br \/>\nKl\u00ed\u010dov\u00e1 slova: Identifikace, proces identifikace v\u00a0policejn\u011b bezpe\u010dnostn\u00ed \u010dinnosti, kriminalistick\u00e1 identifikace, syst\u00e9mov\u00e1 identifikace, simplifikace a algoritmizace.<\/p>\n<hr \/>\n<p><a href=\"https:\/\/veda.polac.cz\/?page_id=1660\">Zp\u011bt<\/a><\/p>\n","protected":false},"excerpt":{"rendered":"<p>Resum\u00e9 \u010dl\u00e1nku Identifikace v\u00a0policejn\u011b bezpe\u010dnostn\u00ed \u010dinnosti doc. RNDr. Josef Po\u017e\u00e1r, CSc. Studie se zab\u00fdv\u00e1 vybran\u00fdmi aspekty teoretick\u00e9ho rozpracov\u00e1n\u00ed identifika\u010dn\u00edch proces\u016f v\u00a0policejn\u011b bezpe\u010dnostn\u00ed \u010dinnosti. Vymezuje obecnou charakteristiku, pojem a podstatu teorie identifikace. Popisuje druhy identifikace jako kriminalistickou identifikaci objekt\u016f, syst\u00e9movou identifikaci, identifikaci p\u0159edm\u011bt\u016f. V\u00a0z\u00e1v\u011bru studie vymezuje identifikaci a autentizaci v\u00a0informa\u010dn\u00edch a komunika\u010dn\u00edch technologi\u00edch. Nasti\u0148uje mo\u017enosti identifikace, [&hellip;]<\/p>\n","protected":false},"author":2,"featured_media":0,"parent":1660,"menu_order":0,"comment_status":"closed","ping_status":"closed","template":"","meta":{"footnotes":""},"class_list":["post-2666","page","type-page","status-publish","hentry"],"_links":{"self":[{"href":"https:\/\/veda.polac.cz\/index.php?rest_route=\/wp\/v2\/pages\/2666","targetHints":{"allow":["GET"]}}],"collection":[{"href":"https:\/\/veda.polac.cz\/index.php?rest_route=\/wp\/v2\/pages"}],"about":[{"href":"https:\/\/veda.polac.cz\/index.php?rest_route=\/wp\/v2\/types\/page"}],"author":[{"embeddable":true,"href":"https:\/\/veda.polac.cz\/index.php?rest_route=\/wp\/v2\/users\/2"}],"replies":[{"embeddable":true,"href":"https:\/\/veda.polac.cz\/index.php?rest_route=%2Fwp%2Fv2%2Fcomments&post=2666"}],"version-history":[{"count":2,"href":"https:\/\/veda.polac.cz\/index.php?rest_route=\/wp\/v2\/pages\/2666\/revisions"}],"predecessor-version":[{"id":2728,"href":"https:\/\/veda.polac.cz\/index.php?rest_route=\/wp\/v2\/pages\/2666\/revisions\/2728"}],"up":[{"embeddable":true,"href":"https:\/\/veda.polac.cz\/index.php?rest_route=\/wp\/v2\/pages\/1660"}],"wp:attachment":[{"href":"https:\/\/veda.polac.cz\/index.php?rest_route=%2Fwp%2Fv2%2Fmedia&parent=2666"}],"curies":[{"name":"wp","href":"https:\/\/api.w.org\/{rel}","templated":true}]}}