{"id":2664,"date":"2019-04-18T11:16:16","date_gmt":"2019-04-18T11:16:16","guid":{"rendered":"http:\/\/veda.polac.cz\/?page_id=2664"},"modified":"2019-04-18T11:46:45","modified_gmt":"2019-04-18T11:46:45","slug":"6-2","status":"publish","type":"page","link":"https:\/\/veda.polac.cz\/?page_id=2664","title":{"rendered":""},"content":{"rendered":"<p style=\"text-align: center;\">Resum\u00e9 \u010dl\u00e1nku<\/p>\n<p><b>P\u0159\u00edstup Europolu k\u00a0eliminaci bezpe\u010dnostn\u00edch rizik organizovan\u00e9ho zlo\u010dinu<br \/>\n<\/b><i>PhDr. Ivan Budka, Ph.D.<br \/>\n<\/i><i><\/i><\/p>\n<p>Jedno z\u00a0nejz\u00e1va\u017en\u011bj\u0161\u00edch bezpe\u010dnostn\u00edch rizik p\u0159edstavuje pro spole\u010dnost orga-nizovan\u00fd zlo\u010din. Jejich anal\u00fdzu pod\u00e1v\u00e1 dokument \u201eVyhodnocen\u00ed hrozeb organizova-n\u00e9 trestn\u00e9 \u010dinnosti v\u00a0Evropsk\u00e9 unii\u201c, p\u0159ijat\u00fd Spr\u00e1vn\u00ed radou Europolu v\u00a0r. 2006. Stanov\u00ed priority org\u00e1n\u016fm prosazuj\u00edc\u00edm z\u00e1kon, nezbytn\u00e9 pro \u00fasp\u011b\u0161n\u011bj\u0161\u00ed naru\u0161ov\u00e1n\u00ed a zne\u0161kod\u0148ov\u00e1n\u00ed s\u00edt\u00ed organizovan\u00e9ho zlo\u010dinu po cel\u00e9 Evropsk\u00e9 unii.<br \/>\nKl\u00ed\u010dov\u00e1 slova: Evropsk\u00e1 unie, Europol, organizovan\u00fd zlo\u010din, anal\u00fdza bezpe\u010dnostn\u00edch rizik, doporu\u010den\u00ed.<\/p>\n<hr \/>\n<p><a href=\"https:\/\/veda.polac.cz\/?page_id=1660\">Zp\u011bt<\/a><\/p>\n","protected":false},"excerpt":{"rendered":"<p>Resum\u00e9 \u010dl\u00e1nku P\u0159\u00edstup Europolu k\u00a0eliminaci bezpe\u010dnostn\u00edch rizik organizovan\u00e9ho zlo\u010dinu PhDr. Ivan Budka, Ph.D. Jedno z\u00a0nejz\u00e1va\u017en\u011bj\u0161\u00edch bezpe\u010dnostn\u00edch rizik p\u0159edstavuje pro spole\u010dnost orga-nizovan\u00fd zlo\u010din. Jejich anal\u00fdzu pod\u00e1v\u00e1 dokument \u201eVyhodnocen\u00ed hrozeb organizova-n\u00e9 trestn\u00e9 \u010dinnosti v\u00a0Evropsk\u00e9 unii\u201c, p\u0159ijat\u00fd Spr\u00e1vn\u00ed radou Europolu v\u00a0r. 2006. Stanov\u00ed priority org\u00e1n\u016fm prosazuj\u00edc\u00edm z\u00e1kon, nezbytn\u00e9 pro \u00fasp\u011b\u0161n\u011bj\u0161\u00ed naru\u0161ov\u00e1n\u00ed a zne\u0161kod\u0148ov\u00e1n\u00ed s\u00edt\u00ed organizovan\u00e9ho zlo\u010dinu po cel\u00e9 [&hellip;]<\/p>\n","protected":false},"author":2,"featured_media":0,"parent":1660,"menu_order":0,"comment_status":"closed","ping_status":"closed","template":"","meta":{"footnotes":""},"class_list":["post-2664","page","type-page","status-publish","hentry"],"_links":{"self":[{"href":"https:\/\/veda.polac.cz\/index.php?rest_route=\/wp\/v2\/pages\/2664","targetHints":{"allow":["GET"]}}],"collection":[{"href":"https:\/\/veda.polac.cz\/index.php?rest_route=\/wp\/v2\/pages"}],"about":[{"href":"https:\/\/veda.polac.cz\/index.php?rest_route=\/wp\/v2\/types\/page"}],"author":[{"embeddable":true,"href":"https:\/\/veda.polac.cz\/index.php?rest_route=\/wp\/v2\/users\/2"}],"replies":[{"embeddable":true,"href":"https:\/\/veda.polac.cz\/index.php?rest_route=%2Fwp%2Fv2%2Fcomments&post=2664"}],"version-history":[{"count":2,"href":"https:\/\/veda.polac.cz\/index.php?rest_route=\/wp\/v2\/pages\/2664\/revisions"}],"predecessor-version":[{"id":2727,"href":"https:\/\/veda.polac.cz\/index.php?rest_route=\/wp\/v2\/pages\/2664\/revisions\/2727"}],"up":[{"embeddable":true,"href":"https:\/\/veda.polac.cz\/index.php?rest_route=\/wp\/v2\/pages\/1660"}],"wp:attachment":[{"href":"https:\/\/veda.polac.cz\/index.php?rest_route=%2Fwp%2Fv2%2Fmedia&parent=2664"}],"curies":[{"name":"wp","href":"https:\/\/api.w.org\/{rel}","templated":true}]}}