{"id":2662,"date":"2019-04-18T11:14:33","date_gmt":"2019-04-18T11:14:33","guid":{"rendered":"http:\/\/veda.polac.cz\/?page_id=2662"},"modified":"2019-04-18T11:46:43","modified_gmt":"2019-04-18T11:46:43","slug":"5-2","status":"publish","type":"page","link":"https:\/\/veda.polac.cz\/?page_id=2662","title":{"rendered":""},"content":{"rendered":"<p style=\"text-align: center;\">Resum\u00e9 \u010dl\u00e1nku<\/p>\n<p><b>Jak d\u00e1l v\u00a0policejn\u00ed etice?(zamy\u0161len\u00ed nad v\u00fdchodisky)<br \/>\n<\/b><i>PhDr. Petr Nesvadba, CSc.<br \/>\n<\/i><i><\/i><\/p>\n<p>V\u00fdznam policejn\u00ed etiky v\u00a0r\u00e1mci stup\u0148uj\u00edc\u00edch se n\u00e1rok\u016f na v\u00fdkon policejn\u00ed slu\u017eby v\u00a0demokratick\u00e9m pr\u00e1vn\u00edm st\u00e1t\u011b v\u00fdrazn\u011b roste. Podle n\u00e1zoru autora je t\u0159eba tuto discipl\u00ednu rozv\u00edjet nikoli jako souhrn p\u0159edem dan\u00fdch a \u201ehotov\u00fdch\u201c norem a zp\u016fsob\u016f chov\u00e1n\u00ed, jimi\u017e bude \u201evybaven\u201c policista, n\u00fdbr\u017e jako systematickou mor\u00e1ln\u00ed kultivaci jeho osobnosti, p\u011bstov\u00e1n\u00ed schopnosti t\u00e1zat se po hodnotov\u00e9m rozm\u011bru sv\u011bta, \u0159e\u0161it mor\u00e1ln\u00ed dilemata a kriticky reflektovat sv\u00e9 vlastn\u00ed pro\u017e\u00edv\u00e1n\u00ed, chov\u00e1n\u00ed a jedn\u00e1n\u00ed. Tomu by m\u011blo odpov\u00eddat ch\u00e1p\u00e1n\u00ed policejn\u00ed etiky nikoli jako \u201ep\u0159\u00edv\u011bsku\u201c k\u00a0\u00fazce pojat\u00e9mu odborn\u00e9mu profilu policisty, ale jako ned\u00edln\u00e9 vnit\u0159n\u00ed sou\u010d\u00e1sti jeho komplexn\u00ed profesion\u00e1ln\u00ed p\u0159\u00edpravy.<br \/>\nKl\u00ed\u010dov\u00e1 slova: deontologie, hodnoty, normy, policejn\u00ed etika, profesionalita, vzd\u011bl\u00e1v\u00e1n\u00ed.<\/p>\n<hr \/>\n<p><a href=\"https:\/\/veda.polac.cz\/?page_id=1660\">Zp\u011bt<\/a><\/p>\n","protected":false},"excerpt":{"rendered":"<p>Resum\u00e9 \u010dl\u00e1nku Jak d\u00e1l v\u00a0policejn\u00ed etice?(zamy\u0161len\u00ed nad v\u00fdchodisky) PhDr. Petr Nesvadba, CSc. V\u00fdznam policejn\u00ed etiky v\u00a0r\u00e1mci stup\u0148uj\u00edc\u00edch se n\u00e1rok\u016f na v\u00fdkon policejn\u00ed slu\u017eby v\u00a0demokratick\u00e9m pr\u00e1vn\u00edm st\u00e1t\u011b v\u00fdrazn\u011b roste. Podle n\u00e1zoru autora je t\u0159eba tuto discipl\u00ednu rozv\u00edjet nikoli jako souhrn p\u0159edem dan\u00fdch a \u201ehotov\u00fdch\u201c norem a zp\u016fsob\u016f chov\u00e1n\u00ed, jimi\u017e bude \u201evybaven\u201c policista, n\u00fdbr\u017e jako systematickou mor\u00e1ln\u00ed [&hellip;]<\/p>\n","protected":false},"author":2,"featured_media":0,"parent":1660,"menu_order":0,"comment_status":"closed","ping_status":"closed","template":"","meta":{"footnotes":""},"class_list":["post-2662","page","type-page","status-publish","hentry"],"_links":{"self":[{"href":"https:\/\/veda.polac.cz\/index.php?rest_route=\/wp\/v2\/pages\/2662","targetHints":{"allow":["GET"]}}],"collection":[{"href":"https:\/\/veda.polac.cz\/index.php?rest_route=\/wp\/v2\/pages"}],"about":[{"href":"https:\/\/veda.polac.cz\/index.php?rest_route=\/wp\/v2\/types\/page"}],"author":[{"embeddable":true,"href":"https:\/\/veda.polac.cz\/index.php?rest_route=\/wp\/v2\/users\/2"}],"replies":[{"embeddable":true,"href":"https:\/\/veda.polac.cz\/index.php?rest_route=%2Fwp%2Fv2%2Fcomments&post=2662"}],"version-history":[{"count":2,"href":"https:\/\/veda.polac.cz\/index.php?rest_route=\/wp\/v2\/pages\/2662\/revisions"}],"predecessor-version":[{"id":2726,"href":"https:\/\/veda.polac.cz\/index.php?rest_route=\/wp\/v2\/pages\/2662\/revisions\/2726"}],"up":[{"embeddable":true,"href":"https:\/\/veda.polac.cz\/index.php?rest_route=\/wp\/v2\/pages\/1660"}],"wp:attachment":[{"href":"https:\/\/veda.polac.cz\/index.php?rest_route=%2Fwp%2Fv2%2Fmedia&parent=2662"}],"curies":[{"name":"wp","href":"https:\/\/api.w.org\/{rel}","templated":true}]}}