{"id":2660,"date":"2019-04-18T11:12:48","date_gmt":"2019-04-18T11:12:48","guid":{"rendered":"http:\/\/veda.polac.cz\/?page_id=2660"},"modified":"2019-04-18T11:46:40","modified_gmt":"2019-04-18T11:46:40","slug":"4-2","status":"publish","type":"page","link":"https:\/\/veda.polac.cz\/?page_id=2660","title":{"rendered":""},"content":{"rendered":"<p style=\"text-align: center;\">Resum\u00e9 \u010dl\u00e1nku<\/p>\n<p><b>V\u00fdhrady ve\u0159ejn\u00e9ho po\u0159\u00e1dku a bezpe\u010dnosti jako v\u00fdjimky v\u00a0pr\u00e1vu ES<br \/>\n<\/b><i>doc. JUDr. Bohumil Pikna, CSc.<br \/>\n<\/i><i><\/i><\/p>\n<p>Pro \u010dty\u0159i z\u00e1kladn\u00ed svobody Spole\u010denstv\u00ed existuj\u00ed v\u00a0komunit\u00e1rn\u00edm pr\u00e1vu v\u00fdjimky ze z\u00e1sady mezi nimi\u017e jsou t\u0159i obecn\u00e9 v\u00fdjimky spo\u010d\u00edvaj\u00edc\u00ed v\u00a0d\u016fvodech ve\u0159ejn\u00e9ho po\u0159\u00e1dku, ve\u0159ejn\u00e9 bezpe\u010dnosti a ochrany zdrav\u00ed. Ustanoven\u00ed o v\u00fdjimk\u00e1ch jsou obsa-\u017eena ve Smlouv\u011b o zalo\u017een\u00ed Evropsk\u00e9ho spole\u010denstv\u00ed v\u017edy ve vztahu k\u00a0jednotliv\u00fdm svobod\u00e1m a maj\u00ed v\u00a0podstat\u011b obdobn\u00fd obsah. Jejich obsahov\u00fd v\u00fdznam v\u0161ak byl dotv\u00e1\u0159en judikaturou Evropsk\u00e9ho soudn\u00edho dvora. Pojmy ve\u0159ejn\u00fd po\u0159\u00e1dek, ve\u0159ejn\u00e1 bezpe\u010dnost a navazuj\u00edc\u00ed pojmy ochrana zdrav\u00ed a \u017eivota lid\u00ed, ochrana rostlin atp. v\u00a0pr\u00e1vu ES lze pova\u017eovat v\u00a0p\u0159eva\u017euj\u00edc\u00edm v\u00fdznamu za kategorie ekonomick\u00e9, resp. soci\u00e1ln\u011b ekonomick\u00e9. Jejich v\u00fdznam a interpretace jsou v\u0161ak odli\u0161n\u00e9 od n\u011bkter\u00fdch obdobn\u00fdch pojm\u016f ve zb\u00fdvaj\u00edc\u00edch dvou pil\u00ed\u0159\u00edch Evropsk\u00e9 unie.<br \/>\nKl\u00ed\u010dov\u00e1 slova: Evropsk\u00e9 spole\u010denstv\u00ed, v\u00fdhrady, ve\u0159ejn\u00fd po\u0159\u00e1dek, ve\u0159ejn\u00e1 bezpe\u010dnost, ve\u0159ejn\u00e9 zdrav\u00ed, ve\u0159ejn\u00e1 mravnost, \u010dty\u0159i svobody ES.<\/p>\n<hr \/>\n<p><a href=\"https:\/\/veda.polac.cz\/?page_id=1660\">Zp\u011bt<\/a><\/p>\n","protected":false},"excerpt":{"rendered":"<p>Resum\u00e9 \u010dl\u00e1nku V\u00fdhrady ve\u0159ejn\u00e9ho po\u0159\u00e1dku a bezpe\u010dnosti jako v\u00fdjimky v\u00a0pr\u00e1vu ES doc. JUDr. Bohumil Pikna, CSc. Pro \u010dty\u0159i z\u00e1kladn\u00ed svobody Spole\u010denstv\u00ed existuj\u00ed v\u00a0komunit\u00e1rn\u00edm pr\u00e1vu v\u00fdjimky ze z\u00e1sady mezi nimi\u017e jsou t\u0159i obecn\u00e9 v\u00fdjimky spo\u010d\u00edvaj\u00edc\u00ed v\u00a0d\u016fvodech ve\u0159ejn\u00e9ho po\u0159\u00e1dku, ve\u0159ejn\u00e9 bezpe\u010dnosti a ochrany zdrav\u00ed. Ustanoven\u00ed o v\u00fdjimk\u00e1ch jsou obsa-\u017eena ve Smlouv\u011b o zalo\u017een\u00ed Evropsk\u00e9ho spole\u010denstv\u00ed v\u017edy ve [&hellip;]<\/p>\n","protected":false},"author":2,"featured_media":0,"parent":1660,"menu_order":0,"comment_status":"closed","ping_status":"closed","template":"","meta":{"footnotes":""},"class_list":["post-2660","page","type-page","status-publish","hentry"],"_links":{"self":[{"href":"https:\/\/veda.polac.cz\/index.php?rest_route=\/wp\/v2\/pages\/2660","targetHints":{"allow":["GET"]}}],"collection":[{"href":"https:\/\/veda.polac.cz\/index.php?rest_route=\/wp\/v2\/pages"}],"about":[{"href":"https:\/\/veda.polac.cz\/index.php?rest_route=\/wp\/v2\/types\/page"}],"author":[{"embeddable":true,"href":"https:\/\/veda.polac.cz\/index.php?rest_route=\/wp\/v2\/users\/2"}],"replies":[{"embeddable":true,"href":"https:\/\/veda.polac.cz\/index.php?rest_route=%2Fwp%2Fv2%2Fcomments&post=2660"}],"version-history":[{"count":2,"href":"https:\/\/veda.polac.cz\/index.php?rest_route=\/wp\/v2\/pages\/2660\/revisions"}],"predecessor-version":[{"id":2725,"href":"https:\/\/veda.polac.cz\/index.php?rest_route=\/wp\/v2\/pages\/2660\/revisions\/2725"}],"up":[{"embeddable":true,"href":"https:\/\/veda.polac.cz\/index.php?rest_route=\/wp\/v2\/pages\/1660"}],"wp:attachment":[{"href":"https:\/\/veda.polac.cz\/index.php?rest_route=%2Fwp%2Fv2%2Fmedia&parent=2660"}],"curies":[{"name":"wp","href":"https:\/\/api.w.org\/{rel}","templated":true}]}}