{"id":2658,"date":"2019-04-18T11:10:57","date_gmt":"2019-04-18T11:10:57","guid":{"rendered":"http:\/\/veda.polac.cz\/?page_id=2658"},"modified":"2019-04-18T11:46:37","modified_gmt":"2019-04-18T11:46:37","slug":"3-2","status":"publish","type":"page","link":"https:\/\/veda.polac.cz\/?page_id=2658","title":{"rendered":""},"content":{"rendered":"<p style=\"text-align: center;\">Resum\u00e9 \u010dl\u00e1nku<\/p>\n<p><a name=\"_Toc119290084\"><\/a><b>Glob\u00e1lny soci\u00e1lny chaos &#8211; ako vonkaj\u0161ia hrozba pre vn\u00fatorn\u00fa bezpe\u010dnos\u0165 \u0161t\u00e1tov<i><br \/>\n<\/i><\/b><i>doc. Dr. \u0160tefan Volner, CSc.<\/i><b><i><br \/>\n<\/i><\/b><i><\/i><\/p>\n<p>Politika glob\u00e1lneho exponenci\u00e1lneho ekonomick\u00e9ho rastu negat\u00edvne ovplyv\u0148uje i\u00a0soci\u00e1lnu \u0161trukt\u00faru spolo\u010dnosti, jej rovnov\u00e1hu a\u00a0vyv\u00e1\u017eenos\u0165. Reakciou na glob\u00e1lny exponenci\u00e1lny rast obyvate\u013estva, glob\u00e1lnu neekologick\u00fa v\u00fdrobu, glob\u00e1lnu \u201esebeck\u00fa\u201c a \u201esebazni\u010duj\u00facu\u201c spotrebu bude glob\u00e1lny soci\u00e1lny pohyb a\u00a0odpor.<br \/>\nGlob\u00e1lny soci\u00e1lny chaos je n\u00e1sledkom narastaj\u00facich soci\u00e1lnych probl\u00e9mov \u013eudstva, ktor\u00e9 mo\u017eno zaradi\u0165 do kateg\u00f3ri\u00ed glob\u00e1lnych &#8211; civiliza\u010dn\u00e9 choroby, hyperakti-vita ml\u00e1de\u017ee, skracovanie voln\u00e9ho \u010dasu ml\u00e1de\u017ee, zadl\u017eovanie ml\u00e1de\u017ee, z\u00e1vislos\u0165 od mobilu a\u00a0internetu, rast pova\u013ea\u010dov a\u00a0asoci\u00e1lnych nezamestnan\u00fdch, sexu\u00e1lne zneu\u017e\u00edt-vanie, zotro\u010dovanie, n\u00faten\u00e1 pr\u00e1ca, prostit\u00facia, zneu\u017e\u00edvanie det\u00ed na pr\u00e1cu, otroctvo, zlo\u010din, drogy, mafie, korupcia at\u010f. Dnes u\u017e nikto nepochybuje o\u00a0tom, \u017ee tieto glob\u00e1lne pohyby zasahuj\u00fa aj ostatn\u00e9 \u0161t\u00e1ty &#8211; nevylu\u010duj\u00fac ani \u010cesk\u00fa republiku &#8211; a\u00a0ohrozuj\u00facich bezpe\u010dnos\u0165.<br \/>\nKl\u00ed\u010dov\u00e1 slova: soci\u00e1ln\u00ed struktura, bezpe\u010dnost, ekonomick\u00e1 globalizace, organizovan\u00fd zlo\u010din.<\/p>\n<hr \/>\n<p><a href=\"https:\/\/veda.polac.cz\/?page_id=1660\">Zp\u011bt<\/a><\/p>\n","protected":false},"excerpt":{"rendered":"<p>Resum\u00e9 \u010dl\u00e1nku Glob\u00e1lny soci\u00e1lny chaos &#8211; ako vonkaj\u0161ia hrozba pre vn\u00fatorn\u00fa bezpe\u010dnos\u0165 \u0161t\u00e1tov doc. Dr. \u0160tefan Volner, CSc. Politika glob\u00e1lneho exponenci\u00e1lneho ekonomick\u00e9ho rastu negat\u00edvne ovplyv\u0148uje i\u00a0soci\u00e1lnu \u0161trukt\u00faru spolo\u010dnosti, jej rovnov\u00e1hu a\u00a0vyv\u00e1\u017eenos\u0165. Reakciou na glob\u00e1lny exponenci\u00e1lny rast obyvate\u013estva, glob\u00e1lnu neekologick\u00fa v\u00fdrobu, glob\u00e1lnu \u201esebeck\u00fa\u201c a \u201esebazni\u010duj\u00facu\u201c spotrebu bude glob\u00e1lny soci\u00e1lny pohyb a\u00a0odpor. Glob\u00e1lny soci\u00e1lny chaos je n\u00e1sledkom [&hellip;]<\/p>\n","protected":false},"author":2,"featured_media":0,"parent":1660,"menu_order":0,"comment_status":"closed","ping_status":"closed","template":"","meta":{"footnotes":""},"class_list":["post-2658","page","type-page","status-publish","hentry"],"_links":{"self":[{"href":"https:\/\/veda.polac.cz\/index.php?rest_route=\/wp\/v2\/pages\/2658","targetHints":{"allow":["GET"]}}],"collection":[{"href":"https:\/\/veda.polac.cz\/index.php?rest_route=\/wp\/v2\/pages"}],"about":[{"href":"https:\/\/veda.polac.cz\/index.php?rest_route=\/wp\/v2\/types\/page"}],"author":[{"embeddable":true,"href":"https:\/\/veda.polac.cz\/index.php?rest_route=\/wp\/v2\/users\/2"}],"replies":[{"embeddable":true,"href":"https:\/\/veda.polac.cz\/index.php?rest_route=%2Fwp%2Fv2%2Fcomments&post=2658"}],"version-history":[{"count":2,"href":"https:\/\/veda.polac.cz\/index.php?rest_route=\/wp\/v2\/pages\/2658\/revisions"}],"predecessor-version":[{"id":2724,"href":"https:\/\/veda.polac.cz\/index.php?rest_route=\/wp\/v2\/pages\/2658\/revisions\/2724"}],"up":[{"embeddable":true,"href":"https:\/\/veda.polac.cz\/index.php?rest_route=\/wp\/v2\/pages\/1660"}],"wp:attachment":[{"href":"https:\/\/veda.polac.cz\/index.php?rest_route=%2Fwp%2Fv2%2Fmedia&parent=2658"}],"curies":[{"name":"wp","href":"https:\/\/api.w.org\/{rel}","templated":true}]}}