{"id":2656,"date":"2019-04-18T11:08:39","date_gmt":"2019-04-18T11:08:39","guid":{"rendered":"http:\/\/veda.polac.cz\/?page_id=2656"},"modified":"2019-04-18T11:46:35","modified_gmt":"2019-04-18T11:46:35","slug":"2-2","status":"publish","type":"page","link":"https:\/\/veda.polac.cz\/?page_id=2656","title":{"rendered":""},"content":{"rendered":"<p style=\"text-align: center;\">Resum\u00e9 \u010dl\u00e1nku<\/p>\n<p><b>Realita a mo\u017enosti kyberterorismu<br \/>\n<\/b><i>plk. doc. PhDr. Marian Brzybohat\u00fd, Ph.D.<br \/>\n<\/i><i><\/i><\/p>\n<p>\u010cl\u00e1nek se zab\u00fdv\u00e1 problematikou kyberterorismu. P\u0159esto\u017ee kyber\u00fatoky nejsou v\u00a0sou\u010dasn\u00e9 dob\u011b standardn\u00edm n\u00e1strojem terorist\u016f, pravd\u011bpodobnost jejich pou\u017eit\u00ed vzhledem k technologick\u00e9mu rozvoji a k dostupnosti pot\u0159ebn\u00fdch informac\u00ed nar\u016fst\u00e1. Jak\u00e9koliv naru\u0161en\u00ed toku dat a informac\u00ed v\u011bt\u0161\u00edho rozsahu by vedlo k politick\u00fdm, ekonomick\u00fdm a soci\u00e1ln\u00edm ot\u0159es\u016fm a to je d\u016fvod pro\u010d je nutn\u00e9 o t\u00e9to mo\u017enosti uva\u017eovat a pro\u010d na ni mus\u00edme b\u00fdt p\u0159ipraveni.<br \/>\nKl\u00ed\u010dov\u00e1 slova: kyberterorimus, internet, terorismus, bezpe\u010dnost.<\/p>\n<hr \/>\n<p><a href=\"https:\/\/veda.polac.cz\/?page_id=1660\">Zp\u011bt<\/a><\/p>\n","protected":false},"excerpt":{"rendered":"<p>Resum\u00e9 \u010dl\u00e1nku Realita a mo\u017enosti kyberterorismu plk. doc. PhDr. Marian Brzybohat\u00fd, Ph.D. \u010cl\u00e1nek se zab\u00fdv\u00e1 problematikou kyberterorismu. P\u0159esto\u017ee kyber\u00fatoky nejsou v\u00a0sou\u010dasn\u00e9 dob\u011b standardn\u00edm n\u00e1strojem terorist\u016f, pravd\u011bpodobnost jejich pou\u017eit\u00ed vzhledem k technologick\u00e9mu rozvoji a k dostupnosti pot\u0159ebn\u00fdch informac\u00ed nar\u016fst\u00e1. Jak\u00e9koliv naru\u0161en\u00ed toku dat a informac\u00ed v\u011bt\u0161\u00edho rozsahu by vedlo k politick\u00fdm, ekonomick\u00fdm a soci\u00e1ln\u00edm ot\u0159es\u016fm a [&hellip;]<\/p>\n","protected":false},"author":2,"featured_media":0,"parent":1660,"menu_order":0,"comment_status":"closed","ping_status":"closed","template":"","meta":{"footnotes":""},"class_list":["post-2656","page","type-page","status-publish","hentry"],"_links":{"self":[{"href":"https:\/\/veda.polac.cz\/index.php?rest_route=\/wp\/v2\/pages\/2656","targetHints":{"allow":["GET"]}}],"collection":[{"href":"https:\/\/veda.polac.cz\/index.php?rest_route=\/wp\/v2\/pages"}],"about":[{"href":"https:\/\/veda.polac.cz\/index.php?rest_route=\/wp\/v2\/types\/page"}],"author":[{"embeddable":true,"href":"https:\/\/veda.polac.cz\/index.php?rest_route=\/wp\/v2\/users\/2"}],"replies":[{"embeddable":true,"href":"https:\/\/veda.polac.cz\/index.php?rest_route=%2Fwp%2Fv2%2Fcomments&post=2656"}],"version-history":[{"count":2,"href":"https:\/\/veda.polac.cz\/index.php?rest_route=\/wp\/v2\/pages\/2656\/revisions"}],"predecessor-version":[{"id":2723,"href":"https:\/\/veda.polac.cz\/index.php?rest_route=\/wp\/v2\/pages\/2656\/revisions\/2723"}],"up":[{"embeddable":true,"href":"https:\/\/veda.polac.cz\/index.php?rest_route=\/wp\/v2\/pages\/1660"}],"wp:attachment":[{"href":"https:\/\/veda.polac.cz\/index.php?rest_route=%2Fwp%2Fv2%2Fmedia&parent=2656"}],"curies":[{"name":"wp","href":"https:\/\/api.w.org\/{rel}","templated":true}]}}