{"id":2654,"date":"2019-04-18T11:06:57","date_gmt":"2019-04-18T11:06:57","guid":{"rendered":"http:\/\/veda.polac.cz\/?page_id=2654"},"modified":"2019-04-18T11:46:13","modified_gmt":"2019-04-18T11:46:13","slug":"1-2","status":"publish","type":"page","link":"https:\/\/veda.polac.cz\/?page_id=2654","title":{"rendered":""},"content":{"rendered":"<p style=\"text-align: center;\">Resum\u00e9 \u010dl\u00e1nku<\/p>\n<p><strong>Bodov\u00e9 syst\u00e9my v\u00a0Evropsk\u00e9 unii<br \/>\n<\/strong><i>doc. PhDr. Kamil Pavl\u00ed\u010dek, CSc., pplk. Mgr. David Z\u00e1mek<br \/>\n<\/i><i><\/i><\/p>\n<p>Zkoum\u00e1n\u00ed bezpe\u010dn\u00e9ho chov\u00e1n\u00ed \u00fa\u010dastn\u00edk\u016f silni\u010dn\u00edho provozu je p\u0159edm\u011btem celospole\u010densk\u00e9ho z\u00e1jmu nejen v podm\u00ednk\u00e1ch \u010cesk\u00e9 republiky, ale v\u0161ech \u010dlensk\u00fdch st\u00e1t\u016f Evropsk\u00e9 unie. Hled\u00e1n\u00ed \u00fa\u010dinn\u00e9ho prost\u0159edku ovliv\u0148ov\u00e1n\u00ed dopravn\u00edho chov\u00e1n\u00ed je \u00fazce spjato s legislativn\u00edm utv\u00e1\u0159en\u00edm nov\u00fdch, syst\u00e9mov\u00fdch opat\u0159en\u00ed v r\u00e1mci jednoty prevence a represe. Jedn\u00edm z hlavn\u00edch jsou tzv. bodov\u00e9 syst\u00e9my, kter\u00e9 jsou celo-sv\u011btov\u011b zn\u00e1my a jsou konstruov\u00e1ny v\u00fdrazn\u011b na dopravn\u011b bezpe\u010dnostn\u00ed podm\u00ednky jednotliv\u00fdch st\u00e1t\u016f. N\u00e1stin mo\u017en\u00e9 teorie bodov\u00e9ho syst\u00e9mu vych\u00e1z\u00ed z\u00a0komparativn\u00edho pojet\u00ed odli\u0161nost\u00ed t\u011bchto syst\u00e9m\u016f ve st\u00e1tech EU a ukazuje na p\u0159ednosti a nedostatky r\u016fzn\u00fdch ji\u017e pr\u00e1vn\u011b zakotven\u00fdch model\u016f. Sou\u010dasn\u011b hypoteticky uva\u017euje o jejich dal\u0161\u00edm mo\u017en\u00e9m v\u00fdvoji a harmonizaci v podm\u00ednk\u00e1ch evropsk\u00e9ho spole\u010denstv\u00ed.<br \/>\nKl\u00ed\u010dov\u00e1 slova: policie, bodov\u00e9 syst\u00e9my, EU.<\/p>\n<hr \/>\n<p><a href=\"https:\/\/veda.polac.cz\/?page_id=1660\">Zp\u011bt<\/a><\/p>\n","protected":false},"excerpt":{"rendered":"<p>Resum\u00e9 \u010dl\u00e1nku Bodov\u00e9 syst\u00e9my v\u00a0Evropsk\u00e9 unii doc. PhDr. Kamil Pavl\u00ed\u010dek, CSc., pplk. Mgr. David Z\u00e1mek Zkoum\u00e1n\u00ed bezpe\u010dn\u00e9ho chov\u00e1n\u00ed \u00fa\u010dastn\u00edk\u016f silni\u010dn\u00edho provozu je p\u0159edm\u011btem celospole\u010densk\u00e9ho z\u00e1jmu nejen v podm\u00ednk\u00e1ch \u010cesk\u00e9 republiky, ale v\u0161ech \u010dlensk\u00fdch st\u00e1t\u016f Evropsk\u00e9 unie. Hled\u00e1n\u00ed \u00fa\u010dinn\u00e9ho prost\u0159edku ovliv\u0148ov\u00e1n\u00ed dopravn\u00edho chov\u00e1n\u00ed je \u00fazce spjato s legislativn\u00edm utv\u00e1\u0159en\u00edm nov\u00fdch, syst\u00e9mov\u00fdch opat\u0159en\u00ed v r\u00e1mci jednoty prevence [&hellip;]<\/p>\n","protected":false},"author":2,"featured_media":0,"parent":1660,"menu_order":0,"comment_status":"closed","ping_status":"closed","template":"","meta":{"footnotes":""},"class_list":["post-2654","page","type-page","status-publish","hentry"],"_links":{"self":[{"href":"https:\/\/veda.polac.cz\/index.php?rest_route=\/wp\/v2\/pages\/2654","targetHints":{"allow":["GET"]}}],"collection":[{"href":"https:\/\/veda.polac.cz\/index.php?rest_route=\/wp\/v2\/pages"}],"about":[{"href":"https:\/\/veda.polac.cz\/index.php?rest_route=\/wp\/v2\/types\/page"}],"author":[{"embeddable":true,"href":"https:\/\/veda.polac.cz\/index.php?rest_route=\/wp\/v2\/users\/2"}],"replies":[{"embeddable":true,"href":"https:\/\/veda.polac.cz\/index.php?rest_route=%2Fwp%2Fv2%2Fcomments&post=2654"}],"version-history":[{"count":2,"href":"https:\/\/veda.polac.cz\/index.php?rest_route=\/wp\/v2\/pages\/2654\/revisions"}],"predecessor-version":[{"id":2716,"href":"https:\/\/veda.polac.cz\/index.php?rest_route=\/wp\/v2\/pages\/2654\/revisions\/2716"}],"up":[{"embeddable":true,"href":"https:\/\/veda.polac.cz\/index.php?rest_route=\/wp\/v2\/pages\/1660"}],"wp:attachment":[{"href":"https:\/\/veda.polac.cz\/index.php?rest_route=%2Fwp%2Fv2%2Fmedia&parent=2654"}],"curies":[{"name":"wp","href":"https:\/\/api.w.org\/{rel}","templated":true}]}}