{"id":2426,"date":"2019-04-17T11:42:46","date_gmt":"2019-04-17T11:42:46","guid":{"rendered":"http:\/\/veda.polac.cz\/?page_id=2426"},"modified":"2019-04-17T16:54:00","modified_gmt":"2019-04-17T16:54:00","slug":"15-2","status":"publish","type":"page","link":"https:\/\/veda.polac.cz\/?page_id=2426","title":{"rendered":""},"content":{"rendered":"\n<p><\/p>\n\n\n<p style=\"text-align: center;\">Resum\u00e9 \u010dl\u00e1nku<\/p>\n<p><strong>Rozvoj technick\u00fdch prost\u0159edk\u016f chemick\u00e9ho vojska Arm\u00e1dy \u010cesk\u00e9 republiky<\/strong><br \/><i>pplk. doc. Ing. Pavel Ot\u0159\u00edsal, Ph.D., MBA, Ing. Petr \u017duja, Ph.D.<br \/>Univerzita obrany Brno, \u00dastav ochrany proti zbran\u00edm hromadn\u00e9ho ni\u010den\u00ed<\/i><\/p>\n<p>\u00a0<\/p>\n<p><i><\/i>Nasazen\u00ed a pou\u017eit\u00ed jednotek chemick\u00e9ho vojska vych\u00e1z\u00ed z po\u017eadavk\u016f na realizaci chemick\u00e9ho zabezpe\u010den\u00ed, na ochranu proti zbran\u00edm hromadn\u00e9ho ni\u010den\u00ed a pr\u016fmyslov\u00fdm nebezpe\u010dn\u00fdm l\u00e1tk\u00e1m v cel\u00e9m spektru \u010dinnost\u00ed v p\u0159\u00edpad\u011b, pokud uva\u017eujeme o vojensk\u00fdch operac\u00edch. Chemick\u00e9 vojsko Arm\u00e1dy \u010cesk\u00e9 republiky je ur\u010deno k pln\u011bn\u00ed nejslo\u017eit\u011bj\u0161\u00edch \u00fakol\u016f vypl\u00fdvaj\u00edc\u00edch z reakce na krizov\u00e9 situace spojen\u00e9 se zbran\u011bmi hromadn\u00e9ho ni\u010den\u00ed a \u00faniky pr\u016fmyslov\u00fdch nebezpe\u010dn\u00fdch l\u00e1tek. \u010cl\u00e1nek se zab\u00fdv\u00e1 nejnov\u011bj\u0161\u00edmi technick\u00fdmi prost\u0159edky a za\u0159\u00edzen\u00edmi dekontaminace a monitorov\u00e1n\u00ed \u00farovn\u011b radia\u010dn\u00ed, chemick\u00e9 a biologick\u00e9 kontaminace, kter\u00e9 byly v ned\u00e1vn\u00e9 dob\u011b zavedeny do v\u00fdzbroje jednotek a \u00fatvar\u016f chemick\u00e9ho vojska Arm\u00e1dy \u010cesk\u00e9 republiky. Specialist\u00e9 \u00dastavu ochrany proti zbran\u00edm hromadn\u00e9ho ni\u010den\u00ed se pod\u00edleli na procesu v\u00fdvoje, v\u00fdroby, testov\u00e1n\u00ed a zav\u00e1d\u011bn\u00ed uveden\u00fdch prost\u0159edk\u016f do praktick\u00e9 \u010dinnosti vojsk.<br \/><strong>Kl\u00ed\u010dov\u00e1 slova:<\/strong>\u00a0Arm\u00e1da \u010cesk\u00e9 republiky, chemick\u00e9 vojsko, dekontaminace, monitorov\u00e1n\u00ed, chemick\u00fd, biologick\u00fd, radiologick\u00fd a jadern\u00fd, pr\u016fzkum.<\/p>\n<hr \/>\n<p><a href=\"https:\/\/veda.polac.cz\/?page_id=2321\">Zp\u011bt<\/a><\/p>\n<p>\u00a0<\/p>","protected":false},"excerpt":{"rendered":"<p>Resum\u00e9 \u010dl\u00e1nku Rozvoj technick\u00fdch prost\u0159edk\u016f chemick\u00e9ho vojska Arm\u00e1dy \u010cesk\u00e9 republikypplk. doc. Ing. Pavel Ot\u0159\u00edsal, Ph.D., MBA, Ing. Petr \u017duja, Ph.D.Univerzita obrany Brno, \u00dastav ochrany proti zbran\u00edm hromadn\u00e9ho ni\u010den\u00ed \u00a0 Nasazen\u00ed a pou\u017eit\u00ed jednotek chemick\u00e9ho vojska vych\u00e1z\u00ed z po\u017eadavk\u016f na realizaci chemick\u00e9ho zabezpe\u010den\u00ed, na ochranu proti zbran\u00edm hromadn\u00e9ho ni\u010den\u00ed a pr\u016fmyslov\u00fdm nebezpe\u010dn\u00fdm l\u00e1tk\u00e1m v cel\u00e9m spektru [&hellip;]<\/p>\n","protected":false},"author":2,"featured_media":0,"parent":2321,"menu_order":0,"comment_status":"closed","ping_status":"closed","template":"","meta":{"footnotes":""},"class_list":["post-2426","page","type-page","status-publish","hentry"],"_links":{"self":[{"href":"https:\/\/veda.polac.cz\/index.php?rest_route=\/wp\/v2\/pages\/2426","targetHints":{"allow":["GET"]}}],"collection":[{"href":"https:\/\/veda.polac.cz\/index.php?rest_route=\/wp\/v2\/pages"}],"about":[{"href":"https:\/\/veda.polac.cz\/index.php?rest_route=\/wp\/v2\/types\/page"}],"author":[{"embeddable":true,"href":"https:\/\/veda.polac.cz\/index.php?rest_route=\/wp\/v2\/users\/2"}],"replies":[{"embeddable":true,"href":"https:\/\/veda.polac.cz\/index.php?rest_route=%2Fwp%2Fv2%2Fcomments&post=2426"}],"version-history":[{"count":3,"href":"https:\/\/veda.polac.cz\/index.php?rest_route=\/wp\/v2\/pages\/2426\/revisions"}],"predecessor-version":[{"id":2506,"href":"https:\/\/veda.polac.cz\/index.php?rest_route=\/wp\/v2\/pages\/2426\/revisions\/2506"}],"up":[{"embeddable":true,"href":"https:\/\/veda.polac.cz\/index.php?rest_route=\/wp\/v2\/pages\/2321"}],"wp:attachment":[{"href":"https:\/\/veda.polac.cz\/index.php?rest_route=%2Fwp%2Fv2%2Fmedia&parent=2426"}],"curies":[{"name":"wp","href":"https:\/\/api.w.org\/{rel}","templated":true}]}}