{"id":2422,"date":"2019-04-17T11:40:17","date_gmt":"2019-04-17T11:40:17","guid":{"rendered":"http:\/\/veda.polac.cz\/?page_id=2422"},"modified":"2019-04-17T16:50:56","modified_gmt":"2019-04-17T16:50:56","slug":"13-2","status":"publish","type":"page","link":"https:\/\/veda.polac.cz\/?page_id=2422","title":{"rendered":""},"content":{"rendered":"<p style=\"text-align: center;\">Resum\u00e9 \u010dl\u00e1nku<\/p>\n<p><strong>Anonymizace skute\u010dn\u00e9ho vlastn\u00edka<\/strong><br \/>\n<i>Ing. Vratislav Dvo\u0159\u00e1k, PhD., Policejn\u00ed akademie \u010cR v Praze<br \/>\nFakulta bezpe\u010dnostn\u011b pr\u00e1vn\u00ed, katedra krimin\u00e1ln\u00ed policie<\/i><\/p>\n<p><i><\/i>\u010cl\u00e1nek tematizuje postupy tzv. modern\u00edho organizovan\u00e9ho zlo\u010dinu p\u0159i leg\u00e1ln\u00edm \u010di neleg\u00e1ln\u00edm nab\u00fdv\u00e1n\u00ed majetku a jeho anonymizaci. Poukazuje na mo\u017enosti skr\u00fdv\u00e1n\u00ed takov\u00e9ho majetku a zast\u00edr\u00e1n\u00ed struktur skute\u010dn\u00fdch vlastn\u00edk\u016f obchodn\u00edch spole\u010dnost\u00ed. V z\u00e1v\u011bru popisuje opat\u0159en\u00ed, kter\u00e1 jsou p\u0159ij\u00edm\u00e1na v souvislosti se zji\u0161\u0165ov\u00e1n\u00edm skute\u010dn\u00e9ho majitele v \u010cesk\u00e9 republice. \u010cl\u00e1nek vych\u00e1z\u00ed ze studie v\u00fdzkumn\u00e9ho \u00fakolu Institutu pro kriminologii a soci\u00e1ln\u00ed prevenci. &#8222;Organizovan\u00fd zlo\u010din na \u00fazem\u00ed \u010cesk\u00e9 republiky &#8211; v\u00fdvoj, mo\u017en\u00e9 kriminogenn\u00ed faktory, vybran\u00e9 aktivity a pr\u00e1vn\u00ed n\u00e1stroje postihu&#8220;.<br \/>\n<strong>Kl\u00ed\u010dov\u00e1 slova:<\/strong>\u00a0Modern\u00ed organizovan\u00fd zlo\u010din, anonymizace majetku, skute\u010dn\u00fd majitel.<\/p>\n<hr \/>\n<p><a href=\"https:\/\/veda.polac.cz\/?page_id=2321\">Zp\u011bt<\/a><\/p>\n","protected":false},"excerpt":{"rendered":"<p>Resum\u00e9 \u010dl\u00e1nku Anonymizace skute\u010dn\u00e9ho vlastn\u00edka Ing. Vratislav Dvo\u0159\u00e1k, PhD., Policejn\u00ed akademie \u010cR v Praze Fakulta bezpe\u010dnostn\u011b pr\u00e1vn\u00ed, katedra krimin\u00e1ln\u00ed policie \u010cl\u00e1nek tematizuje postupy tzv. modern\u00edho organizovan\u00e9ho zlo\u010dinu p\u0159i leg\u00e1ln\u00edm \u010di neleg\u00e1ln\u00edm nab\u00fdv\u00e1n\u00ed majetku a jeho anonymizaci. Poukazuje na mo\u017enosti skr\u00fdv\u00e1n\u00ed takov\u00e9ho majetku a zast\u00edr\u00e1n\u00ed struktur skute\u010dn\u00fdch vlastn\u00edk\u016f obchodn\u00edch spole\u010dnost\u00ed. V z\u00e1v\u011bru popisuje opat\u0159en\u00ed, kter\u00e1 jsou [&hellip;]<\/p>\n","protected":false},"author":2,"featured_media":0,"parent":2321,"menu_order":0,"comment_status":"closed","ping_status":"closed","template":"","meta":{"footnotes":""},"class_list":["post-2422","page","type-page","status-publish","hentry"],"_links":{"self":[{"href":"https:\/\/veda.polac.cz\/index.php?rest_route=\/wp\/v2\/pages\/2422","targetHints":{"allow":["GET"]}}],"collection":[{"href":"https:\/\/veda.polac.cz\/index.php?rest_route=\/wp\/v2\/pages"}],"about":[{"href":"https:\/\/veda.polac.cz\/index.php?rest_route=\/wp\/v2\/types\/page"}],"author":[{"embeddable":true,"href":"https:\/\/veda.polac.cz\/index.php?rest_route=\/wp\/v2\/users\/2"}],"replies":[{"embeddable":true,"href":"https:\/\/veda.polac.cz\/index.php?rest_route=%2Fwp%2Fv2%2Fcomments&post=2422"}],"version-history":[{"count":3,"href":"https:\/\/veda.polac.cz\/index.php?rest_route=\/wp\/v2\/pages\/2422\/revisions"}],"predecessor-version":[{"id":2500,"href":"https:\/\/veda.polac.cz\/index.php?rest_route=\/wp\/v2\/pages\/2422\/revisions\/2500"}],"up":[{"embeddable":true,"href":"https:\/\/veda.polac.cz\/index.php?rest_route=\/wp\/v2\/pages\/2321"}],"wp:attachment":[{"href":"https:\/\/veda.polac.cz\/index.php?rest_route=%2Fwp%2Fv2%2Fmedia&parent=2422"}],"curies":[{"name":"wp","href":"https:\/\/api.w.org\/{rel}","templated":true}]}}