{"id":2420,"date":"2019-04-17T11:39:18","date_gmt":"2019-04-17T11:39:18","guid":{"rendered":"http:\/\/veda.polac.cz\/?page_id=2420"},"modified":"2019-04-17T15:38:09","modified_gmt":"2019-04-17T15:38:09","slug":"12-2","status":"publish","type":"page","link":"https:\/\/veda.polac.cz\/?page_id=2420","title":{"rendered":""},"content":{"rendered":"<p style=\"text-align: center;\">Resum\u00e9 \u010dl\u00e1nku<\/p>\n<p><strong>Jak st\u00e1rne \u010desk\u00e1 v\u011bze\u0148sk\u00e1 populace?<\/strong><br \/>\n<i>Mgr. Eva Biedermanov\u00e1, Institut pro kriminologii a soci\u00e1ln\u00ed prevenci Praha<\/i><\/p>\n<p>\u010cl\u00e1nek upozor\u0148uje prost\u0159ednictv\u00edm dostupn\u00fdch statistick\u00fdch \u00fadaj\u016f na zvy\u0161uj\u00edc\u00ed se po\u010det st\u00e1rnouc\u00edch osob ve v\u00fdkonu trestu odn\u011bt\u00ed svobody v \u010desk\u00fdch v\u011bznic\u00edch. Poukazuje kr\u00e1tce na specifika t\u00e9to skupiny osob vypl\u00fdvaj\u00edc\u00ed mimo jin\u00e9 z proveden\u00e9ho v\u00fdzkumu trvale pracovn\u011b neza\u0159aditeln\u00fdch osob ve V\u011bznici Pardubice a na zku\u0161enosti p\u0159i pr\u00e1ci s n\u00ed v sousedn\u00edm Polsku.<\/p>\n<p>Autorka avizuje nedostate\u010dn\u00fd z\u00e1jem o st\u00e1rnouc\u00ed osoby ve v\u011bznic\u00edch ze strany v\u00fdzkumn\u00edk\u016f, zp\u016fsoben\u00fd pravd\u011bpodobn\u011b n\u00edzk\u00fdm absolutn\u00edm po\u010dtem t\u011bchto osob ve v\u00fdkonu trestu a s t\u00edm souvisej\u00edc\u00ed nedostatek dat, kter\u00fd by umo\u017enil analyzovat st\u00e1vaj\u00edc\u00ed situaci a p\u0159ijmout pot\u0159ebn\u00e1 opat\u0159en\u00ed do budoucnosti.<br \/>\n<strong>Kl\u00ed\u010dov\u00e1 slova:<\/strong>\u00a0Koncepce v\u011bze\u0148stv\u00ed do roku 2025, sebevra\u017edy senior\u016f, \u010desk\u00e1 v\u011bze\u0148sk\u00e1 populace seniorsk\u00e9ho v\u011bku, trvale pracovn\u011b neza\u0159aditeln\u00e9 osoby.<\/p>\n<hr \/>\n<p><a href=\"https:\/\/veda.polac.cz\/?page_id=2321\">Zp\u011bt<\/a><\/p>\n","protected":false},"excerpt":{"rendered":"<p>Resum\u00e9 \u010dl\u00e1nku Jak st\u00e1rne \u010desk\u00e1 v\u011bze\u0148sk\u00e1 populace? Mgr. Eva Biedermanov\u00e1, Institut pro kriminologii a soci\u00e1ln\u00ed prevenci Praha \u010cl\u00e1nek upozor\u0148uje prost\u0159ednictv\u00edm dostupn\u00fdch statistick\u00fdch \u00fadaj\u016f na zvy\u0161uj\u00edc\u00ed se po\u010det st\u00e1rnouc\u00edch osob ve v\u00fdkonu trestu odn\u011bt\u00ed svobody v \u010desk\u00fdch v\u011bznic\u00edch. Poukazuje kr\u00e1tce na specifika t\u00e9to skupiny osob vypl\u00fdvaj\u00edc\u00ed mimo jin\u00e9 z proveden\u00e9ho v\u00fdzkumu trvale pracovn\u011b neza\u0159aditeln\u00fdch osob ve [&hellip;]<\/p>\n","protected":false},"author":2,"featured_media":0,"parent":2321,"menu_order":0,"comment_status":"closed","ping_status":"closed","template":"","meta":{"footnotes":""},"class_list":["post-2420","page","type-page","status-publish","hentry"],"_links":{"self":[{"href":"https:\/\/veda.polac.cz\/index.php?rest_route=\/wp\/v2\/pages\/2420","targetHints":{"allow":["GET"]}}],"collection":[{"href":"https:\/\/veda.polac.cz\/index.php?rest_route=\/wp\/v2\/pages"}],"about":[{"href":"https:\/\/veda.polac.cz\/index.php?rest_route=\/wp\/v2\/types\/page"}],"author":[{"embeddable":true,"href":"https:\/\/veda.polac.cz\/index.php?rest_route=\/wp\/v2\/users\/2"}],"replies":[{"embeddable":true,"href":"https:\/\/veda.polac.cz\/index.php?rest_route=%2Fwp%2Fv2%2Fcomments&post=2420"}],"version-history":[{"count":3,"href":"https:\/\/veda.polac.cz\/index.php?rest_route=\/wp\/v2\/pages\/2420\/revisions"}],"predecessor-version":[{"id":2497,"href":"https:\/\/veda.polac.cz\/index.php?rest_route=\/wp\/v2\/pages\/2420\/revisions\/2497"}],"up":[{"embeddable":true,"href":"https:\/\/veda.polac.cz\/index.php?rest_route=\/wp\/v2\/pages\/2321"}],"wp:attachment":[{"href":"https:\/\/veda.polac.cz\/index.php?rest_route=%2Fwp%2Fv2%2Fmedia&parent=2420"}],"curies":[{"name":"wp","href":"https:\/\/api.w.org\/{rel}","templated":true}]}}